{"id":2714,"date":"2025-02-18T10:45:33","date_gmt":"2025-02-18T09:45:33","guid":{"rendered":"https:\/\/wiejskieprzysmaki.estima.site\/produkt\/sos-salsa-lagodny-bezglutenowy-bio-260-g-amaizin\/"},"modified":"2025-02-18T10:45:38","modified_gmt":"2025-02-18T09:45:38","slug":"sos-salsa-lagodny-bezglutenowy-bio-260-g-amaizin","status":"publish","type":"product","link":"https:\/\/wiejskieprzysmaki.estima.site\/en\/product\/sos-salsa-lagodny-bezglutenowy-bio-260-g-amaizin\/","title":{"rendered":"SOS SALSA \u0141AGODNY BEZGLUTENOWY BIO 260 g &#8211; AMAIZIN"},"content":{"rendered":"<p>SK\u0141ADNIKI<br \/>koncentrat pomidorowy*, cebula*, ocet*, syrop kukurydziany*, papryka czerwona*, papryka zielona*, skrobia ry\u017cowa*, s\u00f3l morska, czosnek*, m\u0105ka kukurydziana*, tamari* ( SOJA*, s\u00f3l morska), cebula w proszku*, kwas cytrynowy, dro\u017cd\u017ce*, maltodekstryna kukurydziana*, zio\u0142a i przyprawy* (zawiera SELER*) (*certyfikowany sk\u0142adnik ekologiczny)<\/p>\n<p>WARTO\u015a\u0106 OD\u017bYWCZA W 100 g<br \/>Warto\u015b\u0107 energetyczna: 379 kJ \/ 91 kcal  <br \/>T\u0142uszcz: 0,2 g  <br \/>w tym kwasy t\u0142uszczowe nasycone: 0 g  <br \/>W\u0119glowodany: 22 g  <br \/>w tym cukry: 16 g  <br \/>Bia\u0142ko: 1,3 g  <br \/>S\u00f3l: 1,3 g<\/p>\n<p>ZALECANE WARUNKI PRZECHOWYWANIA<br \/>Przechowywa\u0107 w suchym i ch\u0142odnym miejscu.<\/p>","protected":false},"excerpt":{"rendered":"<p>SK\u0141ADNIKIkoncentrat pomidorowy*, cebula*, ocet*, syrop kukurydziany*, papryka czerwona*, papryka zielona*, skrobia ry\u017cowa*, s\u00f3l morska, czosnek*, m\u0105ka kukurydziana*, tamari* ( SOJA*, s\u00f3l morska), cebula w proszku*, kwas cytrynowy, dro\u017cd\u017ce*, maltodekstryna kukurydziana*, zio\u0142a i przyprawy* (zawiera SELER*) (*certyfikowany sk\u0142adnik ekologiczny) WARTO\u015a\u0106 OD\u017bYWCZA W 100 gWarto\u015b\u0107 energetyczna: 379 kJ \/ 91 kcal T\u0142uszcz: 0,2 g w tym kwasy [&hellip;]<\/p>","protected":false},"featured_media":2715,"comment_status":"closed","ping_status":"open","template":"","meta":{"_acf_changed":false},"product_brand":[],"product_cat":[95,94],"product_tag":[],"class_list":{"0":"post-2714","1":"product","2":"type-product","3":"status-publish","4":"has-post-thumbnail","6":"product_cat-ketchupy-koncentraty-sosy-pomidorowe","7":"product_cat-sosy","8":"pa_ean-matka-2479","9":"pa_gwarancja-przydatnosci-522","10":"pa_ilosc-w-opakowaniu-298","11":"pa_jednostka-podstawowa-szt","12":"pa_kod-cn-2103-20-00","13":"pa_masa-netto-756","14":"pa_objetosc-brutto-2477","15":"pa_producent-amaizin-napoje-kokosowe-tortilla-chipsy-inne","16":"pa_producent-nazwa-adres-do-it-consumer-products-bv-hermesweg-7-3771-nd-barneveld","17":"pa_tagi-bez-glutenu-deklaracja","18":"pa_tagi-bez-glutenu-w-skladnikach","19":"pa_tagi-certyfikat-bio","20":"pa_tagi-weganski","21":"pa_tagi-wegetarianski","23":"first","24":"instock","25":"taxable","26":"shipping-taxable","27":"purchasable","28":"product-type-simple"},"acf":[],"_links":{"self":[{"href":"https:\/\/wiejskieprzysmaki.estima.site\/en\/wp-json\/wp\/v2\/product\/2714","targetHints":{"allow":["GET"]}}],"collection":[{"href":"https:\/\/wiejskieprzysmaki.estima.site\/en\/wp-json\/wp\/v2\/product"}],"about":[{"href":"https:\/\/wiejskieprzysmaki.estima.site\/en\/wp-json\/wp\/v2\/types\/product"}],"replies":[{"embeddable":true,"href":"https:\/\/wiejskieprzysmaki.estima.site\/en\/wp-json\/wp\/v2\/comments?post=2714"}],"wp:featuredmedia":[{"embeddable":true,"href":"https:\/\/wiejskieprzysmaki.estima.site\/en\/wp-json\/wp\/v2\/media\/2715"}],"wp:attachment":[{"href":"https:\/\/wiejskieprzysmaki.estima.site\/en\/wp-json\/wp\/v2\/media?parent=2714"}],"wp:term":[{"taxonomy":"product_brand","embeddable":true,"href":"https:\/\/wiejskieprzysmaki.estima.site\/en\/wp-json\/wp\/v2\/product_brand?post=2714"},{"taxonomy":"product_cat","embeddable":true,"href":"https:\/\/wiejskieprzysmaki.estima.site\/en\/wp-json\/wp\/v2\/product_cat?post=2714"},{"taxonomy":"product_tag","embeddable":true,"href":"https:\/\/wiejskieprzysmaki.estima.site\/en\/wp-json\/wp\/v2\/product_tag?post=2714"}],"curies":[{"name":"wp","href":"https:\/\/api.w.org\/{rel}","templated":true}]}}