{"id":2729,"date":"2025-02-18T10:45:33","date_gmt":"2025-02-18T09:45:33","guid":{"rendered":"https:\/\/wiejskieprzysmaki.estima.site\/produkt\/cukier-cynamonowy-bezglutenowy-bio-20-g-amylon\/"},"modified":"2025-02-18T10:45:43","modified_gmt":"2025-02-18T09:45:43","slug":"cukier-cynamonowy-bezglutenowy-bio-20-g-amylon","status":"publish","type":"product","link":"https:\/\/wiejskieprzysmaki.estima.site\/en\/product\/cukier-cynamonowy-bezglutenowy-bio-20-g-amylon\/","title":{"rendered":"CUKIER CYNAMONOWY BEZGLUTENOWY BIO 20 g &#8211; AMYLON"},"content":{"rendered":"<p>SK\u0141ADNIKI<br \/>cukier trzcinowy*, cynamon mielony* (min.14 %) (*certyfikowany sk\u0142adnik ekologiczny)<\/p>\n<p>OPIS<br \/>Doskonale nadaje si\u0119 do wypiek\u00f3w z owocami oraz jako dodatek do s\u0142odkich da\u0144.<\/p>\n<p>WARTO\u015a\u0106 OD\u017bYWCZA W 100 g<br \/>Warto\u015b\u0107 energetyczna: 1464 kJ \/ 344 kcal<br \/>T\u0142uszcz: 0 g<br \/>w tym kwasy t\u0142uszczowe nasycone: 0 g<br \/>W\u0119glowodany: 86 g<br \/>w tym cukry: 86 g<br \/>Bia\u0142ko: 0 g<br \/>S\u00f3l: 0 g<\/p>\n<p>ZALECANE WARUNKI PRZECHOWYWANIA  <br \/>Przechowywa\u0107 w suchym i ch\u0142odnym miejscu.<\/p>","protected":false},"excerpt":{"rendered":"<p>SK\u0141ADNIKIcukier trzcinowy*, cynamon mielony* (min.14 %) (*certyfikowany sk\u0142adnik ekologiczny) OPISDoskonale nadaje si\u0119 do wypiek\u00f3w z owocami oraz jako dodatek do s\u0142odkich da\u0144. WARTO\u015a\u0106 OD\u017bYWCZA W 100 gWarto\u015b\u0107 energetyczna: 1464 kJ \/ 344 kcalT\u0142uszcz: 0 gw tym kwasy t\u0142uszczowe nasycone: 0 gW\u0119glowodany: 86 gw tym cukry: 86 gBia\u0142ko: 0 gS\u00f3l: 0 g ZALECANE WARUNKI PRZECHOWYWANIA Przechowywa\u0107 [&hellip;]<\/p>","protected":false},"featured_media":2730,"comment_status":"closed","ping_status":"open","template":"","meta":{"_acf_changed":false},"product_brand":[],"product_cat":[36],"product_tag":[],"class_list":{"0":"post-2729","1":"product","2":"type-product","3":"status-publish","4":"has-post-thumbnail","6":"product_cat-dodatki-do-wypiekow-i-deserow","7":"pa_ean-matka-2489","8":"pa_gwarancja-przydatnosci-675","9":"pa_ilosc-w-opakowaniu-1287","10":"pa_jednostka-podstawowa-szt","11":"pa_kod-cn-1701-91-00","12":"pa_masa-netto-737","13":"pa_objetosc-brutto-1280","14":"pa_producent-amylon-budynie-galaretkikisielecukry-skrobie","15":"pa_producent-nazwa-adres-amylon-a-s-svermova-117-580-36-havlickuv-brod","16":"pa_tagi-bez-glutenu-deklaracja","17":"pa_tagi-bez-glutenu-w-skladnikach","18":"pa_tagi-certyfikat-bio","19":"pa_tagi-weganski","20":"pa_tagi-wegetarianski","22":"first","23":"instock","24":"taxable","25":"shipping-taxable","26":"purchasable","27":"product-type-simple"},"acf":[],"_links":{"self":[{"href":"https:\/\/wiejskieprzysmaki.estima.site\/en\/wp-json\/wp\/v2\/product\/2729","targetHints":{"allow":["GET"]}}],"collection":[{"href":"https:\/\/wiejskieprzysmaki.estima.site\/en\/wp-json\/wp\/v2\/product"}],"about":[{"href":"https:\/\/wiejskieprzysmaki.estima.site\/en\/wp-json\/wp\/v2\/types\/product"}],"replies":[{"embeddable":true,"href":"https:\/\/wiejskieprzysmaki.estima.site\/en\/wp-json\/wp\/v2\/comments?post=2729"}],"wp:featuredmedia":[{"embeddable":true,"href":"https:\/\/wiejskieprzysmaki.estima.site\/en\/wp-json\/wp\/v2\/media\/2730"}],"wp:attachment":[{"href":"https:\/\/wiejskieprzysmaki.estima.site\/en\/wp-json\/wp\/v2\/media?parent=2729"}],"wp:term":[{"taxonomy":"product_brand","embeddable":true,"href":"https:\/\/wiejskieprzysmaki.estima.site\/en\/wp-json\/wp\/v2\/product_brand?post=2729"},{"taxonomy":"product_cat","embeddable":true,"href":"https:\/\/wiejskieprzysmaki.estima.site\/en\/wp-json\/wp\/v2\/product_cat?post=2729"},{"taxonomy":"product_tag","embeddable":true,"href":"https:\/\/wiejskieprzysmaki.estima.site\/en\/wp-json\/wp\/v2\/product_tag?post=2729"}],"curies":[{"name":"wp","href":"https:\/\/api.w.org\/{rel}","templated":true}]}}