{"id":2733,"date":"2025-02-18T10:45:33","date_gmt":"2025-02-18T09:45:33","guid":{"rendered":"https:\/\/wiejskieprzysmaki.estima.site\/produkt\/napoj-kakaowy-instant-bio-400-g-vivani\/"},"modified":"2025-02-18T10:45:45","modified_gmt":"2025-02-18T09:45:45","slug":"napoj-kakaowy-instant-bio-400-g-vivani","status":"publish","type":"product","link":"https:\/\/wiejskieprzysmaki.estima.site\/en\/product\/napoj-kakaowy-instant-bio-400-g-vivani\/","title":{"rendered":"NAP\u00d3J KAKAOWY INSTANT BIO 400 g &#8211; VIVANI"},"content":{"rendered":"<p>SK\u0141ADNIKI<br \/>surowy cukier trzcinowy*, kakao w proszku o obni\u017conej zawarto\u015bci t\u0142uszczu* (20 %) (*certyfikowany sk\u0142adnik ekologiczny)<\/p>\n<p>OPIS<br \/>Do ciast i ciasteczek, trufli i deser\u00f3w.<\/p>\n<p>SPOS\u00d3B PRZYGOTOWANIA  <br \/>Wsypa\u0107 3-4 \u0142y\u017ceczki do fili\u017canki i zala\u0107 250 ml zimnego lub gor\u0105cego MLEKA.<\/p>\n<p>WARTO\u015a\u0106 OD\u017bYWCZA w 100 g<br \/>Warto\u015b\u0107 energetyczna: 1602 kJ\/378 kcal  <br \/>T\u0142uszcz: 2,2 g  <br \/>w tym kwasy t\u0142uszczowe nasycone: 1,4 g  <br \/>W\u0119glowodany: 81 g  <br \/>w tym cukry: 77,6 g  <br \/>Bia\u0142ko: 4,7 g  <br \/>S\u00f3l: 0,08 g<\/p>\n<p>WARTO\u015a\u0106 OD\u017bYWCZA NA PORCJ\u0118 (7 g kakao i 100 ml MLEKA)  <br \/>Warto\u015b\u0107 energetyczna: 363 kJ\/87 kcal  <br \/>T\u0142uszcz: 3,7 g  <br \/>w tym kwasy t\u0142uszczowe nasycone: 2,3 g  <br \/>W\u0119glowodany: 9,7 g  <br \/>w tym cukry: 9,5 g  <br \/>Bia\u0142ko: 3,3 g  <br \/>S\u00f3l: 0,12 g<\/p>\n<p>INFORMACJA ALERGENNA<br \/>Mo\u017ce zawiera\u0107 MLEKO (\u0142\u0105cznie z LAKTOZ\u0104)<\/p>\n<p>ZALECANE WARUNKI PRZECHOWYWANIA  <br \/>Przechowywa\u0107 w temperaturze pokojowej<\/p>","protected":false},"excerpt":{"rendered":"<p>SK\u0141ADNIKIsurowy cukier trzcinowy*, kakao w proszku o obni\u017conej zawarto\u015bci t\u0142uszczu* (20 %) (*certyfikowany sk\u0142adnik ekologiczny) OPISDo ciast i ciasteczek, trufli i deser\u00f3w. SPOS\u00d3B PRZYGOTOWANIA Wsypa\u0107 3-4 \u0142y\u017ceczki do fili\u017canki i zala\u0107 250 ml zimnego lub gor\u0105cego MLEKA. WARTO\u015a\u0106 OD\u017bYWCZA w 100 gWarto\u015b\u0107 energetyczna: 1602 kJ\/378 kcal T\u0142uszcz: 2,2 g w tym kwasy t\u0142uszczowe nasycone: 1,4 [&hellip;]<\/p>","protected":false},"featured_media":2734,"comment_status":"closed","ping_status":"open","template":"","meta":{"_acf_changed":false},"product_brand":[],"product_cat":[2494,897],"product_tag":[],"class_list":{"0":"post-2733","1":"product","2":"type-product","3":"status-publish","4":"has-post-thumbnail","6":"product_cat-czekolady-do-picia","7":"product_cat-kawa-i-kakao","8":"pa_ean-matka-2493","9":"pa_gwarancja-przydatnosci-311","10":"pa_ilosc-w-opakowaniu-374","11":"pa_jednostka-podstawowa-szt","12":"pa_kod-cn-1806-10-30","13":"pa_masa-netto-268","14":"pa_objetosc-brutto-2492","15":"pa_producent-vivani-czekolady-batony-kakao-instant","16":"pa_producent-nazwa-adres-ecofinia-gmbh-diebrocker-17-32051-herford","17":"pa_tagi-bez-glutenu-w-skladnikach","18":"pa_tagi-certyfikat-bio","19":"pa_tagi-weganski","20":"pa_tagi-wegetarianski","22":"first","23":"instock","24":"taxable","25":"shipping-taxable","26":"purchasable","27":"product-type-simple"},"acf":[],"_links":{"self":[{"href":"https:\/\/wiejskieprzysmaki.estima.site\/en\/wp-json\/wp\/v2\/product\/2733","targetHints":{"allow":["GET"]}}],"collection":[{"href":"https:\/\/wiejskieprzysmaki.estima.site\/en\/wp-json\/wp\/v2\/product"}],"about":[{"href":"https:\/\/wiejskieprzysmaki.estima.site\/en\/wp-json\/wp\/v2\/types\/product"}],"replies":[{"embeddable":true,"href":"https:\/\/wiejskieprzysmaki.estima.site\/en\/wp-json\/wp\/v2\/comments?post=2733"}],"wp:featuredmedia":[{"embeddable":true,"href":"https:\/\/wiejskieprzysmaki.estima.site\/en\/wp-json\/wp\/v2\/media\/2734"}],"wp:attachment":[{"href":"https:\/\/wiejskieprzysmaki.estima.site\/en\/wp-json\/wp\/v2\/media?parent=2733"}],"wp:term":[{"taxonomy":"product_brand","embeddable":true,"href":"https:\/\/wiejskieprzysmaki.estima.site\/en\/wp-json\/wp\/v2\/product_brand?post=2733"},{"taxonomy":"product_cat","embeddable":true,"href":"https:\/\/wiejskieprzysmaki.estima.site\/en\/wp-json\/wp\/v2\/product_cat?post=2733"},{"taxonomy":"product_tag","embeddable":true,"href":"https:\/\/wiejskieprzysmaki.estima.site\/en\/wp-json\/wp\/v2\/product_tag?post=2733"}],"curies":[{"name":"wp","href":"https:\/\/api.w.org\/{rel}","templated":true}]}}