{"id":2739,"date":"2025-02-18T10:45:50","date_gmt":"2025-02-18T09:45:50","guid":{"rendered":"https:\/\/wiejskieprzysmaki.estima.site\/produkt\/skrobia-ziemniaczana-bio-500-g-bio-planet\/"},"modified":"2025-02-18T10:45:50","modified_gmt":"2025-02-18T09:45:50","slug":"skrobia-ziemniaczana-bio-500-g-bio-planet","status":"publish","type":"product","link":"https:\/\/wiejskieprzysmaki.estima.site\/en\/product\/skrobia-ziemniaczana-bio-500-g-bio-planet\/","title":{"rendered":"SKROBIA ZIEMNIACZANA BIO 500 g &#8211; BIO PLANET"},"content":{"rendered":"<p>SK\u0141ADNIKI<br \/>skrobia ziemniaczana* 100 % (*certyfikowany sk\u0142adnik ekologiczny)<\/p>\n<p>OPIS<br \/>Ekologiczna skrobia ziemniaczana doskona\u0142a do zag\u0119szczania zup i sos\u00f3w. Polecamy r\u00f3wnie\u017c do zrobienia domowego kisielu czy budyniu.<\/p>\n<p>WARTO\u015a\u0106 OD\u017bYWCZA W 100 g<br \/>Warto\u015b\u0107 energetyczna &#8211; 1365 kJ \/ 321 kcal<br \/>T\u0142uszcz &#8211; 0,1 g<br \/>w tym kwasy t\u0142uszczowe nasycone &#8211; 0,02 g<br \/>W\u0119glowodany &#8211; 80,0 g<br \/>w tym cukry &#8211; 0,0 g<br \/>skrobia &#8211; 80,0 g<br \/>Bia\u0142ko &#8211; 0,1 g<br \/>S\u00f3l &#8211; 0 g<\/p>\n<p>ZALECANE WARUNKI PRZECHOWYWANIA<br \/>Przechowywa\u0107 w suchym i ch\u0142odnym miejscu.<\/p>","protected":false},"excerpt":{"rendered":"<p>SK\u0141ADNIKIskrobia ziemniaczana* 100 % (*certyfikowany sk\u0142adnik ekologiczny) OPISEkologiczna skrobia ziemniaczana doskona\u0142a do zag\u0119szczania zup i sos\u00f3w. Polecamy r\u00f3wnie\u017c do zrobienia domowego kisielu czy budyniu. WARTO\u015a\u0106 OD\u017bYWCZA W 100 gWarto\u015b\u0107 energetyczna &#8211; 1365 kJ \/ 321 kcalT\u0142uszcz &#8211; 0,1 gw tym kwasy t\u0142uszczowe nasycone &#8211; 0,02 gW\u0119glowodany &#8211; 80,0 gw tym cukry &#8211; 0,0 gskrobia &#8211; [&hellip;]<\/p>","protected":false},"featured_media":2740,"comment_status":"closed","ping_status":"open","template":"","meta":{"_acf_changed":false},"product_brand":[],"product_cat":[99,765],"product_tag":[],"class_list":{"0":"post-2739","1":"product","2":"type-product","3":"status-publish","4":"has-post-thumbnail","6":"product_cat-maki-i-skrobie","7":"product_cat-skrobie","8":"pa_ean-matka-2500","9":"pa_gwarancja-przydatnosci-301","10":"pa_ilosc-w-opakowaniu-298","11":"pa_jednostka-podstawowa-szt","12":"pa_kod-cn-1105-10-00","13":"pa_kraj-pochodzenia-skladnikow-lotwa","14":"pa_masa-netto-347","15":"pa_objetosc-brutto-2499","16":"pa_producent-bio-planet-seria-maki-i-skrobie","17":"pa_producent-nazwa-adres-bio-planet-s-a-wilkowa-wies-7-05-084-leszno","18":"pa_tagi-bez-cukru-w-skladnikach","19":"pa_tagi-bez-glutenu-w-skladnikach","20":"pa_tagi-certyfikat-bio","21":"pa_tagi-weganski","22":"pa_tagi-wegetarianski","24":"first","25":"instock","26":"taxable","27":"shipping-taxable","28":"purchasable","29":"product-type-simple"},"acf":[],"_links":{"self":[{"href":"https:\/\/wiejskieprzysmaki.estima.site\/en\/wp-json\/wp\/v2\/product\/2739","targetHints":{"allow":["GET"]}}],"collection":[{"href":"https:\/\/wiejskieprzysmaki.estima.site\/en\/wp-json\/wp\/v2\/product"}],"about":[{"href":"https:\/\/wiejskieprzysmaki.estima.site\/en\/wp-json\/wp\/v2\/types\/product"}],"replies":[{"embeddable":true,"href":"https:\/\/wiejskieprzysmaki.estima.site\/en\/wp-json\/wp\/v2\/comments?post=2739"}],"wp:featuredmedia":[{"embeddable":true,"href":"https:\/\/wiejskieprzysmaki.estima.site\/en\/wp-json\/wp\/v2\/media\/2740"}],"wp:attachment":[{"href":"https:\/\/wiejskieprzysmaki.estima.site\/en\/wp-json\/wp\/v2\/media?parent=2739"}],"wp:term":[{"taxonomy":"product_brand","embeddable":true,"href":"https:\/\/wiejskieprzysmaki.estima.site\/en\/wp-json\/wp\/v2\/product_brand?post=2739"},{"taxonomy":"product_cat","embeddable":true,"href":"https:\/\/wiejskieprzysmaki.estima.site\/en\/wp-json\/wp\/v2\/product_cat?post=2739"},{"taxonomy":"product_tag","embeddable":true,"href":"https:\/\/wiejskieprzysmaki.estima.site\/en\/wp-json\/wp\/v2\/product_tag?post=2739"}],"curies":[{"name":"wp","href":"https:\/\/api.w.org\/{rel}","templated":true}]}}