{"id":2747,"date":"2025-02-18T10:45:50","date_gmt":"2025-02-18T09:45:50","guid":{"rendered":"https:\/\/wiejskieprzysmaki.estima.site\/produkt\/orzechy-laskowe-w-czekoladzie-kokosowej-bio-70-g-cocoa\/"},"modified":"2025-02-18T10:45:53","modified_gmt":"2025-02-18T09:45:53","slug":"orzechy-laskowe-w-czekoladzie-kokosowej-bio-70-g-cocoa","status":"publish","type":"product","link":"https:\/\/wiejskieprzysmaki.estima.site\/en\/product\/orzechy-laskowe-w-czekoladzie-kokosowej-bio-70-g-cocoa\/","title":{"rendered":"ORZECHY LASKOWE W CZEKOLADZIE KOKOSOWEJ BIO 70 g &#8211; COCOA"},"content":{"rendered":"<p>SK\u0141ADNIKI<br \/>czekolada* 75 % (cukier z kwiatu palmy kokosowej*, t\u0142uszcz kakaowy*, ziarno kakaowca*, sproszkowany nap\u00f3j kokosowy* 16 %, wanilia Bourbon), ORZECHY LASKOWE* 35 %. (*certyfikowany sk\u0142adnik ekologiczny). Zawarto\u015b\u0107 masy kakaowej min. 45 %<\/p>\n<p>OPIS<br \/>ORZECHY LASKOWE s\u0105&nbsp;od dawna&nbsp;cenione na ca\u0142ym&nbsp;\u015bwiecie, za sw\u00f3j wyrazisty smak&nbsp;oraz wysok\u0105 zawarto\u015b\u0107 nienasyconych kwas\u00f3w t\u0142uszczowych,&nbsp;witamin oraz&nbsp;soli mineralnych. ORZECHY stanowi\u0105 \u017ar\u00f3d\u0142o zdrowej energii a&nbsp;ich po\u0142\u0105czenie z nasz\u0105&nbsp;czekolad\u0105&nbsp;nadaje produktowi mleczno kokosowego akcentu. Ca\u0142o\u015b\u0107 charakteryzuje si\u0119 pozbawion\u0105 czekoladowej goryczy \u0142agodno\u015bci\u0105 i spe\u0142ni oczekiwania mi\u0142o\u015bnik\u00f3w wyrob\u00f3w czekoladowych o delikatnym czekoladowo kokosowym smaku<\/p>\n<p>WARTO\u015a\u0106 OD\u017bYWCZA W 100 g<br \/>Warto\u015b\u0107 energetyczna: 2516 kJ\/607 kcal <br \/>T\u0142uszcz: 48 g <br \/>w tym kwasy nasycone: 27 g <br \/>W\u0119glowodany: 31 g <br \/>w tym cukry: 30 g <br \/>B\u0142onnik: 9,0 g <br \/>Bia\u0142ko: 7,0 g <br \/>S\u00f3l: 0,1 g <\/p>\n<p>INFORMACJA ALERGENNA <br \/>Produkt mo\u017ce zawiera\u0107 inne ORZECHY.<\/p>\n<p>ZALECANE WARUNKI PRZECHOWYWANIA <br \/>Przechowywa\u0107 w suchym i ch\u0142odnym miejscu.<\/p>","protected":false},"excerpt":{"rendered":"<p>SK\u0141ADNIKIczekolada* 75 % (cukier z kwiatu palmy kokosowej*, t\u0142uszcz kakaowy*, ziarno kakaowca*, sproszkowany nap\u00f3j kokosowy* 16 %, wanilia Bourbon), ORZECHY LASKOWE* 35 %. (*certyfikowany sk\u0142adnik ekologiczny). Zawarto\u015b\u0107 masy kakaowej min. 45 % OPISORZECHY LASKOWE s\u0105&nbsp;od dawna&nbsp;cenione na ca\u0142ym&nbsp;\u015bwiecie, za sw\u00f3j wyrazisty smak&nbsp;oraz wysok\u0105 zawarto\u015b\u0107 nienasyconych kwas\u00f3w t\u0142uszczowych,&nbsp;witamin oraz&nbsp;soli mineralnych. ORZECHY stanowi\u0105 \u017ar\u00f3d\u0142o zdrowej energii a&nbsp;ich [&hellip;]<\/p>","protected":false},"featured_media":2748,"comment_status":"closed","ping_status":"open","template":"","meta":{"_acf_changed":false},"product_brand":[],"product_cat":[700,139],"product_tag":[],"class_list":{"0":"post-2747","1":"product","2":"type-product","3":"status-publish","4":"has-post-thumbnail","6":"product_cat-bakalie-w-czekol-i-kandyz","7":"product_cat-slodycze-i-przekaski","8":"pa_ean-matka-2504","9":"pa_gwarancja-przydatnosci-320","10":"pa_ilosc-w-opakowaniu-694","11":"pa_jednostka-podstawowa-szt","12":"pa_kod-cn-1806-90-19","13":"pa_masa-netto-695","14":"pa_objetosc-brutto-697","15":"pa_producent-cocoa-czekolady-i-bakalie-w-surowej-czekoladzie","16":"pa_producent-nazwa-adres-surovital-marcin-rendak-karol-szwed-s-c-sw-urszuli-ledochowskiej-5-18-02-972-warszawa","17":"pa_tagi-bez-glutenu-w-skladnikach","18":"pa_tagi-certyfikat-bio","19":"pa_tagi-weganski","20":"pa_tagi-wegetarianski","22":"first","23":"instock","24":"taxable","25":"shipping-taxable","26":"purchasable","27":"product-type-simple"},"acf":[],"_links":{"self":[{"href":"https:\/\/wiejskieprzysmaki.estima.site\/en\/wp-json\/wp\/v2\/product\/2747","targetHints":{"allow":["GET"]}}],"collection":[{"href":"https:\/\/wiejskieprzysmaki.estima.site\/en\/wp-json\/wp\/v2\/product"}],"about":[{"href":"https:\/\/wiejskieprzysmaki.estima.site\/en\/wp-json\/wp\/v2\/types\/product"}],"replies":[{"embeddable":true,"href":"https:\/\/wiejskieprzysmaki.estima.site\/en\/wp-json\/wp\/v2\/comments?post=2747"}],"wp:featuredmedia":[{"embeddable":true,"href":"https:\/\/wiejskieprzysmaki.estima.site\/en\/wp-json\/wp\/v2\/media\/2748"}],"wp:attachment":[{"href":"https:\/\/wiejskieprzysmaki.estima.site\/en\/wp-json\/wp\/v2\/media?parent=2747"}],"wp:term":[{"taxonomy":"product_brand","embeddable":true,"href":"https:\/\/wiejskieprzysmaki.estima.site\/en\/wp-json\/wp\/v2\/product_brand?post=2747"},{"taxonomy":"product_cat","embeddable":true,"href":"https:\/\/wiejskieprzysmaki.estima.site\/en\/wp-json\/wp\/v2\/product_cat?post=2747"},{"taxonomy":"product_tag","embeddable":true,"href":"https:\/\/wiejskieprzysmaki.estima.site\/en\/wp-json\/wp\/v2\/product_tag?post=2747"}],"curies":[{"name":"wp","href":"https:\/\/api.w.org\/{rel}","templated":true}]}}