{"id":2780,"date":"2025-02-18T10:46:11","date_gmt":"2025-02-18T09:46:11","guid":{"rendered":"https:\/\/wiejskieprzysmaki.estima.site\/produkt\/paluszki-lekko-solone-bezglutenowe-bio-45-g-biopont\/"},"modified":"2025-02-18T10:46:13","modified_gmt":"2025-02-18T09:46:13","slug":"paluszki-lekko-solone-bezglutenowe-bio-45-g-biopont","status":"publish","type":"product","link":"https:\/\/wiejskieprzysmaki.estima.site\/en\/product\/paluszki-lekko-solone-bezglutenowe-bio-45-g-biopont\/","title":{"rendered":"PALUSZKI LEKKO SOLONE BEZGLUTENOWE BIO 45 g &#8211; BIOPONT"},"content":{"rendered":"<p>SK\u0141ADNIKI  <br \/>skrobia (kukurydziana*, ziemniaczana*), woda, m\u0105ka* (ry\u017cowa*, kukurydziana*, jaglana*), syrop ry\u017cowy*, olej s\u0142onecznikowy*, s\u00f3l morska (2,2 %), cukier trzcinowy*, \u0142uski babki p\u0142esznik*, w\u0142\u00f3kno bambusowe, emulgator: lecytyny (ze s\u0142onecznika*), substancja zag\u0119szczajaca: guma ksantanowa, dro\u017cd\u017ce suszone, substancje spulchniaj\u0105ce: wodorow\u0119glan sodu, wodorow\u0119glan amonu, przeciwutleniacz: ekstrakty z rozmarynu*, substancja glazuruj\u0105ca: wodorotlenek sodu (*certyfikowany sk\u0142adnik ekologiczny)<\/p>\n<p>OPIS  <br \/>Z\u0142ota, lekko b\u0142yszcz\u0105 przek\u0105ska o chrupi\u0105cej teksturze.  <\/p>\n<p>WARTO\u015a\u0106 OD\u017bYWCZA W 100 g  <br \/>Warto\u015b\u0107 energetyczna: 1645 kJ\/390 kcal  <br \/>T\u0142uszcz: 10 g  <br \/>w tym kwasy t\u0142uszczowe nasycone: 1,7 g  <br \/>W\u0119glowodany: 71 g  <br \/>w tym cukry: 7,3 g  <br \/>B\u0142onnik: 2,2 g  <br \/>Bia\u0142ko: 2,0 g  <br \/>S\u00f3l: 2,2 g<\/p>\n<p>ZALECANE WARUNKI PRZECHOWYWANIA<br \/>Przechowywa\u0107 w suchym i ch\u0142odnym miejscu  <\/p>","protected":false},"excerpt":{"rendered":"<p>SK\u0141ADNIKI skrobia (kukurydziana*, ziemniaczana*), woda, m\u0105ka* (ry\u017cowa*, kukurydziana*, jaglana*), syrop ry\u017cowy*, olej s\u0142onecznikowy*, s\u00f3l morska (2,2 %), cukier trzcinowy*, \u0142uski babki p\u0142esznik*, w\u0142\u00f3kno bambusowe, emulgator: lecytyny (ze s\u0142onecznika*), substancja zag\u0119szczajaca: guma ksantanowa, dro\u017cd\u017ce suszone, substancje spulchniaj\u0105ce: wodorow\u0119glan sodu, wodorow\u0119glan amonu, przeciwutleniacz: ekstrakty z rozmarynu*, substancja glazuruj\u0105ca: wodorotlenek sodu (*certyfikowany sk\u0142adnik ekologiczny) OPIS Z\u0142ota, lekko b\u0142yszcz\u0105 [&hellip;]<\/p>","protected":false},"featured_media":2781,"comment_status":"closed","ping_status":"open","template":"","meta":{"_acf_changed":false},"product_brand":[],"product_cat":[2246,139],"product_tag":[],"class_list":{"0":"post-2780","1":"product","2":"type-product","3":"status-publish","4":"has-post-thumbnail","6":"product_cat-paluszki-precelki","7":"product_cat-slodycze-i-przekaski","8":"pa_ean-matka-2531","9":"pa_gwarancja-przydatnosci-535","10":"pa_ilosc-w-opakowaniu-2528","11":"pa_jednostka-podstawowa-szt","12":"pa_kod-cn-1905-90-80","13":"pa_kraj-pochodzenia-skladnikow-turcja","14":"pa_masa-netto-2529","15":"pa_objetosc-brutto-2530","16":"pa_producent-biopont-chrupki-bezglutenowe","17":"pa_producent-nazwa-adres-biopont-kft-biopont-ucta-1-2451-ercsi","18":"pa_tagi-bez-glutenu-deklaracja","19":"pa_tagi-bez-glutenu-w-skladnikach","20":"pa_tagi-certyfikat-bio","21":"pa_tagi-weganski","22":"pa_tagi-wegetarianski","24":"first","25":"instock","26":"taxable","27":"shipping-taxable","28":"purchasable","29":"product-type-simple"},"acf":[],"_links":{"self":[{"href":"https:\/\/wiejskieprzysmaki.estima.site\/en\/wp-json\/wp\/v2\/product\/2780","targetHints":{"allow":["GET"]}}],"collection":[{"href":"https:\/\/wiejskieprzysmaki.estima.site\/en\/wp-json\/wp\/v2\/product"}],"about":[{"href":"https:\/\/wiejskieprzysmaki.estima.site\/en\/wp-json\/wp\/v2\/types\/product"}],"replies":[{"embeddable":true,"href":"https:\/\/wiejskieprzysmaki.estima.site\/en\/wp-json\/wp\/v2\/comments?post=2780"}],"wp:featuredmedia":[{"embeddable":true,"href":"https:\/\/wiejskieprzysmaki.estima.site\/en\/wp-json\/wp\/v2\/media\/2781"}],"wp:attachment":[{"href":"https:\/\/wiejskieprzysmaki.estima.site\/en\/wp-json\/wp\/v2\/media?parent=2780"}],"wp:term":[{"taxonomy":"product_brand","embeddable":true,"href":"https:\/\/wiejskieprzysmaki.estima.site\/en\/wp-json\/wp\/v2\/product_brand?post=2780"},{"taxonomy":"product_cat","embeddable":true,"href":"https:\/\/wiejskieprzysmaki.estima.site\/en\/wp-json\/wp\/v2\/product_cat?post=2780"},{"taxonomy":"product_tag","embeddable":true,"href":"https:\/\/wiejskieprzysmaki.estima.site\/en\/wp-json\/wp\/v2\/product_tag?post=2780"}],"curies":[{"name":"wp","href":"https:\/\/api.w.org\/{rel}","templated":true}]}}