{"id":2784,"date":"2025-02-18T10:46:11","date_gmt":"2025-02-18T09:46:11","guid":{"rendered":"https:\/\/wiejskieprzysmaki.estima.site\/produkt\/krem-orzechowy-mix-2-orzechy-solony-bio-250-g-terrasana\/"},"modified":"2025-02-18T10:46:20","modified_gmt":"2025-02-18T09:46:20","slug":"krem-orzechowy-mix-2-orzechy-solony-bio-250-g-terrasana","status":"publish","type":"product","link":"https:\/\/wiejskieprzysmaki.estima.site\/en\/product\/krem-orzechowy-mix-2-orzechy-solony-bio-250-g-terrasana\/","title":{"rendered":"KREM ORZECHOWY MIX (2 ORZECHY) SOLONY BIO 250 g &#8211; TERRASANA"},"content":{"rendered":"<p>SK\u0141ADNIKI<br \/>pra\u017cone ORZECHY LASKOWE*, pra\u017cone  MIGDA\u0141Y*, s\u00f3l himalajska  (*certyfikowany sk\u0142adnik ekologiczny)<\/p>\n<p>OPIS<br \/>Krem orzechowy mix jest pyszn\u0105 mieszank\u0105 ORZECH\u00d3W LASKOWYCH i migda\u0142\u00f3w. Idealnie pasuje do pieczywa, krakers\u00f3w, a tak\u017ce jest \u015bwietny jako baza do s\u0142odkich wypiek\u00f3w, sos\u00f3w i marynat.<\/p>\n<p>WARTO\u015a\u0106 OD\u017bYWCZA W 100 g<br \/>Warto\u015b\u0107 energetyczna &#8211; 2682 kJ \/ 649 kcal  <br \/>T\u0142uszcz &#8211; 58,3 g  <br \/>w tym kwasy t\u0142uszczowe nasycone &#8211; 4,0 g  <br \/>W\u0119glowodany &#8211; 10,5 g  <br \/>w tym cukry &#8211; 6,3 g  <br \/>Bia\u0142ko &#8211; 16,3 g  <br \/>S\u00f3l &#8211; 0,3 g<\/p>\n<p>UWAGA<br \/>Mimo do\u0142o\u017cenia wszelkich stara\u0144 produkt mo\u017ce zawiera\u0107 kawa\u0142ki \u0142upin i skorupek.<\/p>\n<p>ZALECANE WARUNKI PRZECHOWYWANIA  <br \/>Przechowywa\u0107 w suchym i ch\u0142odnym miejscu  <\/p>","protected":false},"excerpt":{"rendered":"<p>SK\u0141ADNIKIpra\u017cone ORZECHY LASKOWE*, pra\u017cone MIGDA\u0141Y*, s\u00f3l himalajska (*certyfikowany sk\u0142adnik ekologiczny) OPISKrem orzechowy mix jest pyszn\u0105 mieszank\u0105 ORZECH\u00d3W LASKOWYCH i migda\u0142\u00f3w. Idealnie pasuje do pieczywa, krakers\u00f3w, a tak\u017ce jest \u015bwietny jako baza do s\u0142odkich wypiek\u00f3w, sos\u00f3w i marynat. WARTO\u015a\u0106 OD\u017bYWCZA W 100 gWarto\u015b\u0107 energetyczna &#8211; 2682 kJ \/ 649 kcal T\u0142uszcz &#8211; 58,3 g w tym [&hellip;]<\/p>","protected":false},"featured_media":2785,"comment_status":"closed","ping_status":"open","template":"","meta":{"_acf_changed":false},"product_brand":[],"product_cat":[734],"product_tag":[],"class_list":{"0":"post-2784","1":"product","2":"type-product","3":"status-publish","4":"has-post-thumbnail","6":"product_cat-kremy-orzechowe-czekoladowe-tahini","7":"pa_ean-matka-2533","8":"pa_gwarancja-przydatnosci-311","9":"pa_ilosc-w-opakowaniu-298","10":"pa_jednostka-podstawowa-szt","11":"pa_kod-cn-2008-19-99","12":"pa_kraj-pochodzenia-skladnikow-turcja","13":"pa_masa-netto-480","14":"pa_objetosc-brutto-1206","15":"pa_producent-terrasana-kremy-makarony-sosy-sojowe-inne","16":"pa_producent-nazwa-adres-terrasana-natuurvoeding-b-v-waaier-10-2451-leimuiden","17":"pa_tagi-bez-cukru-w-skladnikach","18":"pa_tagi-bez-glutenu-w-skladnikach","19":"pa_tagi-certyfikat-bio","20":"pa_tagi-weganski","21":"pa_tagi-wegetarianski","23":"first","24":"instock","25":"taxable","26":"shipping-taxable","27":"purchasable","28":"product-type-simple"},"acf":[],"_links":{"self":[{"href":"https:\/\/wiejskieprzysmaki.estima.site\/en\/wp-json\/wp\/v2\/product\/2784","targetHints":{"allow":["GET"]}}],"collection":[{"href":"https:\/\/wiejskieprzysmaki.estima.site\/en\/wp-json\/wp\/v2\/product"}],"about":[{"href":"https:\/\/wiejskieprzysmaki.estima.site\/en\/wp-json\/wp\/v2\/types\/product"}],"replies":[{"embeddable":true,"href":"https:\/\/wiejskieprzysmaki.estima.site\/en\/wp-json\/wp\/v2\/comments?post=2784"}],"wp:featuredmedia":[{"embeddable":true,"href":"https:\/\/wiejskieprzysmaki.estima.site\/en\/wp-json\/wp\/v2\/media\/2785"}],"wp:attachment":[{"href":"https:\/\/wiejskieprzysmaki.estima.site\/en\/wp-json\/wp\/v2\/media?parent=2784"}],"wp:term":[{"taxonomy":"product_brand","embeddable":true,"href":"https:\/\/wiejskieprzysmaki.estima.site\/en\/wp-json\/wp\/v2\/product_brand?post=2784"},{"taxonomy":"product_cat","embeddable":true,"href":"https:\/\/wiejskieprzysmaki.estima.site\/en\/wp-json\/wp\/v2\/product_cat?post=2784"},{"taxonomy":"product_tag","embeddable":true,"href":"https:\/\/wiejskieprzysmaki.estima.site\/en\/wp-json\/wp\/v2\/product_tag?post=2784"}],"curies":[{"name":"wp","href":"https:\/\/api.w.org\/{rel}","templated":true}]}}