{"id":2798,"date":"2025-02-18T10:46:11","date_gmt":"2025-02-18T09:46:11","guid":{"rendered":"https:\/\/wiejskieprzysmaki.estima.site\/produkt\/otreby-owsiane-bio-300-g-bio-planet\/"},"modified":"2025-02-18T10:46:25","modified_gmt":"2025-02-18T09:46:25","slug":"otreby-owsiane-bio-300-g-bio-planet","status":"publish","type":"product","link":"https:\/\/wiejskieprzysmaki.estima.site\/en\/product\/otreby-owsiane-bio-300-g-bio-planet\/","title":{"rendered":"OTR\u0118BY OWSIANE BIO 300 g &#8211; BIO PLANET"},"content":{"rendered":"<p>SK\u0141ADNIKI<br \/>ekologiczne otr\u0119by OWSIANE 100 %. <\/p>\n<p>OPIS<br \/>Polecamy jako dodatek do owsianki oraz jako panierk\u0119 do kotlet\u00f3w, dodatek do ciast, pasztet\u00f3w warzywnych, chleba, sos\u00f3w. Otr\u0119by przed spo\u017cyciem zalecamy podda\u0107 kr\u00f3tkotrwa\u0142ej obr\u00f3bce cieplnej.\t\t\t<\/p>\n<p>WARTO\u015a\u0106 OD\u017bYWCZA W 100 g<br \/>Warto\u015b\u0107 energetyczna \t1193 kJ\/287 kcal<br \/>T\u0142uszcz \t4,3 g<br \/>w tym kwasy t\u0142uszczowe nasycone \t0,9 g<br \/>W\u0119glowodany \t32 g<br \/>w tym cukry \t1,0 g<br \/>B\u0142onnik \t41 g<br \/>Bia\u0142ko \t9,5 g<br \/>S\u00f3l \t0 g<\/p>\n<p>INFORMACJA ALERGENNA<br \/>Produkt mo\u017ce zawiera\u0107: ORZESZKI ZIEMNE, ORZECHY, NASIONA SEZAMU, SOJ\u0118.<\/p>\n<p>ZALECANE WARUNKI PRZECHOWYWANIA<br \/>Przechowywa\u0107 w suchym i ch\u0142odnym miejscu.<\/p>","protected":false},"excerpt":{"rendered":"<p>SK\u0141ADNIKIekologiczne otr\u0119by OWSIANE 100 %. OPISPolecamy jako dodatek do owsianki oraz jako panierk\u0119 do kotlet\u00f3w, dodatek do ciast, pasztet\u00f3w warzywnych, chleba, sos\u00f3w. Otr\u0119by przed spo\u017cyciem zalecamy podda\u0107 kr\u00f3tkotrwa\u0142ej obr\u00f3bce cieplnej. WARTO\u015a\u0106 OD\u017bYWCZA W 100 gWarto\u015b\u0107 energetyczna 1193 kJ\/287 kcalT\u0142uszcz 4,3 gw tym kwasy t\u0142uszczowe nasycone 0,9 gW\u0119glowodany 32 gw tym cukry 1,0 gB\u0142onnik 41 gBia\u0142ko [&hellip;]<\/p>","protected":false},"featured_media":2799,"comment_status":"closed","ping_status":"open","template":"","meta":{"_acf_changed":false},"product_brand":[],"product_cat":[326,265],"product_tag":[],"class_list":{"0":"post-2798","1":"product","2":"type-product","3":"status-publish","4":"has-post-thumbnail","6":"product_cat-otreby-zbozowe","7":"product_cat-sniadaniowe","8":"pa_ean-matka-2540","9":"pa_gwarancja-przydatnosci-324","10":"pa_ilosc-w-opakowaniu-298","11":"pa_jednostka-podstawowa-szt","12":"pa_kod-cn-2302-40-90","13":"pa_kraj-pochodzenia-skladnikow-polska","14":"pa_masa-netto-207","15":"pa_objetosc-brutto-204","16":"pa_producent-bio-planet-seria-rozowa-platki-otreby-musli","17":"pa_producent-nazwa-adres-bio-planet-s-a-wilkowa-wies-7-05-084-leszno","18":"pa_tagi-bez-cukru-w-skladnikach","19":"pa_tagi-certyfikat-bio","20":"pa_tagi-weganski","21":"pa_tagi-wegetarianski","23":"first","24":"instock","25":"taxable","26":"shipping-taxable","27":"purchasable","28":"product-type-simple"},"acf":[],"_links":{"self":[{"href":"https:\/\/wiejskieprzysmaki.estima.site\/en\/wp-json\/wp\/v2\/product\/2798","targetHints":{"allow":["GET"]}}],"collection":[{"href":"https:\/\/wiejskieprzysmaki.estima.site\/en\/wp-json\/wp\/v2\/product"}],"about":[{"href":"https:\/\/wiejskieprzysmaki.estima.site\/en\/wp-json\/wp\/v2\/types\/product"}],"replies":[{"embeddable":true,"href":"https:\/\/wiejskieprzysmaki.estima.site\/en\/wp-json\/wp\/v2\/comments?post=2798"}],"wp:featuredmedia":[{"embeddable":true,"href":"https:\/\/wiejskieprzysmaki.estima.site\/en\/wp-json\/wp\/v2\/media\/2799"}],"wp:attachment":[{"href":"https:\/\/wiejskieprzysmaki.estima.site\/en\/wp-json\/wp\/v2\/media?parent=2798"}],"wp:term":[{"taxonomy":"product_brand","embeddable":true,"href":"https:\/\/wiejskieprzysmaki.estima.site\/en\/wp-json\/wp\/v2\/product_brand?post=2798"},{"taxonomy":"product_cat","embeddable":true,"href":"https:\/\/wiejskieprzysmaki.estima.site\/en\/wp-json\/wp\/v2\/product_cat?post=2798"},{"taxonomy":"product_tag","embeddable":true,"href":"https:\/\/wiejskieprzysmaki.estima.site\/en\/wp-json\/wp\/v2\/product_tag?post=2798"}],"curies":[{"name":"wp","href":"https:\/\/api.w.org\/{rel}","templated":true}]}}