{"id":2812,"date":"2025-02-18T10:46:11","date_gmt":"2025-02-18T09:46:11","guid":{"rendered":"https:\/\/wiejskieprzysmaki.estima.site\/produkt\/mus-jablko-banan-bez-dodatku-cukrow-bio-100-g-natura-nuova\/"},"modified":"2025-02-18T10:46:32","modified_gmt":"2025-02-18T09:46:32","slug":"mus-jablko-banan-bez-dodatku-cukrow-bio-100-g-natura-nuova","status":"publish","type":"product","link":"https:\/\/wiejskieprzysmaki.estima.site\/en\/product\/mus-jablko-banan-bez-dodatku-cukrow-bio-100-g-natura-nuova\/","title":{"rendered":"MUS JAB\u0141KO &#8211; BANAN BEZ DODATKU CUKR\u00d3W BIO 100 g &#8211; NATURA NUOVA"},"content":{"rendered":"<p>SK\u0141ADNIKI<br \/>jab\u0142ko* (75 %), banan* (25 %). (*certyfikowany sk\u0142adnik ekologiczny)<\/p>\n<p>OPIS<br \/>Przecier z jab\u0142ek uzyskany z przetwarzania zdrowych i wybranych owoc\u00f3w, pozbawionego cz\u0119\u015bci niejadalnych z dodatkiem banana. Pakowanie w Doypack, zamkni\u0119te po obr\u00f3bce cieplnej.<\/p>\n<p>WARTO\u015a\u0106 OD\u017bYWCZA W 100 g<br \/>Warto\u015b\u0107 energetyczna: 281 kJ\/66 kcal  <br \/>T\u0142uszcz: 0,3 g  <br \/>w tym kwasy t\u0142uszczowe nasycone: <0,01 g  <br \/>W\u0119glowodany: 14,5 g  <br \/>w tym cukry: 14 g  <br \/>B\u0142onnik: 1,6 g  <br \/>Bia\u0142ko: 0,7 g  <br \/>S\u00f3l: 0,01g  <\/p>\n<p>ZALECANE WARUNKI PRZECHOWYWANIA<br \/>Przechowywa\u0107 w suchym i ch\u0142odnym miejscu, bez dost\u0119pu \u015bwiat\u0142a. Po otwarciu przechowywa\u0107 w lod\u00f3wce spo\u017cy\u0107 w ci\u0105gu 24 h.<\/p>","protected":false},"excerpt":{"rendered":"<p>SK\u0141ADNIKIjab\u0142ko* (75 %), banan* (25 %). (*certyfikowany sk\u0142adnik ekologiczny) OPISPrzecier z jab\u0142ek uzyskany z przetwarzania zdrowych i wybranych owoc\u00f3w, pozbawionego cz\u0119\u015bci niejadalnych z dodatkiem banana. Pakowanie w Doypack, zamkni\u0119te po obr\u00f3bce cieplnej. WARTO\u015a\u0106 OD\u017bYWCZA W 100 gWarto\u015b\u0107 energetyczna: 281 kJ\/66 kcal T\u0142uszcz: 0,3 g w tym kwasy t\u0142uszczowe nasycone:<\/p>","protected":false},"featured_media":2813,"comment_status":"closed","ping_status":"open","template":"","meta":{"_acf_changed":false},"product_brand":[],"product_cat":[2556,998],"product_tag":[],"class_list":{"0":"post-2812","1":"product","2":"type-product","3":"status-publish","4":"has-post-thumbnail","6":"product_cat-musy-w-tubkach","7":"product_cat-przetwory-warzywne-i-owocowe","8":"pa_ean-matka-2557","9":"pa_gwarancja-przydatnosci-540","10":"pa_ilosc-w-opakowaniu-406","11":"pa_jednostka-podstawowa-szt","12":"pa_kod-cn-2007-99-97","13":"pa_kraj-pochodzenia-skladnikow-turcja","14":"pa_masa-netto-242","15":"pa_objetosc-brutto-470","16":"pa_producent-natura-nuova-musy-owocowe","17":"pa_producent-nazwa-adres-natura-nuova-s-p-a-consortile-societa-agricola-via-vecchia-albergone-19-48012-bagnacavllo","18":"pa_tagi-bez-cukru-w-skladnikach","19":"pa_tagi-bez-glutenu-w-skladnikach","20":"pa_tagi-certyfikat-bio","21":"pa_tagi-weganski","22":"pa_tagi-wegetarianski","24":"first","25":"instock","26":"taxable","27":"shipping-taxable","28":"purchasable","29":"product-type-simple"},"acf":[],"_links":{"self":[{"href":"https:\/\/wiejskieprzysmaki.estima.site\/en\/wp-json\/wp\/v2\/product\/2812","targetHints":{"allow":["GET"]}}],"collection":[{"href":"https:\/\/wiejskieprzysmaki.estima.site\/en\/wp-json\/wp\/v2\/product"}],"about":[{"href":"https:\/\/wiejskieprzysmaki.estima.site\/en\/wp-json\/wp\/v2\/types\/product"}],"replies":[{"embeddable":true,"href":"https:\/\/wiejskieprzysmaki.estima.site\/en\/wp-json\/wp\/v2\/comments?post=2812"}],"wp:featuredmedia":[{"embeddable":true,"href":"https:\/\/wiejskieprzysmaki.estima.site\/en\/wp-json\/wp\/v2\/media\/2813"}],"wp:attachment":[{"href":"https:\/\/wiejskieprzysmaki.estima.site\/en\/wp-json\/wp\/v2\/media?parent=2812"}],"wp:term":[{"taxonomy":"product_brand","embeddable":true,"href":"https:\/\/wiejskieprzysmaki.estima.site\/en\/wp-json\/wp\/v2\/product_brand?post=2812"},{"taxonomy":"product_cat","embeddable":true,"href":"https:\/\/wiejskieprzysmaki.estima.site\/en\/wp-json\/wp\/v2\/product_cat?post=2812"},{"taxonomy":"product_tag","embeddable":true,"href":"https:\/\/wiejskieprzysmaki.estima.site\/en\/wp-json\/wp\/v2\/product_tag?post=2812"}],"curies":[{"name":"wp","href":"https:\/\/api.w.org\/{rel}","templated":true}]}}