{"id":2824,"date":"2025-02-18T10:46:34","date_gmt":"2025-02-18T09:46:34","guid":{"rendered":"https:\/\/wiejskieprzysmaki.estima.site\/produkt\/ciecierzyca-w-zalewie-bio-400-g-240-g-la-bio-idea\/"},"modified":"2025-02-18T10:46:38","modified_gmt":"2025-02-18T09:46:38","slug":"ciecierzyca-w-zalewie-bio-400-g-240-g-la-bio-idea","status":"publish","type":"product","link":"https:\/\/wiejskieprzysmaki.estima.site\/en\/product\/ciecierzyca-w-zalewie-bio-400-g-240-g-la-bio-idea\/","title":{"rendered":"CIECIERZYCA W ZALEWIE BIO 400 g (240 g) &#8211; LA BIO IDEA"},"content":{"rendered":"<p>SK\u0141ADNIKI<br \/>ciecierzyca*, woda, s\u00f3l (*certyfikowany sk\u0142adnik ekologiczny)<\/p>\n<p>WARTO\u015a\u0106 OD\u017bYWCZA W 100 g<br \/>Warto\u015b\u0107 energetyczna: 515 kJ \/ 123 kcal  <br \/>T\u0142uszcz: 2,6 g  <br \/>w tym kwasy t\u0142uszczowe nasycone: 0,4 g  <br \/>W\u0119glowodany: 15,8 g  <br \/>w tym cukry: 0,3 g  <br \/>B\u0142onnik: 4,8 g  <br \/>Bia\u0142ko: 6,6 g  <br \/>S\u00f3l: 0,63 g  <\/p>\n<p>ZALECANE WARUNKI PRZECHOWYWANIA  <br \/>Przechowywa\u0107 w suchym i ch\u0142odnym miejscu.<\/p>","protected":false},"excerpt":{"rendered":"<p>SK\u0141ADNIKIciecierzyca*, woda, s\u00f3l (*certyfikowany sk\u0142adnik ekologiczny) WARTO\u015a\u0106 OD\u017bYWCZA W 100 gWarto\u015b\u0107 energetyczna: 515 kJ \/ 123 kcal T\u0142uszcz: 2,6 g w tym kwasy t\u0142uszczowe nasycone: 0,4 g W\u0119glowodany: 15,8 g w tym cukry: 0,3 g B\u0142onnik: 4,8 g Bia\u0142ko: 6,6 g S\u00f3l: 0,63 g ZALECANE WARUNKI PRZECHOWYWANIA Przechowywa\u0107 w suchym i ch\u0142odnym miejscu.<\/p>","protected":false},"featured_media":2825,"comment_status":"closed","ping_status":"open","template":"","meta":{"_acf_changed":false},"product_brand":[],"product_cat":[1182,315],"product_tag":[],"class_list":{"0":"post-2824","1":"product","2":"type-product","3":"status-publish","4":"has-post-thumbnail","6":"product_cat-konserwowe-fermentowane","7":"product_cat-warzywa-straczkowe","8":"pa_ean-matka-2563","9":"pa_gwarancja-przydatnosci-1980","10":"pa_ilosc-w-opakowaniu-298","11":"pa_jednostka-podstawowa-szt","12":"pa_kod-cn-2005-99-80","13":"pa_kraj-pochodzenia-skladnikow-rolnictwo-spoza-ue","14":"pa_masa-netto-268","15":"pa_objetosc-brutto-1091","16":"pa_producent-la-bio-idea-makarony-straczkowesosy-pomidorowe","17":"pa_producent-nazwa-adres-do-it-consumer-products-bv-hermesweg-7-3771-nd-barneveld","18":"pa_tagi-bez-cukru-w-skladnikach","19":"pa_tagi-bez-glutenu-w-skladnikach","20":"pa_tagi-certyfikat-bio","21":"pa_tagi-weganski","22":"pa_tagi-wegetarianski","24":"first","25":"instock","26":"taxable","27":"shipping-taxable","28":"purchasable","29":"product-type-simple"},"acf":[],"_links":{"self":[{"href":"https:\/\/wiejskieprzysmaki.estima.site\/en\/wp-json\/wp\/v2\/product\/2824","targetHints":{"allow":["GET"]}}],"collection":[{"href":"https:\/\/wiejskieprzysmaki.estima.site\/en\/wp-json\/wp\/v2\/product"}],"about":[{"href":"https:\/\/wiejskieprzysmaki.estima.site\/en\/wp-json\/wp\/v2\/types\/product"}],"replies":[{"embeddable":true,"href":"https:\/\/wiejskieprzysmaki.estima.site\/en\/wp-json\/wp\/v2\/comments?post=2824"}],"wp:featuredmedia":[{"embeddable":true,"href":"https:\/\/wiejskieprzysmaki.estima.site\/en\/wp-json\/wp\/v2\/media\/2825"}],"wp:attachment":[{"href":"https:\/\/wiejskieprzysmaki.estima.site\/en\/wp-json\/wp\/v2\/media?parent=2824"}],"wp:term":[{"taxonomy":"product_brand","embeddable":true,"href":"https:\/\/wiejskieprzysmaki.estima.site\/en\/wp-json\/wp\/v2\/product_brand?post=2824"},{"taxonomy":"product_cat","embeddable":true,"href":"https:\/\/wiejskieprzysmaki.estima.site\/en\/wp-json\/wp\/v2\/product_cat?post=2824"},{"taxonomy":"product_tag","embeddable":true,"href":"https:\/\/wiejskieprzysmaki.estima.site\/en\/wp-json\/wp\/v2\/product_tag?post=2824"}],"curies":[{"name":"wp","href":"https:\/\/api.w.org\/{rel}","templated":true}]}}