{"id":2842,"date":"2025-02-18T10:46:34","date_gmt":"2025-02-18T09:46:34","guid":{"rendered":"https:\/\/wiejskieprzysmaki.estima.site\/produkt\/majonez-jajeczny-bio-180-ml-poloniak\/"},"modified":"2025-02-18T10:46:47","modified_gmt":"2025-02-18T09:46:47","slug":"majonez-jajeczny-bio-180-ml-poloniak","status":"publish","type":"product","link":"https:\/\/wiejskieprzysmaki.estima.site\/en\/product\/majonez-jajeczny-bio-180-ml-poloniak\/","title":{"rendered":"MAJONEZ JAJECZNY BIO 180 ml &#8211; POLONIAK"},"content":{"rendered":"<p>SK\u0141ADNIKI  <br \/>olej rzepakowy*, JAJA kurze*, musztarda*, ocet jab\u0142kowy*, pieprz*, s\u00f3l (*certyfikowany sk\u0142adnik ekologiczny)<\/p>\n<p>OPIS  <br \/>Produkt niepasteryzowany<\/p>\n<p>WARTO\u015a\u0106 OD\u017bYWCZA W 100 g  <br \/>Warto\u015b\u0107 energetyczna: 3079 kJ\/739 kcal  <br \/>T\u0142uszcz: 80 g <br \/>w tym kwasy nasycone: 5,4 g  <br \/>W\u0119glowodany: 3,5 g <br \/>w tym cukry: 0,1 g  <br \/>Bia\u0142ko: 1,3 g  <br \/>S\u00f3l: 0,8 g<\/p>\n<p>ZALECANE WARUNKI PRZECHOWYWANIA<br \/>Przechowywa\u0107 w temperaturze od +4 do +8\u00b0C. <\/p>","protected":false},"excerpt":{"rendered":"<p>SK\u0141ADNIKI olej rzepakowy*, JAJA kurze*, musztarda*, ocet jab\u0142kowy*, pieprz*, s\u00f3l (*certyfikowany sk\u0142adnik ekologiczny) OPIS Produkt niepasteryzowany WARTO\u015a\u0106 OD\u017bYWCZA W 100 g Warto\u015b\u0107 energetyczna: 3079 kJ\/739 kcal T\u0142uszcz: 80 g w tym kwasy nasycone: 5,4 g W\u0119glowodany: 3,5 g w tym cukry: 0,1 g Bia\u0142ko: 1,3 g S\u00f3l: 0,8 g ZALECANE WARUNKI PRZECHOWYWANIAPrzechowywa\u0107 w temperaturze od [&hellip;]<\/p>","protected":false},"featured_media":2843,"comment_status":"closed","ping_status":"open","template":"","meta":{"_acf_changed":false},"product_brand":[],"product_cat":[274,753],"product_tag":[],"class_list":{"0":"post-2842","1":"product","2":"type-product","3":"status-publish","4":"has-post-thumbnail","6":"product_cat-lodowka-inne","7":"product_cat-majonezy-hummusy-sosy-pasty","8":"pa_ean-matka-2574","9":"pa_gwarancja-przydatnosci-681","10":"pa_ilosc-w-opakowaniu-374","11":"pa_jednostka-podstawowa-szt","12":"pa_kod-cn-2103-90-90","13":"pa_kraj-pochodzenia-skladnikow-turcja","14":"pa_objetosc-brutto-1071","15":"pa_objetosc-netto-1066","16":"pa_producent-poloniak-produkty-vege-majonezy","17":"pa_producent-nazwa-adres-poloniak-pl-irena-szymczykiewicz-tyl-sobieskiego-114-17-00-764-warszawa","18":"pa_tagi-bez-cukru-w-skladnikach","19":"pa_tagi-bez-glutenu-w-skladnikach","20":"pa_tagi-certyfikat-bio","21":"pa_tagi-wegetarianski","23":"first","24":"instock","25":"taxable","26":"shipping-taxable","27":"purchasable","28":"product-type-simple"},"acf":[],"_links":{"self":[{"href":"https:\/\/wiejskieprzysmaki.estima.site\/en\/wp-json\/wp\/v2\/product\/2842","targetHints":{"allow":["GET"]}}],"collection":[{"href":"https:\/\/wiejskieprzysmaki.estima.site\/en\/wp-json\/wp\/v2\/product"}],"about":[{"href":"https:\/\/wiejskieprzysmaki.estima.site\/en\/wp-json\/wp\/v2\/types\/product"}],"replies":[{"embeddable":true,"href":"https:\/\/wiejskieprzysmaki.estima.site\/en\/wp-json\/wp\/v2\/comments?post=2842"}],"wp:featuredmedia":[{"embeddable":true,"href":"https:\/\/wiejskieprzysmaki.estima.site\/en\/wp-json\/wp\/v2\/media\/2843"}],"wp:attachment":[{"href":"https:\/\/wiejskieprzysmaki.estima.site\/en\/wp-json\/wp\/v2\/media?parent=2842"}],"wp:term":[{"taxonomy":"product_brand","embeddable":true,"href":"https:\/\/wiejskieprzysmaki.estima.site\/en\/wp-json\/wp\/v2\/product_brand?post=2842"},{"taxonomy":"product_cat","embeddable":true,"href":"https:\/\/wiejskieprzysmaki.estima.site\/en\/wp-json\/wp\/v2\/product_cat?post=2842"},{"taxonomy":"product_tag","embeddable":true,"href":"https:\/\/wiejskieprzysmaki.estima.site\/en\/wp-json\/wp\/v2\/product_tag?post=2842"}],"curies":[{"name":"wp","href":"https:\/\/api.w.org\/{rel}","templated":true}]}}