{"id":2848,"date":"2025-02-18T10:46:34","date_gmt":"2025-02-18T09:46:34","guid":{"rendered":"https:\/\/wiejskieprzysmaki.estima.site\/produkt\/coconut-milk-napoj-kokosowy-bez-gumy-guar-22-tluszczu-bio-200-ml-terrasana\/"},"modified":"2025-02-18T10:46:49","modified_gmt":"2025-02-18T09:46:49","slug":"coconut-milk-napoj-kokosowy-bez-gumy-guar-22-tluszczu-bio-200-ml-terrasana","status":"publish","type":"product","link":"https:\/\/wiejskieprzysmaki.estima.site\/en\/product\/coconut-milk-napoj-kokosowy-bez-gumy-guar-22-tluszczu-bio-200-ml-terrasana\/","title":{"rendered":"COCONUT MILK &#8211; NAP\u00d3J KOKOSOWY BEZ GUMY GUAR (22 % T\u0141USZCZU) BIO 200 ml &#8211; TERRASANA"},"content":{"rendered":"<p>SK\u0141ADNIKI<br \/>esktrakt z mi\u0105\u017cszu kokosa* (80 %), woda. (*certyfikowany sk\u0142adnik ekologiczny)<\/p>\n<p>OPIS<br \/>Ekologiczna kokosowa alternatywa MLEKA stanowi doskona\u0142e uzupe\u0142nienie w kuchni orientalnej, a w szczeg\u00f3lno\u015bci potraw z curry. Charakteryzuje si\u0119 delikatn\u0105 konsystencj\u0105 oraz g\u0142\u0119bokim aromatem.  <br \/>Przed u\u017cyciem wstrz\u0105sn\u0105\u0107.<\/p>\n<p>WARTO\u015a\u0106 OD\u017bYWCZA W 100 ml <br \/>Warto\u015b\u0107 energetyczna &#8211; 899 kJ\/218 kcal<br \/>T\u0142uszcz &#8211; 22 g<br \/>w tym kwasy t\u0142uszczowe nasycone &#8211; 20 g<br \/>W\u0119glowodany &#8211; 3,0 g<br \/>wtym cukry &#8211; 0,6 g<br \/>B\u0142onnik &#8211; 0 g<br \/>Bia\u0142ko &#8211; 2,0 g<br \/>S\u00f3l &#8211; 0 g<\/p>\n<p>ZALECANE WARUNKI PRZECHOWYWANIA<br \/>Po otwarciu przechowywa\u0107 w lod\u00f3wce i spo\u017cy\u0107 w ci\u0105gu 3 dni.<\/p>","protected":false},"excerpt":{"rendered":"<p>SK\u0141ADNIKIesktrakt z mi\u0105\u017cszu kokosa* (80 %), woda. (*certyfikowany sk\u0142adnik ekologiczny) OPISEkologiczna kokosowa alternatywa MLEKA stanowi doskona\u0142e uzupe\u0142nienie w kuchni orientalnej, a w szczeg\u00f3lno\u015bci potraw z curry. Charakteryzuje si\u0119 delikatn\u0105 konsystencj\u0105 oraz g\u0142\u0119bokim aromatem. Przed u\u017cyciem wstrz\u0105sn\u0105\u0107. WARTO\u015a\u0106 OD\u017bYWCZA W 100 ml Warto\u015b\u0107 energetyczna &#8211; 899 kJ\/218 kcalT\u0142uszcz &#8211; 22 gw tym kwasy t\u0142uszczowe nasycone &#8211; [&hellip;]<\/p>","protected":false},"featured_media":2849,"comment_status":"closed","ping_status":"open","template":"","meta":{"_acf_changed":false},"product_brand":[],"product_cat":[134,1008],"product_tag":[],"class_list":{"0":"post-2848","1":"product","2":"type-product","3":"status-publish","4":"has-post-thumbnail","6":"product_cat-napoje","7":"product_cat-roslinne-alternatywy-mleka-i-smietany","8":"pa_ean-matka-2581","9":"pa_gwarancja-przydatnosci-522","10":"pa_ilosc-w-opakowaniu-331","11":"pa_jednostka-podstawowa-szt","12":"pa_kod-cn-2106-90-92","13":"pa_kraj-pochodzenia-skladnikow-turcja","14":"pa_objetosc-brutto-2580","15":"pa_objetosc-netto-436","16":"pa_producent-terrasana-kremy-makarony-sosy-sojowe-inne","17":"pa_producent-nazwa-adres-terrasana-natuurvoeding-b-v-waaier-10-2451-leimuiden","18":"pa_tagi-bez-cukru-w-skladnikach","19":"pa_tagi-bez-glutenu-w-skladnikach","20":"pa_tagi-certyfikat-bio","21":"pa_tagi-weganski","22":"pa_tagi-wegetarianski","24":"first","25":"instock","26":"taxable","27":"shipping-taxable","28":"purchasable","29":"product-type-simple"},"acf":[],"_links":{"self":[{"href":"https:\/\/wiejskieprzysmaki.estima.site\/en\/wp-json\/wp\/v2\/product\/2848","targetHints":{"allow":["GET"]}}],"collection":[{"href":"https:\/\/wiejskieprzysmaki.estima.site\/en\/wp-json\/wp\/v2\/product"}],"about":[{"href":"https:\/\/wiejskieprzysmaki.estima.site\/en\/wp-json\/wp\/v2\/types\/product"}],"replies":[{"embeddable":true,"href":"https:\/\/wiejskieprzysmaki.estima.site\/en\/wp-json\/wp\/v2\/comments?post=2848"}],"wp:featuredmedia":[{"embeddable":true,"href":"https:\/\/wiejskieprzysmaki.estima.site\/en\/wp-json\/wp\/v2\/media\/2849"}],"wp:attachment":[{"href":"https:\/\/wiejskieprzysmaki.estima.site\/en\/wp-json\/wp\/v2\/media?parent=2848"}],"wp:term":[{"taxonomy":"product_brand","embeddable":true,"href":"https:\/\/wiejskieprzysmaki.estima.site\/en\/wp-json\/wp\/v2\/product_brand?post=2848"},{"taxonomy":"product_cat","embeddable":true,"href":"https:\/\/wiejskieprzysmaki.estima.site\/en\/wp-json\/wp\/v2\/product_cat?post=2848"},{"taxonomy":"product_tag","embeddable":true,"href":"https:\/\/wiejskieprzysmaki.estima.site\/en\/wp-json\/wp\/v2\/product_tag?post=2848"}],"curies":[{"name":"wp","href":"https:\/\/api.w.org\/{rel}","templated":true}]}}