{"id":2850,"date":"2025-02-18T10:46:34","date_gmt":"2025-02-18T09:46:34","guid":{"rendered":"https:\/\/wiejskieprzysmaki.estima.site\/produkt\/sok-buraczkowy-z-jablkiem-nfc-bio-300-ml-tlocznia-maurera\/"},"modified":"2025-02-18T10:46:50","modified_gmt":"2025-02-18T09:46:50","slug":"sok-buraczkowy-z-jablkiem-nfc-bio-300-ml-tlocznia-maurera","status":"publish","type":"product","link":"https:\/\/wiejskieprzysmaki.estima.site\/en\/product\/sok-buraczkowy-z-jablkiem-nfc-bio-300-ml-tlocznia-maurera\/","title":{"rendered":"SOK BURACZKOWY Z JAB\u0141KIEM NFC BIO 300 ml &#8211; T\u0141OCZNIA MAURERA"},"content":{"rendered":"<p>SK\u0141ADNIKI<br \/>sok z burak\u00f3w* (70 %), sok jab\u0142kowy* (30 %). (*certyfikowany sk\u0142adnik ekologiczny)<\/p>\n<p>OPIS<br \/>Smak soku zale\u017cy od odmiany owoc\u00f3w. M\u0119tno\u015b\u0107 i osad to zjawisko naturalne (naturalna pozosta\u0142o\u015b\u0107 drobnych cz\u0105stek mi\u0105\u017cszu). Zawiera tylko i wy\u0142\u0105cznie naturalnie wyst\u0119puj\u0105ce cukry.<br \/>Przed u\u017cyciem wstrz\u0105sn\u0105\u0107.<\/p>\n<p>WARTO\u015a\u0106 OD\u017bYWCZA W 100 ml  <br \/>Warto\u015b\u0107 energetyczna: 187 kJ\/45 kcal  <br \/>T\u0142uszcz: 0 g  <br \/>w tym kwasy t\u0142uszczowe nasycone: 0 g  <br \/>W\u0119glowodany: 8,0 g  <br \/>w tym cukry: 7,9 g  <br \/>Bia\u0142ko: 0,6 g  <br \/>S\u00f3l: 0,12 g<\/p>\n<p>ZALECANE WARUNKI PRZECHOWYWANIA<br \/>Przechowywa\u0107 w ch\u0142odnym i zacienionym miejscu. Po otwarciu przechowywa\u0107 w lod\u00f3wce i spo\u017cy\u0107 w ci\u0105gu 2 dni.<\/p>","protected":false},"excerpt":{"rendered":"<p>SK\u0141ADNIKIsok z burak\u00f3w* (70 %), sok jab\u0142kowy* (30 %). (*certyfikowany sk\u0142adnik ekologiczny) OPISSmak soku zale\u017cy od odmiany owoc\u00f3w. M\u0119tno\u015b\u0107 i osad to zjawisko naturalne (naturalna pozosta\u0142o\u015b\u0107 drobnych cz\u0105stek mi\u0105\u017cszu). Zawiera tylko i wy\u0142\u0105cznie naturalnie wyst\u0119puj\u0105ce cukry.Przed u\u017cyciem wstrz\u0105sn\u0105\u0107. WARTO\u015a\u0106 OD\u017bYWCZA W 100 ml Warto\u015b\u0107 energetyczna: 187 kJ\/45 kcal T\u0142uszcz: 0 g w tym kwasy t\u0142uszczowe [&hellip;]<\/p>","protected":false},"featured_media":2851,"comment_status":"closed","ping_status":"open","template":"","meta":{"_acf_changed":false},"product_brand":[],"product_cat":[134,863],"product_tag":[],"class_list":{"0":"post-2850","1":"product","2":"type-product","3":"status-publish","4":"has-post-thumbnail","6":"product_cat-napoje","7":"product_cat-soki-warzywne-warzywne-z-dodatkami-i-inne","8":"pa_ean-matka-2585","9":"pa_gwarancja-przydatnosci-311","10":"pa_ilosc-w-opakowaniu-350","11":"pa_jednostka-podstawowa-szt","12":"pa_kod-cn-2009-90-98","13":"pa_kraj-pochodzenia-skladnikow-polska","14":"pa_objetosc-brutto-2583","15":"pa_objetosc-netto-1198","16":"pa_producent-tlocznia-maurera-soki","17":"pa_producent-nazwa-adres-p-p-u-h-tlocznia-maurer-zarzecze-1-33-390-lacko","18":"pa_tagi-bez-cukru-w-skladnikach","19":"pa_tagi-bez-glutenu-w-skladnikach","20":"pa_tagi-certyfikat-bio","21":"pa_tagi-weganski","22":"pa_tagi-wegetarianski","24":"first","25":"instock","26":"taxable","27":"shipping-taxable","28":"purchasable","29":"product-type-simple"},"acf":[],"_links":{"self":[{"href":"https:\/\/wiejskieprzysmaki.estima.site\/en\/wp-json\/wp\/v2\/product\/2850","targetHints":{"allow":["GET"]}}],"collection":[{"href":"https:\/\/wiejskieprzysmaki.estima.site\/en\/wp-json\/wp\/v2\/product"}],"about":[{"href":"https:\/\/wiejskieprzysmaki.estima.site\/en\/wp-json\/wp\/v2\/types\/product"}],"replies":[{"embeddable":true,"href":"https:\/\/wiejskieprzysmaki.estima.site\/en\/wp-json\/wp\/v2\/comments?post=2850"}],"wp:featuredmedia":[{"embeddable":true,"href":"https:\/\/wiejskieprzysmaki.estima.site\/en\/wp-json\/wp\/v2\/media\/2851"}],"wp:attachment":[{"href":"https:\/\/wiejskieprzysmaki.estima.site\/en\/wp-json\/wp\/v2\/media?parent=2850"}],"wp:term":[{"taxonomy":"product_brand","embeddable":true,"href":"https:\/\/wiejskieprzysmaki.estima.site\/en\/wp-json\/wp\/v2\/product_brand?post=2850"},{"taxonomy":"product_cat","embeddable":true,"href":"https:\/\/wiejskieprzysmaki.estima.site\/en\/wp-json\/wp\/v2\/product_cat?post=2850"},{"taxonomy":"product_tag","embeddable":true,"href":"https:\/\/wiejskieprzysmaki.estima.site\/en\/wp-json\/wp\/v2\/product_tag?post=2850"}],"curies":[{"name":"wp","href":"https:\/\/api.w.org\/{rel}","templated":true}]}}