{"id":2862,"date":"2025-02-18T10:46:57","date_gmt":"2025-02-18T09:46:57","guid":{"rendered":"https:\/\/wiejskieprzysmaki.estima.site\/produkt\/sol-morska-drobno-mielona-surowiec-25-kg\/"},"modified":"2025-02-18T10:47:04","modified_gmt":"2025-02-18T09:47:04","slug":"sol-morska-drobno-mielona-surowiec-25-kg","status":"publish","type":"product","link":"https:\/\/wiejskieprzysmaki.estima.site\/en\/product\/sol-morska-drobno-mielona-surowiec-25-kg\/","title":{"rendered":"S\u00d3L MORSKA DROBNO MIELONA (SUROWIEC) (25 kg)"},"content":{"rendered":"<p>SK\u0141ADNIKI<br \/>s\u00f3l morska drobno mielona 100%, nierafinowana. Nie zawiera substancji przeciwzbrylaj\u0105cej.<\/p>\n<p>OPIS<br \/>S\u00f3l morska pozyskiwana jest przez odparowanie wody morskiej. To najbardziej znana przyprawa w naszej kuchni. Ze wzgl\u0119du na unikalny smak od wiek\u00f3w ceniona jest w kuchniach ca\u0142ego \u015bwiata. S\u00f3l morska to doskona\u0142a alternatywa dla soli kuchennej.<\/p>\n<p>ZALECANE WARUNKI PRZECHOWYWANIA<br \/>Przechowywa\u0107 w suchym i ch\u0142odnym miejscu.<\/p>\n<p>INFORMACJA  <br \/>Cyfra na ko\u0144cu nazwy surowca okre\u015bla numer brygady Bio Planet odpowiedzialnej za konfekcjonowanie tego surowca.<\/p>","protected":false},"excerpt":{"rendered":"<p>SK\u0141ADNIKIs\u00f3l morska drobno mielona 100%, nierafinowana. Nie zawiera substancji przeciwzbrylaj\u0105cej. OPISS\u00f3l morska pozyskiwana jest przez odparowanie wody morskiej. To najbardziej znana przyprawa w naszej kuchni. Ze wzgl\u0119du na unikalny smak od wiek\u00f3w ceniona jest w kuchniach ca\u0142ego \u015bwiata. S\u00f3l morska to doskona\u0142a alternatywa dla soli kuchennej. ZALECANE WARUNKI PRZECHOWYWANIAPrzechowywa\u0107 w suchym i ch\u0142odnym miejscu. INFORMACJA [&hellip;]<\/p>","protected":false},"featured_media":2863,"comment_status":"closed","ping_status":"open","template":"","meta":{"_acf_changed":false},"product_brand":[],"product_cat":[229,1360],"product_tag":[],"class_list":{"0":"post-2862","1":"product","2":"type-product","3":"status-publish","4":"has-post-thumbnail","6":"product_cat-przyprawy-i-ziola","7":"product_cat-sol","8":"pa_ean-matka-2592","9":"pa_gwarancja-przydatnosci-301","10":"pa_ilosc-w-opakowaniu-310","11":"pa_jednostka-podstawowa-kg","12":"pa_kod-cn-2501-00-91","13":"pa_kraj-pochodzenia-skladnikow-tunezja","14":"pa_masa-netto-209","15":"pa_producent-horeca-bio-surowce","16":"pa_producent-nazwa-adres-bio-planet-s-a-wilkowa-wies-7-05-084-leszno","17":"pa_tagi-bez-cukru-w-skladnikach","18":"pa_tagi-bez-glutenu-w-skladnikach","19":"pa_tagi-weganski","20":"pa_tagi-wegetarianski","22":"first","23":"instock","24":"taxable","25":"shipping-taxable","26":"purchasable","27":"product-type-simple"},"acf":[],"_links":{"self":[{"href":"https:\/\/wiejskieprzysmaki.estima.site\/en\/wp-json\/wp\/v2\/product\/2862","targetHints":{"allow":["GET"]}}],"collection":[{"href":"https:\/\/wiejskieprzysmaki.estima.site\/en\/wp-json\/wp\/v2\/product"}],"about":[{"href":"https:\/\/wiejskieprzysmaki.estima.site\/en\/wp-json\/wp\/v2\/types\/product"}],"replies":[{"embeddable":true,"href":"https:\/\/wiejskieprzysmaki.estima.site\/en\/wp-json\/wp\/v2\/comments?post=2862"}],"wp:featuredmedia":[{"embeddable":true,"href":"https:\/\/wiejskieprzysmaki.estima.site\/en\/wp-json\/wp\/v2\/media\/2863"}],"wp:attachment":[{"href":"https:\/\/wiejskieprzysmaki.estima.site\/en\/wp-json\/wp\/v2\/media?parent=2862"}],"wp:term":[{"taxonomy":"product_brand","embeddable":true,"href":"https:\/\/wiejskieprzysmaki.estima.site\/en\/wp-json\/wp\/v2\/product_brand?post=2862"},{"taxonomy":"product_cat","embeddable":true,"href":"https:\/\/wiejskieprzysmaki.estima.site\/en\/wp-json\/wp\/v2\/product_cat?post=2862"},{"taxonomy":"product_tag","embeddable":true,"href":"https:\/\/wiejskieprzysmaki.estima.site\/en\/wp-json\/wp\/v2\/product_tag?post=2862"}],"curies":[{"name":"wp","href":"https:\/\/api.w.org\/{rel}","templated":true}]}}