{"id":2893,"date":"2025-02-18T10:46:57","date_gmt":"2025-02-18T09:46:57","guid":{"rendered":"https:\/\/wiejskieprzysmaki.estima.site\/produkt\/blonnik-luski-babki-jajowatej-bio-115-g-apotheke\/"},"modified":"2025-02-20T15:14:05","modified_gmt":"2025-02-20T14:14:05","slug":"blonnik-luski-babki-jajowatej-bio-115-g-apotheke","status":"publish","type":"product","link":"https:\/\/wiejskieprzysmaki.estima.site\/en\/product\/blonnik-luski-babki-jajowatej-bio-115-g-apotheke\/","title":{"rendered":"B\u0141ONNIK (\u0141USKI BABKI JAJOWATEJ) BIO 115 g &#8211; APOTHEKE"},"content":{"rendered":"<p>SK\u0141ADNIKI<br \/>Plantago ovata (\u0142uski babki jajowatej)* (*certyfikowany sk\u0142adnik ekologiczny)<\/p>\n<p>OPIS<br \/>Suplement diety. Rozpuszczalny b\u0142onnik. W\u0142\u0105czenie Psyllium do diety przyczynia si\u0119 do prawid\u0142owego funkcjonowania przewodu pokarmowego. <\/p>\n<p>SPOS\u00d3B PRZYGOTOWANIA<br \/>B\u0142onnik w ilo\u015bci 4 g (1 miarka) wymiesza\u0107 z ch\u0142odn\u0105 wod\u0105 w 250 ml lub doda\u0107 do jogurt\u00f3w, kaszy, zup. <\/p>\n<p>ZALECANE SPO\u017bYCIE I INNE UWAGI<br \/>3 razy dziennie po 1 miarce produktu (1 miarka zawiera 4 g produktu). Spo\u017cywa\u0107 rano na czczo lub wieczorem przed snem, popijaj\u0105c szklank\u0105 innego napoju, herbaty lub soku owocowego. <br \/>Produkt przeznaczony dla os\u00f3b doros\u0142ych. Preparat mo\u017ce powodowa\u0107 obni\u017cenie zawarto\u015bci cukru we krwi. Suplement diety nie mo\u017ce by\u0107 stosowany jako substytut zr\u00f3\u017cnicowanej diety. Nie nale\u017cy przekracza\u0107 zalecanej porcji do spo\u017cycia w ci\u0105gu dnia (12 g produktu, co odpowiada 10 g b\u0142onnika). <\/p>\n<p>WARTO\u015a\u0106 OD\u017bYWCZA W 100 g <br \/>Warto\u015b\u0107 energetyczna: 718 kJ \/ 179 kcal <br \/>T\u0142uszcz: 0,6 g <br \/>w tym kwasy t\u0142uszczowe nasycone: 0 g <br \/>W\u0119glowodany: 0,1 g <br \/>w tym cukry: 0 g <br \/>B\u0142onnik: 83,3 g <br \/>Bia\u0142ko: 1,6 g <br \/>S\u00f3l: &lt;0,01 g<\/p>\n<p>ZALECANE WARUNKI PRZECHOWYWANIA <br \/>Przechowywa\u0107 w suchym i ch\u0142odnym miejscu, w spos\u00f3b niedost\u0119pny dla ma\u0142ych dzieci.<\/p>","protected":false},"excerpt":{"rendered":"<p>SK\u0141ADNIKIPlantago ovata (\u0142uski babki jajowatej)* (*certyfikowany sk\u0142adnik ekologiczny) OPISSuplement diety. Rozpuszczalny b\u0142onnik. W\u0142\u0105czenie Psyllium do diety przyczynia si\u0119 do prawid\u0142owego funkcjonowania przewodu pokarmowego. SPOS\u00d3B PRZYGOTOWANIAB\u0142onnik w ilo\u015bci 4 g (1 miarka) wymiesza\u0107 z ch\u0142odn\u0105 wod\u0105 w 250 ml lub doda\u0107 do jogurt\u00f3w, kaszy, zup. ZALECANE SPO\u017bYCIE I INNE UWAGI3 razy dziennie po 1 miarce produktu [&hellip;]<\/p>","protected":false},"featured_media":2894,"comment_status":"closed","ping_status":"open","template":"","meta":{"_acf_changed":false},"product_brand":[],"product_cat":[290,9057],"product_tag":[],"class_list":{"0":"post-2893","1":"product","2":"type-product","3":"status-publish","4":"has-post-thumbnail","6":"product_cat-produkty-sproszkowane","7":"product_cat-suplementy-diety","8":"pa_ean-matka-2615","9":"pa_gwarancja-przydatnosci-311","10":"pa_ilosc-w-opakowaniu-350","11":"pa_jednostka-podstawowa-szt","12":"pa_kod-cn-2302-30-90","13":"pa_kraj-pochodzenia-skladnikow-indie","14":"pa_masa-netto-387","15":"pa_objetosc-brutto-2583","16":"pa_producent-apotheke-herbatki-dla-dzieci-doroslych-blonnik","17":"pa_producent-nazwa-adres-mediate-s-r-o-dolni-libchavy-325-56116-libchavy","18":"pa_tagi-bez-cukru-w-skladnikach","19":"pa_tagi-bez-glutenu-w-skladnikach","20":"pa_tagi-certyfikat-bio","21":"pa_tagi-weganski","22":"pa_tagi-wegetarianski","24":"first","25":"instock","26":"taxable","27":"shipping-taxable","28":"purchasable","29":"product-type-simple"},"acf":[],"_links":{"self":[{"href":"https:\/\/wiejskieprzysmaki.estima.site\/en\/wp-json\/wp\/v2\/product\/2893","targetHints":{"allow":["GET"]}}],"collection":[{"href":"https:\/\/wiejskieprzysmaki.estima.site\/en\/wp-json\/wp\/v2\/product"}],"about":[{"href":"https:\/\/wiejskieprzysmaki.estima.site\/en\/wp-json\/wp\/v2\/types\/product"}],"replies":[{"embeddable":true,"href":"https:\/\/wiejskieprzysmaki.estima.site\/en\/wp-json\/wp\/v2\/comments?post=2893"}],"wp:featuredmedia":[{"embeddable":true,"href":"https:\/\/wiejskieprzysmaki.estima.site\/en\/wp-json\/wp\/v2\/media\/2894"}],"wp:attachment":[{"href":"https:\/\/wiejskieprzysmaki.estima.site\/en\/wp-json\/wp\/v2\/media?parent=2893"}],"wp:term":[{"taxonomy":"product_brand","embeddable":true,"href":"https:\/\/wiejskieprzysmaki.estima.site\/en\/wp-json\/wp\/v2\/product_brand?post=2893"},{"taxonomy":"product_cat","embeddable":true,"href":"https:\/\/wiejskieprzysmaki.estima.site\/en\/wp-json\/wp\/v2\/product_cat?post=2893"},{"taxonomy":"product_tag","embeddable":true,"href":"https:\/\/wiejskieprzysmaki.estima.site\/en\/wp-json\/wp\/v2\/product_tag?post=2893"}],"curies":[{"name":"wp","href":"https:\/\/api.w.org\/{rel}","templated":true}]}}