{"id":2903,"date":"2025-02-18T10:47:16","date_gmt":"2025-02-18T09:47:16","guid":{"rendered":"https:\/\/wiejskieprzysmaki.estima.site\/produkt\/umeboshi-morele-japonskie-kiszone-bio-150-g-terrasana\/"},"modified":"2025-02-18T10:47:20","modified_gmt":"2025-02-18T09:47:20","slug":"umeboshi-morele-japonskie-kiszone-bio-150-g-terrasana","status":"publish","type":"product","link":"https:\/\/wiejskieprzysmaki.estima.site\/en\/product\/umeboshi-morele-japonskie-kiszone-bio-150-g-terrasana\/","title":{"rendered":"UMEBOSHI (MORELE JAPO\u0143SKIE KISZONE) BIO 150 g &#8211; TERRASANA"},"content":{"rendered":"<p>SK\u0141ADNIKI<br \/>\u015bliwiki japo\u0144skie ume*, s\u00f3l morska, pachnotka zwyczajna*. (*certyfikowany sk\u0142adnik ekologiczny)<\/p>\n<p>WARTO\u015a\u0106 OD\u017bYWCZA W 100 g<br \/>Warto\u015b\u0107 energetyczna &#8211; 153 kJ\/37 kcal  <br \/>T\u0142uszcz &#8211; 0 g  <br \/>w tym kwasy t\u0142uszczowe nasycone &#8211; 0 g  <br \/>W\u0119glowodany &#8211; 7 g  <br \/>w tym cukry &#8211; 0,5 g  <br \/>B\u0142onnik &#8211; 4,3 g  <br \/>Bia\u0142ko &#8211; 0 g  <br \/>S\u00f3l &#8211; 21,6 g<\/p>\n<p>ZALECANE WARUNKI PRZECHOWYWANIA<br \/>Przechowywa\u0107 w suchym i ch\u0142odnym miejscu<\/p>","protected":false},"excerpt":{"rendered":"<p>SK\u0141ADNIKI\u015bliwiki japo\u0144skie ume*, s\u00f3l morska, pachnotka zwyczajna*. (*certyfikowany sk\u0142adnik ekologiczny) WARTO\u015a\u0106 OD\u017bYWCZA W 100 gWarto\u015b\u0107 energetyczna &#8211; 153 kJ\/37 kcal T\u0142uszcz &#8211; 0 g w tym kwasy t\u0142uszczowe nasycone &#8211; 0 g W\u0119glowodany &#8211; 7 g w tym cukry &#8211; 0,5 g B\u0142onnik &#8211; 4,3 g Bia\u0142ko &#8211; 0 g S\u00f3l &#8211; 21,6 g ZALECANE [&hellip;]<\/p>","protected":false},"featured_media":2904,"comment_status":"closed","ping_status":"open","template":"","meta":{"_acf_changed":false},"product_brand":[],"product_cat":[1792,998],"product_tag":[],"class_list":{"0":"post-2903","1":"product","2":"type-product","3":"status-publish","4":"has-post-thumbnail","6":"product_cat-owoce-w-zalewie-kiszone","7":"product_cat-przetwory-warzywne-i-owocowe","8":"pa_ean-matka-2625","9":"pa_gwarancja-przydatnosci-522","10":"pa_ilosc-w-opakowaniu-298","11":"pa_jednostka-podstawowa-szt","12":"pa_kod-cn-2008-99-99","13":"pa_kraj-pochodzenia-skladnikow-japonia","14":"pa_masa-netto-197","15":"pa_objetosc-brutto-2624","16":"pa_producent-terrasana-kremy-makarony-sosy-sojowe-inne","17":"pa_producent-nazwa-adres-terrasana-natuurvoeding-b-v-waaier-10-2451-leimuiden","18":"pa_tagi-bez-cukru-w-skladnikach","19":"pa_tagi-bez-glutenu-w-skladnikach","20":"pa_tagi-certyfikat-bio","21":"pa_tagi-weganski","22":"pa_tagi-wegetarianski","24":"first","25":"instock","26":"taxable","27":"shipping-taxable","28":"purchasable","29":"product-type-simple"},"acf":[],"_links":{"self":[{"href":"https:\/\/wiejskieprzysmaki.estima.site\/en\/wp-json\/wp\/v2\/product\/2903","targetHints":{"allow":["GET"]}}],"collection":[{"href":"https:\/\/wiejskieprzysmaki.estima.site\/en\/wp-json\/wp\/v2\/product"}],"about":[{"href":"https:\/\/wiejskieprzysmaki.estima.site\/en\/wp-json\/wp\/v2\/types\/product"}],"replies":[{"embeddable":true,"href":"https:\/\/wiejskieprzysmaki.estima.site\/en\/wp-json\/wp\/v2\/comments?post=2903"}],"wp:featuredmedia":[{"embeddable":true,"href":"https:\/\/wiejskieprzysmaki.estima.site\/en\/wp-json\/wp\/v2\/media\/2904"}],"wp:attachment":[{"href":"https:\/\/wiejskieprzysmaki.estima.site\/en\/wp-json\/wp\/v2\/media?parent=2903"}],"wp:term":[{"taxonomy":"product_brand","embeddable":true,"href":"https:\/\/wiejskieprzysmaki.estima.site\/en\/wp-json\/wp\/v2\/product_brand?post=2903"},{"taxonomy":"product_cat","embeddable":true,"href":"https:\/\/wiejskieprzysmaki.estima.site\/en\/wp-json\/wp\/v2\/product_cat?post=2903"},{"taxonomy":"product_tag","embeddable":true,"href":"https:\/\/wiejskieprzysmaki.estima.site\/en\/wp-json\/wp\/v2\/product_tag?post=2903"}],"curies":[{"name":"wp","href":"https:\/\/api.w.org\/{rel}","templated":true}]}}