{"id":2905,"date":"2025-02-18T10:47:16","date_gmt":"2025-02-18T09:47:16","guid":{"rendered":"https:\/\/wiejskieprzysmaki.estima.site\/produkt\/syrop-buraczany-bio-450-g-horizon\/"},"modified":"2025-02-18T10:47:21","modified_gmt":"2025-02-18T09:47:21","slug":"syrop-buraczany-bio-450-g-horizon","status":"publish","type":"product","link":"https:\/\/wiejskieprzysmaki.estima.site\/en\/product\/syrop-buraczany-bio-450-g-horizon\/","title":{"rendered":"SYROP BURACZANY BIO 450 g &#8211; HORIZON"},"content":{"rendered":"<p>SK\u0141ADNIKI<br \/>burak cukrowy*, woda. (*certyfikowany sk\u0142adnik ekologiczny)<\/p>\n<p>WARTO\u015a\u0106 OD\u017bYWCZA W 100 ml<br \/>Waro\u015b\u0107 energetyczna: 1774 kJ\/419 kcal <br \/>T\u0142uszcz: 0,1 g <br \/>w tym kwasy t\u0142uszczowe nasycone: 0 g <br \/>W\u0119glowodany: 97 g <br \/>w tym cukry: 92 g <br \/>Bia\u0142ko: 3,0 g <br \/>S\u00f3l: 0,04 g<\/p>\n<p>INFORMACJA ALERGENNA <br \/>Mo\u017ce zawiera\u0107 ORZESZKI ZIEMNE i inne ORZECHY oraz SEZAM.<\/p>\n<p>ZALECANE WARUNKI PRZECHOWYWANIA <br \/>Przechowywa\u0107 w suchym i ch\u0142odnym miejscu.<\/p>","protected":false},"excerpt":{"rendered":"<p>SK\u0141ADNIKIburak cukrowy*, woda. (*certyfikowany sk\u0142adnik ekologiczny) WARTO\u015a\u0106 OD\u017bYWCZA W 100 mlWaro\u015b\u0107 energetyczna: 1774 kJ\/419 kcal T\u0142uszcz: 0,1 g w tym kwasy t\u0142uszczowe nasycone: 0 g W\u0119glowodany: 97 g w tym cukry: 92 g Bia\u0142ko: 3,0 g S\u00f3l: 0,04 g INFORMACJA ALERGENNA Mo\u017ce zawiera\u0107 ORZESZKI ZIEMNE i inne ORZECHY oraz SEZAM. ZALECANE WARUNKI PRZECHOWYWANIA Przechowywa\u0107 w [&hellip;]<\/p>","protected":false},"featured_media":2906,"comment_status":"closed","ping_status":"open","template":"","meta":{"_acf_changed":false},"product_brand":[],"product_cat":[304,305],"product_tag":[],"class_list":{"0":"post-2905","1":"product","2":"type-product","3":"status-publish","4":"has-post-thumbnail","6":"product_cat-slodziki","7":"product_cat-syropy-melasy","8":"pa_ean-matka-2626","9":"pa_gwarancja-przydatnosci-301","10":"pa_ilosc-w-opakowaniu-298","11":"pa_jednostka-podstawowa-szt","12":"pa_kod-cn-1702-90-95","13":"pa_kraj-pochodzenia-skladnikow-niderlandy","14":"pa_masa-netto-300","15":"pa_objetosc-brutto-303","16":"pa_producent-horizon-syropy-kremy-orzechowe","17":"pa_producent-nazwa-adres-horizon-natuurvoeding-bv-lage-dijk-noord-20a-3401-va-ijsselstein","18":"pa_tagi-bez-glutenu-w-skladnikach","19":"pa_tagi-certyfikat-bio","20":"pa_tagi-weganski","21":"pa_tagi-wegetarianski","23":"first","24":"instock","25":"taxable","26":"shipping-taxable","27":"purchasable","28":"product-type-simple"},"acf":[],"_links":{"self":[{"href":"https:\/\/wiejskieprzysmaki.estima.site\/en\/wp-json\/wp\/v2\/product\/2905","targetHints":{"allow":["GET"]}}],"collection":[{"href":"https:\/\/wiejskieprzysmaki.estima.site\/en\/wp-json\/wp\/v2\/product"}],"about":[{"href":"https:\/\/wiejskieprzysmaki.estima.site\/en\/wp-json\/wp\/v2\/types\/product"}],"replies":[{"embeddable":true,"href":"https:\/\/wiejskieprzysmaki.estima.site\/en\/wp-json\/wp\/v2\/comments?post=2905"}],"wp:featuredmedia":[{"embeddable":true,"href":"https:\/\/wiejskieprzysmaki.estima.site\/en\/wp-json\/wp\/v2\/media\/2906"}],"wp:attachment":[{"href":"https:\/\/wiejskieprzysmaki.estima.site\/en\/wp-json\/wp\/v2\/media?parent=2905"}],"wp:term":[{"taxonomy":"product_brand","embeddable":true,"href":"https:\/\/wiejskieprzysmaki.estima.site\/en\/wp-json\/wp\/v2\/product_brand?post=2905"},{"taxonomy":"product_cat","embeddable":true,"href":"https:\/\/wiejskieprzysmaki.estima.site\/en\/wp-json\/wp\/v2\/product_cat?post=2905"},{"taxonomy":"product_tag","embeddable":true,"href":"https:\/\/wiejskieprzysmaki.estima.site\/en\/wp-json\/wp\/v2\/product_tag?post=2905"}],"curies":[{"name":"wp","href":"https:\/\/api.w.org\/{rel}","templated":true}]}}