{"id":2909,"date":"2025-02-18T10:47:16","date_gmt":"2025-02-18T09:47:16","guid":{"rendered":"https:\/\/wiejskieprzysmaki.estima.site\/produkt\/syrop-klonowy-c-bio-500-ml-horizon\/"},"modified":"2025-02-18T10:47:22","modified_gmt":"2025-02-18T09:47:22","slug":"syrop-klonowy-c-bio-500-ml-horizon","status":"publish","type":"product","link":"https:\/\/wiejskieprzysmaki.estima.site\/en\/product\/syrop-klonowy-c-bio-500-ml-horizon\/","title":{"rendered":"SYROP KLONOWY C BIO 500 ml &#8211; HORIZON"},"content":{"rendered":"<p>SK\u0141ADNIKI  <br \/>ekologiczny zag\u0119szczony sok z klonu 100 %, klasa C<\/p>\n<p>OPIS  <br \/>W zale\u017cno\u015bci od temperatury odparowania uzyskuje si\u0119 r\u00f3\u017cne rodzaje syropu. R\u00f3\u017cni\u0105 si\u0119 kolorem i smakiem, jako\u015b\u0107 pozostaje bez zmian.  <br \/>Typ A \u2013 delikatny klonowy smak (z\u0142oto bursztynowy kolor)  <br \/>Typ B \u2013 wyra\u017any klonowy smak (bursztynowy kolor)  <br \/>Typ C \u2013 intensywny klonowy smak (ciemno bursztynowy kolor)  <\/p>\n<p>WARTO\u015a\u0106 OD\u017bYWCZA W 100 g<br \/>Warto\u015b\u0107 energetyczna: 1470 kJ \/ 346 kcal;  <br \/>T\u0142uszcz: 0 g;  <br \/>w tym kwasy t\u0142uszczowe nasycone: 0 g  <br \/>W\u0119glowodany: 86 g;  <br \/>w tym cukry: 86 g  <br \/>Bia\u0142ko: 0 g  <br \/>S\u00f3l: 0 g<\/p>\n<p>ZALECANE WARUNKI PRZECHOWYWANIA  <br \/>Po otwarciu przechowywa\u0107 w lod\u00f3wce.<\/p>","protected":false},"excerpt":{"rendered":"<p>SK\u0141ADNIKI ekologiczny zag\u0119szczony sok z klonu 100 %, klasa C OPIS W zale\u017cno\u015bci od temperatury odparowania uzyskuje si\u0119 r\u00f3\u017cne rodzaje syropu. R\u00f3\u017cni\u0105 si\u0119 kolorem i smakiem, jako\u015b\u0107 pozostaje bez zmian. Typ A \u2013 delikatny klonowy smak (z\u0142oto bursztynowy kolor) Typ B \u2013 wyra\u017any klonowy smak (bursztynowy kolor) Typ C \u2013 intensywny klonowy smak (ciemno bursztynowy [&hellip;]<\/p>","protected":false},"featured_media":2910,"comment_status":"closed","ping_status":"open","template":"","meta":{"_acf_changed":false},"product_brand":[],"product_cat":[304,305],"product_tag":[],"class_list":{"0":"post-2909","1":"product","2":"type-product","3":"status-publish","4":"has-post-thumbnail","6":"product_cat-slodziki","7":"product_cat-syropy-melasy","8":"pa_ean-matka-2630","9":"pa_gwarancja-przydatnosci-301","10":"pa_ilosc-w-opakowaniu-374","11":"pa_jednostka-podstawowa-szt","12":"pa_kod-cn-1702-20-90","13":"pa_kraj-pochodzenia-skladnikow-kanada","14":"pa_objetosc-brutto-2629","15":"pa_objetosc-netto-376","16":"pa_producent-horizon-syropy-kremy-orzechowe","17":"pa_producent-nazwa-adres-horizon-natuurvoeding-bv-lage-dijk-noord-20a-3401-va-ijsselstein","18":"pa_tagi-bez-glutenu-w-skladnikach","19":"pa_tagi-certyfikat-bio","20":"pa_tagi-weganski","21":"pa_tagi-wegetarianski","23":"first","24":"instock","25":"taxable","26":"shipping-taxable","27":"purchasable","28":"product-type-simple"},"acf":[],"_links":{"self":[{"href":"https:\/\/wiejskieprzysmaki.estima.site\/en\/wp-json\/wp\/v2\/product\/2909","targetHints":{"allow":["GET"]}}],"collection":[{"href":"https:\/\/wiejskieprzysmaki.estima.site\/en\/wp-json\/wp\/v2\/product"}],"about":[{"href":"https:\/\/wiejskieprzysmaki.estima.site\/en\/wp-json\/wp\/v2\/types\/product"}],"replies":[{"embeddable":true,"href":"https:\/\/wiejskieprzysmaki.estima.site\/en\/wp-json\/wp\/v2\/comments?post=2909"}],"wp:featuredmedia":[{"embeddable":true,"href":"https:\/\/wiejskieprzysmaki.estima.site\/en\/wp-json\/wp\/v2\/media\/2910"}],"wp:attachment":[{"href":"https:\/\/wiejskieprzysmaki.estima.site\/en\/wp-json\/wp\/v2\/media?parent=2909"}],"wp:term":[{"taxonomy":"product_brand","embeddable":true,"href":"https:\/\/wiejskieprzysmaki.estima.site\/en\/wp-json\/wp\/v2\/product_brand?post=2909"},{"taxonomy":"product_cat","embeddable":true,"href":"https:\/\/wiejskieprzysmaki.estima.site\/en\/wp-json\/wp\/v2\/product_cat?post=2909"},{"taxonomy":"product_tag","embeddable":true,"href":"https:\/\/wiejskieprzysmaki.estima.site\/en\/wp-json\/wp\/v2\/product_tag?post=2909"}],"curies":[{"name":"wp","href":"https:\/\/api.w.org\/{rel}","templated":true}]}}