{"id":2915,"date":"2025-02-18T10:47:16","date_gmt":"2025-02-18T09:47:16","guid":{"rendered":"https:\/\/wiejskieprzysmaki.estima.site\/produkt\/ketchup-bez-octu-dla-dzieci-bezglutenowy-bio-315-g-primavika-primaeco-bio-kids\/"},"modified":"2025-02-18T10:47:24","modified_gmt":"2025-02-18T09:47:24","slug":"ketchup-bez-octu-dla-dzieci-bezglutenowy-bio-315-g-primavika-primaeco-bio-kids","status":"publish","type":"product","link":"https:\/\/wiejskieprzysmaki.estima.site\/en\/product\/ketchup-bez-octu-dla-dzieci-bezglutenowy-bio-315-g-primavika-primaeco-bio-kids\/","title":{"rendered":"KETCHUP BEZ OCTU DLA DZIECI BEZGLUTENOWY BIO 315 g &#8211; PRIMAVIKA (PRIMAECO) (BIO KIDS)"},"content":{"rendered":"<p>SK\u0141ADNIKI <br \/>koncentrat pomidorowy* 54 % (180 g pomidor\u00f3w na 100 g ketchupu), koncentrat soku jab\u0142kowego* 16 %, syrop z agawy* 16 %, marchew*, skrobia z tapioki*, s\u00f3l morska, sok z cytryny*, przyprawy* (*certyfikowany sk\u0142adnik ekologiczny)<\/p>\n<p>OPIS  <br \/>BIO ketchup &#8211; sos pomidorowy dla dzieci, bez dodatku octu, s\u0142odzony koncentratem soku jab\u0142kowego i syropem z agawy. Produkt pasteryzowany. <br \/>180 g pomidor\u00f3w na 100 g produktu gotowego. Opakowanie zawiera oko\u0142o 21 sugerowanych porcji produktu. <\/p>\n<p>WARTO\u015a\u0106 OD\u017bYWCZA W 100 g <br \/>Warto\u015b\u0107 energetyczna: 581 kJ\/137 kcal  <br \/>T\u0142uszcz: 0,2 g  <br \/>w tym kwasy t\u0142uszczowe nasycone: 0 g  <br \/>W\u0119glowodany: 32 g  <br \/>w tym cukry: 25 g  <br \/>B\u0142onnik: 1,4 g  <br \/>Bia\u0142ko: 1,3 g  <br \/>S\u00f3l: 1,9 g  <\/p>\n<p>UWAGA <br \/>Przed u\u017cyciem wstrz\u0105sn\u0105\u0107.<\/p>\n<p>INFORMACJA ALERGENNA<br \/>Mo\u017ce zawiera\u0107 SOJ\u0118, SELER i gorczyc\u0119<\/p>\n<p>ZALECANE WARUNKI PRZECHOWYWANIA  <br \/>Przechowywa\u0107 w temperaturze pokojowej. Po otwarciu przechowywa\u0107 w lod\u00f3wce i spo\u017cy\u0107 w ci\u0105gu 1 miesi\u0105ca.  <\/p>","protected":false},"excerpt":{"rendered":"<p>SK\u0141ADNIKI koncentrat pomidorowy* 54 % (180 g pomidor\u00f3w na 100 g ketchupu), koncentrat soku jab\u0142kowego* 16 %, syrop z agawy* 16 %, marchew*, skrobia z tapioki*, s\u00f3l morska, sok z cytryny*, przyprawy* (*certyfikowany sk\u0142adnik ekologiczny) OPIS BIO ketchup &#8211; sos pomidorowy dla dzieci, bez dodatku octu, s\u0142odzony koncentratem soku jab\u0142kowego i syropem z agawy. Produkt [&hellip;]<\/p>","protected":false},"featured_media":2916,"comment_status":"closed","ping_status":"open","template":"","meta":{"_acf_changed":false},"product_brand":[],"product_cat":[95,94],"product_tag":[],"class_list":{"0":"post-2915","1":"product","2":"type-product","3":"status-publish","4":"has-post-thumbnail","6":"product_cat-ketchupy-koncentraty-sosy-pomidorowe","7":"product_cat-sosy","8":"pa_ean-matka-2633","9":"pa_gwarancja-przydatnosci-311","10":"pa_ilosc-w-opakowaniu-298","11":"pa_jednostka-podstawowa-szt","12":"pa_kod-cn-2103-20-00","13":"pa_masa-netto-2363","14":"pa_objetosc-brutto-2364","15":"pa_producent-primavika-przetwory-i-pasty-vege","16":"pa_producent-nazwa-adres-primavika-sp-z-o-o-akacjowa-27-62-023-gadki","17":"pa_tagi-bez-glutenu-deklaracja","18":"pa_tagi-bez-glutenu-w-skladnikach","19":"pa_tagi-certyfikat-bio","20":"pa_tagi-weganski","21":"pa_tagi-wegetarianski","23":"first","24":"instock","25":"taxable","26":"shipping-taxable","27":"purchasable","28":"product-type-simple"},"acf":[],"_links":{"self":[{"href":"https:\/\/wiejskieprzysmaki.estima.site\/en\/wp-json\/wp\/v2\/product\/2915","targetHints":{"allow":["GET"]}}],"collection":[{"href":"https:\/\/wiejskieprzysmaki.estima.site\/en\/wp-json\/wp\/v2\/product"}],"about":[{"href":"https:\/\/wiejskieprzysmaki.estima.site\/en\/wp-json\/wp\/v2\/types\/product"}],"replies":[{"embeddable":true,"href":"https:\/\/wiejskieprzysmaki.estima.site\/en\/wp-json\/wp\/v2\/comments?post=2915"}],"wp:featuredmedia":[{"embeddable":true,"href":"https:\/\/wiejskieprzysmaki.estima.site\/en\/wp-json\/wp\/v2\/media\/2916"}],"wp:attachment":[{"href":"https:\/\/wiejskieprzysmaki.estima.site\/en\/wp-json\/wp\/v2\/media?parent=2915"}],"wp:term":[{"taxonomy":"product_brand","embeddable":true,"href":"https:\/\/wiejskieprzysmaki.estima.site\/en\/wp-json\/wp\/v2\/product_brand?post=2915"},{"taxonomy":"product_cat","embeddable":true,"href":"https:\/\/wiejskieprzysmaki.estima.site\/en\/wp-json\/wp\/v2\/product_cat?post=2915"},{"taxonomy":"product_tag","embeddable":true,"href":"https:\/\/wiejskieprzysmaki.estima.site\/en\/wp-json\/wp\/v2\/product_tag?post=2915"}],"curies":[{"name":"wp","href":"https:\/\/api.w.org\/{rel}","templated":true}]}}