{"id":2917,"date":"2025-02-18T10:47:16","date_gmt":"2025-02-18T09:47:16","guid":{"rendered":"https:\/\/wiejskieprzysmaki.estima.site\/produkt\/koncentrat-pomidorowy-22-24-bio-185-g-primavika-primaeco\/"},"modified":"2025-02-18T10:47:25","modified_gmt":"2025-02-18T09:47:25","slug":"koncentrat-pomidorowy-22-24-bio-185-g-primavika-primaeco","status":"publish","type":"product","link":"https:\/\/wiejskieprzysmaki.estima.site\/en\/product\/koncentrat-pomidorowy-22-24-bio-185-g-primavika-primaeco\/","title":{"rendered":"KONCENTRAT POMIDOROWY 22 % &#8211; 24 % BIO 185 g &#8211; PRIMAVIKA (PRIMAECO)"},"content":{"rendered":"<p>SK\u0141ADNIKI<br \/>koncentrat pomidorowy* (22 %-24 %) (*certyfikowany sk\u0142adnik ekologiczny)<\/p>\n<p>OPIS<br \/>100 g koncentratu wyprodukowano z 500 g pomidor\u00f3w.<\/p>\n<p>WARTO\u015a\u0106 OD\u017bYWCZA W 100 g<br \/>Warto\u015b\u0107 energetyczna: 380 kJ\/ 90 kcal  <br \/>T\u0142uszcz: 0,4 g  <br \/>w tym kwasy t\u0142uszczowe nasycone: 0 g  <br \/>W\u0119glowodany: 18 g  <br \/>w tym cukry: 7,6 g  <br \/>Bia\u0142ko: 3,5 g  <br \/>S\u00f3l: 0,19 g<\/p>\n<p>ZALECANE WARUNKI PRZECHOWYWANIA  <br \/>Przechowywa\u0107 w temperaturze pokojowej. Po otwarciu przechowywa\u0107 w lod\u00f3wce i spo\u017cy\u0107 w ci\u0105gu 3 dni.<\/p>","protected":false},"excerpt":{"rendered":"<p>SK\u0141ADNIKIkoncentrat pomidorowy* (22 %-24 %) (*certyfikowany sk\u0142adnik ekologiczny) OPIS100 g koncentratu wyprodukowano z 500 g pomidor\u00f3w. WARTO\u015a\u0106 OD\u017bYWCZA W 100 gWarto\u015b\u0107 energetyczna: 380 kJ\/ 90 kcal T\u0142uszcz: 0,4 g w tym kwasy t\u0142uszczowe nasycone: 0 g W\u0119glowodany: 18 g w tym cukry: 7,6 g Bia\u0142ko: 3,5 g S\u00f3l: 0,19 g ZALECANE WARUNKI PRZECHOWYWANIA Przechowywa\u0107 w [&hellip;]<\/p>","protected":false},"featured_media":2918,"comment_status":"closed","ping_status":"open","template":"","meta":{"_acf_changed":false},"product_brand":[],"product_cat":[95,94],"product_tag":[],"class_list":{"0":"post-2917","1":"product","2":"type-product","3":"status-publish","4":"has-post-thumbnail","6":"product_cat-ketchupy-koncentraty-sosy-pomidorowe","7":"product_cat-sosy","8":"pa_ean-matka-2634","9":"pa_gwarancja-przydatnosci-311","10":"pa_ilosc-w-opakowaniu-298","11":"pa_jednostka-podstawowa-szt","12":"pa_kod-cn-2002-90-20","13":"pa_masa-netto-2278","14":"pa_objetosc-brutto-837","15":"pa_producent-primavika-przetwory-i-pasty-vege","16":"pa_producent-nazwa-adres-primavika-sp-z-o-o-akacjowa-27-62-023-gadki","17":"pa_tagi-bez-cukru-w-skladnikach","18":"pa_tagi-bez-glutenu-w-skladnikach","19":"pa_tagi-certyfikat-bio","20":"pa_tagi-weganski","21":"pa_tagi-wegetarianski","23":"first","24":"instock","25":"taxable","26":"shipping-taxable","27":"purchasable","28":"product-type-simple"},"acf":[],"_links":{"self":[{"href":"https:\/\/wiejskieprzysmaki.estima.site\/en\/wp-json\/wp\/v2\/product\/2917","targetHints":{"allow":["GET"]}}],"collection":[{"href":"https:\/\/wiejskieprzysmaki.estima.site\/en\/wp-json\/wp\/v2\/product"}],"about":[{"href":"https:\/\/wiejskieprzysmaki.estima.site\/en\/wp-json\/wp\/v2\/types\/product"}],"replies":[{"embeddable":true,"href":"https:\/\/wiejskieprzysmaki.estima.site\/en\/wp-json\/wp\/v2\/comments?post=2917"}],"wp:featuredmedia":[{"embeddable":true,"href":"https:\/\/wiejskieprzysmaki.estima.site\/en\/wp-json\/wp\/v2\/media\/2918"}],"wp:attachment":[{"href":"https:\/\/wiejskieprzysmaki.estima.site\/en\/wp-json\/wp\/v2\/media?parent=2917"}],"wp:term":[{"taxonomy":"product_brand","embeddable":true,"href":"https:\/\/wiejskieprzysmaki.estima.site\/en\/wp-json\/wp\/v2\/product_brand?post=2917"},{"taxonomy":"product_cat","embeddable":true,"href":"https:\/\/wiejskieprzysmaki.estima.site\/en\/wp-json\/wp\/v2\/product_cat?post=2917"},{"taxonomy":"product_tag","embeddable":true,"href":"https:\/\/wiejskieprzysmaki.estima.site\/en\/wp-json\/wp\/v2\/product_tag?post=2917"}],"curies":[{"name":"wp","href":"https:\/\/api.w.org\/{rel}","templated":true}]}}