{"id":2925,"date":"2025-02-18T10:47:16","date_gmt":"2025-02-18T09:47:16","guid":{"rendered":"https:\/\/wiejskieprzysmaki.estima.site\/produkt\/pianki-owocowe-bio-surowiec-4-kg\/"},"modified":"2025-02-18T10:47:28","modified_gmt":"2025-02-18T09:47:28","slug":"pianki-owocowe-bio-surowiec-4-kg","status":"publish","type":"product","link":"https:\/\/wiejskieprzysmaki.estima.site\/en\/product\/pianki-owocowe-bio-surowiec-4-kg\/","title":{"rendered":"PIANKI OWOCOWE BIO (SUROWIEC) (4 kg)"},"content":{"rendered":"<p>SK\u0141ADNIKI<br \/>syrop glukozowy*, cukier*, \u017celatyna wieprzowa*, dekstroza*, skrobia kukurydziana*, owocowe i ro\u015blinne wyci\u0105gi barwi\u0105ce (z kurkumy*, czarnego bzu*, spiruliny*, krokosza barwierskiego*), naturalne aromaty (waniliowy, cytrynowy, malinowy, jab\u0142kowy), koncentraty sok\u00f3w owocowych (cytrynowy* 0,03 %, malinowy* 0,03 %, jab\u0142kowy* 0,03 %), kwas: kwas mlekowy (*certyfikowany sk\u0142adnik ekologiczny).\t<\/p>\n<p>OPIS<br \/>Ekologiczne pianki owocowe stanowi\u0105 wy\u015bmienit\u0105 przek\u0105sk\u0119 dla dzieci w szkole, w domu i na spacerze!<\/p>\n<p>WARTO\u015a\u0106 OD\u017bYWCZA W 100 g<br \/>Warto\u015b\u0107 energetyczna 1415 kJ\/333 kcal<br \/>T\u0142uszcz 0 g<br \/>w tym kwasy t\u0142uszczowe nasycone 0 g<br \/>W\u0119glowodany 80 g<br \/>w tym cukry 68 g<br \/>Bia\u0142ko 3,0 g<br \/>S\u00f3l 0,02 g<\/p>\n<p>ZALECANE WARUNKI PRZECHOWYWANIA<br \/>Przechowywa\u0107 w suchym i ch\u0142odnym miejscu.<\/p>\n<p>INFORMACJA<br \/>Cyfra na ko\u0144cu nazwy surowca okre\u015bla numer brygady Bio Planet odpowiedzialnej za konfekcjonowanie tego surowca.<\/p>","protected":false},"excerpt":{"rendered":"<p>SK\u0141ADNIKIsyrop glukozowy*, cukier*, \u017celatyna wieprzowa*, dekstroza*, skrobia kukurydziana*, owocowe i ro\u015blinne wyci\u0105gi barwi\u0105ce (z kurkumy*, czarnego bzu*, spiruliny*, krokosza barwierskiego*), naturalne aromaty (waniliowy, cytrynowy, malinowy, jab\u0142kowy), koncentraty sok\u00f3w owocowych (cytrynowy* 0,03 %, malinowy* 0,03 %, jab\u0142kowy* 0,03 %), kwas: kwas mlekowy (*certyfikowany sk\u0142adnik ekologiczny). OPISEkologiczne pianki owocowe stanowi\u0105 wy\u015bmienit\u0105 przek\u0105sk\u0119 dla dzieci w szkole, w [&hellip;]<\/p>","protected":false},"featured_media":2926,"comment_status":"closed","ping_status":"open","template":"","meta":{"_acf_changed":false},"product_brand":[],"product_cat":[1500,139],"product_tag":[],"class_list":{"0":"post-2925","1":"product","2":"type-product","3":"status-publish","4":"has-post-thumbnail","6":"product_cat-galaretki-zelki-slodycze-i-przekaski","7":"product_cat-slodycze-i-przekaski","8":"pa_ean-matka-2639","9":"pa_gwarancja-przydatnosci-320","10":"pa_ilosc-w-opakowaniu-543","11":"pa_jednostka-podstawowa-kg","12":"pa_kod-cn-1704-90-65","13":"pa_kraj-pochodzenia-skladnikow-rolnictwo-ue-spoza-ue","14":"pa_masa-netto-209","15":"pa_producent-horeca-bio-surowce","16":"pa_producent-nazwa-adres-bio-planet-s-a-wilkowa-wies-7-05-084-leszno","17":"pa_tagi-bez-glutenu-w-skladnikach","18":"pa_tagi-certyfikat-bio","20":"first","21":"instock","22":"taxable","23":"shipping-taxable","24":"purchasable","25":"product-type-simple"},"acf":[],"_links":{"self":[{"href":"https:\/\/wiejskieprzysmaki.estima.site\/en\/wp-json\/wp\/v2\/product\/2925","targetHints":{"allow":["GET"]}}],"collection":[{"href":"https:\/\/wiejskieprzysmaki.estima.site\/en\/wp-json\/wp\/v2\/product"}],"about":[{"href":"https:\/\/wiejskieprzysmaki.estima.site\/en\/wp-json\/wp\/v2\/types\/product"}],"replies":[{"embeddable":true,"href":"https:\/\/wiejskieprzysmaki.estima.site\/en\/wp-json\/wp\/v2\/comments?post=2925"}],"wp:featuredmedia":[{"embeddable":true,"href":"https:\/\/wiejskieprzysmaki.estima.site\/en\/wp-json\/wp\/v2\/media\/2926"}],"wp:attachment":[{"href":"https:\/\/wiejskieprzysmaki.estima.site\/en\/wp-json\/wp\/v2\/media?parent=2925"}],"wp:term":[{"taxonomy":"product_brand","embeddable":true,"href":"https:\/\/wiejskieprzysmaki.estima.site\/en\/wp-json\/wp\/v2\/product_brand?post=2925"},{"taxonomy":"product_cat","embeddable":true,"href":"https:\/\/wiejskieprzysmaki.estima.site\/en\/wp-json\/wp\/v2\/product_cat?post=2925"},{"taxonomy":"product_tag","embeddable":true,"href":"https:\/\/wiejskieprzysmaki.estima.site\/en\/wp-json\/wp\/v2\/product_tag?post=2925"}],"curies":[{"name":"wp","href":"https:\/\/api.w.org\/{rel}","templated":true}]}}