{"id":2931,"date":"2025-02-18T10:47:16","date_gmt":"2025-02-18T09:47:16","guid":{"rendered":"https:\/\/wiejskieprzysmaki.estima.site\/produkt\/crunchy-czekoladowe-bio-400-g-bohlsener-muehle\/"},"modified":"2025-02-18T10:47:30","modified_gmt":"2025-02-18T09:47:30","slug":"crunchy-czekoladowe-bio-400-g-bohlsener-muehle","status":"publish","type":"product","link":"https:\/\/wiejskieprzysmaki.estima.site\/en\/product\/crunchy-czekoladowe-bio-400-g-bohlsener-muehle\/","title":{"rendered":"CRUNCHY CZEKOLADOWE BIO 400 g &#8211; BOHLSENER MUEHLE"},"content":{"rendered":"<p>SK\u0141ADNIKI<br \/>p\u0142atki OWSIANE pe\u0142noziarniste* 47 %, cukier buraczany*, p\u0142atki z PSZENICY ORKISZ pe\u0142noziarniste* 14 %, nieutwardzony t\u0142uszcz palmowy*, syrop ry\u017cowy*, polewa z gorzkiej czekolady* 5 % (miazga kakaowa*, cukier trzcinowy*, surowy cukier trzcinowy*, t\u0142uszcz kakaowy*, emulgator: lecytyny (z SOI*)), grubo mielony OWIES* 5 %, kakao o obni\u017conej zawarto\u015bci t\u0142uszczu* 3 %, s\u00f3l morska. (*certyfikowany sk\u0142adnik ekologiczny)<\/p>\n<p>WARTO\u015a\u0106 OD\u017bYWCZA W 100 g<br \/>Warto\u015b\u0107 energetyczna: 1899 kJ\/452 kcal  <br \/>T\u0142uszcz: 16,4 g  <br \/>w tym kwasy t\u0142uszczowe nasycone: 7,0 g  <br \/>W\u0119glowodany: 63,6 g  <br \/>w tym cukry: 23,5 g<br \/>B\u0142onnik: 7,0 g  <br \/>Bia\u0142ko: 9,1 g  <br \/>S\u00f3l: 0,2 g<\/p>\n<p>INFORMACJA ALERGENNA  <br \/>Produkt mo\u017ce zawiera\u0107: MIGDA\u0141Y, ORZECHY, NASIONA SEZAMU, MLEKO (\u0142\u0105cznie z LAKTOZ\u0104), JAJA, SELER.<\/p>\n<p>ZALECANE WARUNKI PRZECHOWYWANIA  <br \/>Przechowywa\u0107 zamkni\u0119te w suchym i ch\u0142odnym miejscu<\/p>","protected":false},"excerpt":{"rendered":"<p>SK\u0141ADNIKIp\u0142atki OWSIANE pe\u0142noziarniste* 47 %, cukier buraczany*, p\u0142atki z PSZENICY ORKISZ pe\u0142noziarniste* 14 %, nieutwardzony t\u0142uszcz palmowy*, syrop ry\u017cowy*, polewa z gorzkiej czekolady* 5 % (miazga kakaowa*, cukier trzcinowy*, surowy cukier trzcinowy*, t\u0142uszcz kakaowy*, emulgator: lecytyny (z SOI*)), grubo mielony OWIES* 5 %, kakao o obni\u017conej zawarto\u015bci t\u0142uszczu* 3 %, s\u00f3l morska. (*certyfikowany sk\u0142adnik ekologiczny) [&hellip;]<\/p>","protected":false},"featured_media":2932,"comment_status":"closed","ping_status":"open","template":"","meta":{"_acf_changed":false},"product_brand":[],"product_cat":[404,265],"product_tag":[],"class_list":{"0":"post-2931","1":"product","2":"type-product","3":"status-publish","4":"has-post-thumbnail","6":"product_cat-musli-crunchy-granole","7":"product_cat-sniadaniowe","8":"pa_ean-matka-2647","9":"pa_gwarancja-przydatnosci-324","10":"pa_ilosc-w-opakowaniu-298","11":"pa_jednostka-podstawowa-szt","12":"pa_kod-cn-1904-20-99","13":"pa_kraj-pochodzenia-skladnikow-turcja","14":"pa_masa-netto-268","15":"pa_objetosc-brutto-2645","16":"pa_producent-bohlsener-muehle-crunchy","17":"pa_producent-nazwa-adres-bohlsener-muhle-gmbh-co-kg-muhlenstrase-1-29581-bohlsen","18":"pa_tagi-certyfikat-bio","19":"pa_tagi-weganski","20":"pa_tagi-wegetarianski","22":"first","23":"instock","24":"taxable","25":"shipping-taxable","26":"purchasable","27":"product-type-simple"},"acf":[],"_links":{"self":[{"href":"https:\/\/wiejskieprzysmaki.estima.site\/en\/wp-json\/wp\/v2\/product\/2931","targetHints":{"allow":["GET"]}}],"collection":[{"href":"https:\/\/wiejskieprzysmaki.estima.site\/en\/wp-json\/wp\/v2\/product"}],"about":[{"href":"https:\/\/wiejskieprzysmaki.estima.site\/en\/wp-json\/wp\/v2\/types\/product"}],"replies":[{"embeddable":true,"href":"https:\/\/wiejskieprzysmaki.estima.site\/en\/wp-json\/wp\/v2\/comments?post=2931"}],"wp:featuredmedia":[{"embeddable":true,"href":"https:\/\/wiejskieprzysmaki.estima.site\/en\/wp-json\/wp\/v2\/media\/2932"}],"wp:attachment":[{"href":"https:\/\/wiejskieprzysmaki.estima.site\/en\/wp-json\/wp\/v2\/media?parent=2931"}],"wp:term":[{"taxonomy":"product_brand","embeddable":true,"href":"https:\/\/wiejskieprzysmaki.estima.site\/en\/wp-json\/wp\/v2\/product_brand?post=2931"},{"taxonomy":"product_cat","embeddable":true,"href":"https:\/\/wiejskieprzysmaki.estima.site\/en\/wp-json\/wp\/v2\/product_cat?post=2931"},{"taxonomy":"product_tag","embeddable":true,"href":"https:\/\/wiejskieprzysmaki.estima.site\/en\/wp-json\/wp\/v2\/product_tag?post=2931"}],"curies":[{"name":"wp","href":"https:\/\/api.w.org\/{rel}","templated":true}]}}