{"id":2951,"date":"2025-02-18T10:47:34","date_gmt":"2025-02-18T09:47:34","guid":{"rendered":"https:\/\/wiejskieprzysmaki.estima.site\/produkt\/ciastka-mini-jungle-bio-100-g-bio-ania\/"},"modified":"2025-02-18T10:47:41","modified_gmt":"2025-02-18T09:47:41","slug":"ciastka-mini-jungle-bio-100-g-bio-ania","status":"publish","type":"product","link":"https:\/\/wiejskieprzysmaki.estima.site\/en\/product\/ciastka-mini-jungle-bio-100-g-bio-ania\/","title":{"rendered":"CIASTKA MINI JUNGLE BIO 100 g &#8211; BIO ANIA"},"content":{"rendered":"<p>SK\u0141ADNIKI<br \/>m\u0105ka PSZENNA* (91 %), cukier trzcinowy*, t\u0142uszcz kokosowy*, s\u00f3l. (*certyfikowany sk\u0142adnik ekologiczny)<\/p>\n<p>WARTO\u015a\u0106 OD\u017bYWCZA W 100 g<br \/>Warto\u015b\u0107 energetyczna: 1912 kJ\/455 kcal  <br \/>T\u0142uszcz: 15 g <br \/>w tym kwasy nasycone: 10 g  <br \/>W\u0119glowodany: 69 g  <br \/>w tym cukry: 15 g <br \/>Bia\u0142ko: 9,6 g  <br \/>S\u00f3l: 0,46 g<\/p>\n<p>INFORMACJA ALERGENNA<br \/>Produkt mo\u017ce zawiera\u0107 MLEKO, JAJA, SEZAM, ORZECHY, SOJ\u0118<\/p>\n<p>ZALECANE WARUNKI PRZECHOWYWANIA<br \/>Przechowywa\u0107 w suchym i ch\u0142odnym miejscu, z dala od \u017ar\u00f3de\u0142 ciep\u0142a i nas\u0142onecznienia.<\/p>","protected":false},"excerpt":{"rendered":"<p>SK\u0141ADNIKIm\u0105ka PSZENNA* (91 %), cukier trzcinowy*, t\u0142uszcz kokosowy*, s\u00f3l. (*certyfikowany sk\u0142adnik ekologiczny) WARTO\u015a\u0106 OD\u017bYWCZA W 100 gWarto\u015b\u0107 energetyczna: 1912 kJ\/455 kcal T\u0142uszcz: 15 g w tym kwasy nasycone: 10 g W\u0119glowodany: 69 g w tym cukry: 15 g Bia\u0142ko: 9,6 g S\u00f3l: 0,46 g INFORMACJA ALERGENNAProdukt mo\u017ce zawiera\u0107 MLEKO, JAJA, SEZAM, ORZECHY, SOJ\u0118 ZALECANE WARUNKI [&hellip;]<\/p>","protected":false},"featured_media":2952,"comment_status":"closed","ping_status":"open","template":"","meta":{"_acf_changed":false},"product_brand":[],"product_cat":[1434,139],"product_tag":[],"class_list":{"0":"post-2951","1":"product","2":"type-product","3":"status-publish","4":"has-post-thumbnail","6":"product_cat-ciastka","7":"product_cat-slodycze-i-przekaski","8":"pa_ean-matka-2667","9":"pa_gwarancja-przydatnosci-324","10":"pa_ilosc-w-opakowaniu-392","11":"pa_jednostka-podstawowa-szt","12":"pa_kod-cn-1905-31-19","13":"pa_kraj-pochodzenia-skladnikow-turcja","14":"pa_masa-netto-242","15":"pa_objetosc-brutto-2666","16":"pa_producent-bio-ania-ciastka-muffiny-wafle","17":"pa_producent-nazwa-adres-ania-spolka-z-ograniczona-odpowiedzialnoscia-spolka-komandytowa-niepokalanej-panny-marii-103-31-589-krakow","18":"pa_tagi-certyfikat-bio","19":"pa_tagi-weganski","20":"pa_tagi-wegetarianski","22":"first","23":"instock","24":"taxable","25":"shipping-taxable","26":"purchasable","27":"product-type-simple"},"acf":[],"_links":{"self":[{"href":"https:\/\/wiejskieprzysmaki.estima.site\/en\/wp-json\/wp\/v2\/product\/2951","targetHints":{"allow":["GET"]}}],"collection":[{"href":"https:\/\/wiejskieprzysmaki.estima.site\/en\/wp-json\/wp\/v2\/product"}],"about":[{"href":"https:\/\/wiejskieprzysmaki.estima.site\/en\/wp-json\/wp\/v2\/types\/product"}],"replies":[{"embeddable":true,"href":"https:\/\/wiejskieprzysmaki.estima.site\/en\/wp-json\/wp\/v2\/comments?post=2951"}],"wp:featuredmedia":[{"embeddable":true,"href":"https:\/\/wiejskieprzysmaki.estima.site\/en\/wp-json\/wp\/v2\/media\/2952"}],"wp:attachment":[{"href":"https:\/\/wiejskieprzysmaki.estima.site\/en\/wp-json\/wp\/v2\/media?parent=2951"}],"wp:term":[{"taxonomy":"product_brand","embeddable":true,"href":"https:\/\/wiejskieprzysmaki.estima.site\/en\/wp-json\/wp\/v2\/product_brand?post=2951"},{"taxonomy":"product_cat","embeddable":true,"href":"https:\/\/wiejskieprzysmaki.estima.site\/en\/wp-json\/wp\/v2\/product_cat?post=2951"},{"taxonomy":"product_tag","embeddable":true,"href":"https:\/\/wiejskieprzysmaki.estima.site\/en\/wp-json\/wp\/v2\/product_tag?post=2951"}],"curies":[{"name":"wp","href":"https:\/\/api.w.org\/{rel}","templated":true}]}}