{"id":2955,"date":"2025-02-18T10:47:34","date_gmt":"2025-02-18T09:47:34","guid":{"rendered":"https:\/\/wiejskieprzysmaki.estima.site\/produkt\/ciastka-z-jablkiem-bezglutenowe-bio-100-g-zemanka\/"},"modified":"2025-02-18T10:47:43","modified_gmt":"2025-02-18T09:47:43","slug":"ciastka-z-jablkiem-bezglutenowe-bio-100-g-zemanka","status":"publish","type":"product","link":"https:\/\/wiejskieprzysmaki.estima.site\/en\/product\/ciastka-z-jablkiem-bezglutenowe-bio-100-g-zemanka\/","title":{"rendered":"CIASTKA Z JAB\u0141KIEM BEZGLUTENOWE BIO 100 g &#8211; ZEMANKA"},"content":{"rendered":"<p>SK\u0141ADNIKI<br \/>m\u0105ka gryczana* (45,2 %), nieutwardzony t\u0142uszcz ro\u015blinny* (olej s\u0142onecznikowy*, t\u0142uszcz kakaowy*, woda, emulgator: lecytyny (ze s\u0142onecznika), regulator kwasowo\u015bci: kwas cytrynowy), syrop ry\u017cowy*, suszone jab\u0142ka* 9 %, syrop z agawy*, m\u0105ka kukurydziana*, naturalny aromat wanilii* (*certyfikowany sk\u0142adnik ekologiczny)<\/p>\n<p>OPIS  <br \/>Nie zawiera substancji spulchniaj\u0105cych.<\/p>\n<p>WARTO\u015a\u0106 OD\u017bYWCZA W 100 g<br \/>Warto\u015b\u0107 energetyczna: 1675 kJ\/402 kcal  <br \/>T\u0142uszcz: 16 g  <br \/>w tym kwasy t\u0142uszczowe nasycone: 3,6 g <br \/>W\u0119glowodany: 57 g  <br \/>w tym cukry: 18,7 g <br \/>Bia\u0142ko: 6,0 g  <br \/>S\u00f3l: 0,02 g<\/p>\n<p>ZALECANE WARUNKI PRZECHOWYWANIA<br \/>Przechowywa\u0107 w suchym miejscu w temperaturze do +25\u00b0C<\/p>","protected":false},"excerpt":{"rendered":"<p>SK\u0141ADNIKIm\u0105ka gryczana* (45,2 %), nieutwardzony t\u0142uszcz ro\u015blinny* (olej s\u0142onecznikowy*, t\u0142uszcz kakaowy*, woda, emulgator: lecytyny (ze s\u0142onecznika), regulator kwasowo\u015bci: kwas cytrynowy), syrop ry\u017cowy*, suszone jab\u0142ka* 9 %, syrop z agawy*, m\u0105ka kukurydziana*, naturalny aromat wanilii* (*certyfikowany sk\u0142adnik ekologiczny) OPIS Nie zawiera substancji spulchniaj\u0105cych. WARTO\u015a\u0106 OD\u017bYWCZA W 100 gWarto\u015b\u0107 energetyczna: 1675 kJ\/402 kcal T\u0142uszcz: 16 g w [&hellip;]<\/p>","protected":false},"featured_media":2956,"comment_status":"closed","ping_status":"open","template":"","meta":{"_acf_changed":false},"product_brand":[],"product_cat":[1434,139],"product_tag":[],"class_list":{"0":"post-2955","1":"product","2":"type-product","3":"status-publish","4":"has-post-thumbnail","6":"product_cat-ciastka","7":"product_cat-slodycze-i-przekaski","8":"pa_ean-matka-2672","9":"pa_gwarancja-przydatnosci-311","10":"pa_ilosc-w-opakowaniu-327","11":"pa_jednostka-podstawowa-szt","12":"pa_kod-cn-1905-90-70","13":"pa_masa-netto-242","14":"pa_objetosc-brutto-2670","15":"pa_producent-zemanka-ciastka","16":"pa_producent-nazwa-adres-zemanka-biopiekarnia-s-r-o-orlikov-29-26401-sedlcany","17":"pa_tagi-bez-glutenu-deklaracja","18":"pa_tagi-bez-glutenu-w-skladnikach","19":"pa_tagi-certyfikat-bio","20":"pa_tagi-weganski","21":"pa_tagi-wegetarianski","23":"first","24":"instock","25":"taxable","26":"shipping-taxable","27":"purchasable","28":"product-type-simple"},"acf":[],"_links":{"self":[{"href":"https:\/\/wiejskieprzysmaki.estima.site\/en\/wp-json\/wp\/v2\/product\/2955","targetHints":{"allow":["GET"]}}],"collection":[{"href":"https:\/\/wiejskieprzysmaki.estima.site\/en\/wp-json\/wp\/v2\/product"}],"about":[{"href":"https:\/\/wiejskieprzysmaki.estima.site\/en\/wp-json\/wp\/v2\/types\/product"}],"replies":[{"embeddable":true,"href":"https:\/\/wiejskieprzysmaki.estima.site\/en\/wp-json\/wp\/v2\/comments?post=2955"}],"wp:featuredmedia":[{"embeddable":true,"href":"https:\/\/wiejskieprzysmaki.estima.site\/en\/wp-json\/wp\/v2\/media\/2956"}],"wp:attachment":[{"href":"https:\/\/wiejskieprzysmaki.estima.site\/en\/wp-json\/wp\/v2\/media?parent=2955"}],"wp:term":[{"taxonomy":"product_brand","embeddable":true,"href":"https:\/\/wiejskieprzysmaki.estima.site\/en\/wp-json\/wp\/v2\/product_brand?post=2955"},{"taxonomy":"product_cat","embeddable":true,"href":"https:\/\/wiejskieprzysmaki.estima.site\/en\/wp-json\/wp\/v2\/product_cat?post=2955"},{"taxonomy":"product_tag","embeddable":true,"href":"https:\/\/wiejskieprzysmaki.estima.site\/en\/wp-json\/wp\/v2\/product_tag?post=2955"}],"curies":[{"name":"wp","href":"https:\/\/api.w.org\/{rel}","templated":true}]}}