{"id":2969,"date":"2025-02-18T10:47:34","date_gmt":"2025-02-18T09:47:34","guid":{"rendered":"https:\/\/wiejskieprzysmaki.estima.site\/produkt\/kasza-bulgur-bio-surowiec-25-kg\/"},"modified":"2025-02-20T15:25:40","modified_gmt":"2025-02-20T14:25:40","slug":"kasza-bulgur-bio-surowiec-25-kg","status":"publish","type":"product","link":"https:\/\/wiejskieprzysmaki.estima.site\/en\/product\/kasza-bulgur-bio-surowiec-25-kg\/","title":{"rendered":"KASZA BULGUR BIO (SUROWIEC) (25 kg)"},"content":{"rendered":"<p>SK\u0141ADNIKI<br \/>ekologiczna kasza bulgur z PSZENICY durum 100 %. <\/p>\n<p>SPOS\u00d3B PRZYGOTOWANIA<br \/>kasz\u0119 bulgur zala\u0107 lekko osolonym wrz\u0105tkiem w proporcji 1:2,5 (1 porcja kaszy na 2,5 porcji wody), gotowa\u0107 bez przykrycia ok. 7 min. Nast\u0119pnie zdj\u0105\u0107 z ognia, przykry\u0107 i pozostawi\u0107 do sp\u0119cznienia. <\/p>\n<p>WARTO\u015a\u0106 OD\u017bYWCZA W 100 g<br \/>Warto\u015b\u0107 energetyczna \t1382 kJ\/328 kcal<br \/>T\u0142uszcz \t1,3 g<br \/>w tym kwasy t\u0142uszczowe nasycone \t0,2 g<br \/>W\u0119glowodany \t58 g<br \/>w tym cukry \t0,4 g<br \/>B\u0142onnik\t18 g<br \/>Bia\u0142ko \t12 g<br \/>S\u00f3l \t0,04 g<\/p>\n<p>INFORMACJA ALERGENNA<br \/>Produkt mo\u017ce zawiera\u0107 alergeny: ORZESZKI ZIEMNE, ORZECHY, NASIONA SEZAMU, SOJ\u0118.<\/p>\n<p>ZALECANE WARUNKI PRZECHOWYWANIA<br \/>Przechowywa\u0107 w suchym i ch\u0142odnym miejscu.<\/p>","protected":false},"excerpt":{"rendered":"<p>SK\u0141ADNIKIekologiczna kasza bulgur z PSZENICY durum 100 %. SPOS\u00d3B PRZYGOTOWANIAkasz\u0119 bulgur zala\u0107 lekko osolonym wrz\u0105tkiem w proporcji 1:2,5 (1 porcja kaszy na 2,5 porcji wody), gotowa\u0107 bez przykrycia ok. 7 min. Nast\u0119pnie zdj\u0105\u0107 z ognia, przykry\u0107 i pozostawi\u0107 do sp\u0119cznienia. WARTO\u015a\u0106 OD\u017bYWCZA W 100 gWarto\u015b\u0107 energetyczna 1382 kJ\/328 kcalT\u0142uszcz 1,3 gw tym kwasy t\u0142uszczowe nasycone [&hellip;]<\/p>","protected":false},"featured_media":2970,"comment_status":"closed","ping_status":"open","template":"","meta":{"_acf_changed":false},"product_brand":[],"product_cat":[313],"product_tag":[],"class_list":{"0":"post-2969","1":"product","2":"type-product","3":"status-publish","4":"has-post-thumbnail","6":"product_cat-ryze-i-kasze","7":"pa_ean-matka-2679","8":"pa_gwarancja-przydatnosci-311","9":"pa_ilosc-w-opakowaniu-310","10":"pa_jednostka-podstawowa-kg","11":"pa_kod-cn-1904-30-00","12":"pa_kraj-pochodzenia-skladnikow-turcja","13":"pa_masa-netto-209","14":"pa_producent-horeca-bio-surowce","15":"pa_producent-nazwa-adres-bio-planet-s-a-wilkowa-wies-7-05-084-leszno","16":"pa_tagi-bez-cukru-w-skladnikach","17":"pa_tagi-certyfikat-bio","18":"pa_tagi-weganski","19":"pa_tagi-wegetarianski","21":"first","22":"instock","23":"taxable","24":"shipping-taxable","25":"purchasable","26":"product-type-simple"},"acf":[],"_links":{"self":[{"href":"https:\/\/wiejskieprzysmaki.estima.site\/en\/wp-json\/wp\/v2\/product\/2969","targetHints":{"allow":["GET"]}}],"collection":[{"href":"https:\/\/wiejskieprzysmaki.estima.site\/en\/wp-json\/wp\/v2\/product"}],"about":[{"href":"https:\/\/wiejskieprzysmaki.estima.site\/en\/wp-json\/wp\/v2\/types\/product"}],"replies":[{"embeddable":true,"href":"https:\/\/wiejskieprzysmaki.estima.site\/en\/wp-json\/wp\/v2\/comments?post=2969"}],"wp:featuredmedia":[{"embeddable":true,"href":"https:\/\/wiejskieprzysmaki.estima.site\/en\/wp-json\/wp\/v2\/media\/2970"}],"wp:attachment":[{"href":"https:\/\/wiejskieprzysmaki.estima.site\/en\/wp-json\/wp\/v2\/media?parent=2969"}],"wp:term":[{"taxonomy":"product_brand","embeddable":true,"href":"https:\/\/wiejskieprzysmaki.estima.site\/en\/wp-json\/wp\/v2\/product_brand?post=2969"},{"taxonomy":"product_cat","embeddable":true,"href":"https:\/\/wiejskieprzysmaki.estima.site\/en\/wp-json\/wp\/v2\/product_cat?post=2969"},{"taxonomy":"product_tag","embeddable":true,"href":"https:\/\/wiejskieprzysmaki.estima.site\/en\/wp-json\/wp\/v2\/product_tag?post=2969"}],"curies":[{"name":"wp","href":"https:\/\/api.w.org\/{rel}","templated":true}]}}