{"id":2972,"date":"2025-02-18T10:47:34","date_gmt":"2025-02-18T09:47:34","guid":{"rendered":"https:\/\/wiejskieprzysmaki.estima.site\/produkt\/kasza-kuskus-kukurydziany-bio-surowiec-25-kg\/"},"modified":"2025-02-20T15:25:41","modified_gmt":"2025-02-20T14:25:41","slug":"kasza-kuskus-kukurydziany-bio-surowiec-25-kg","status":"publish","type":"product","link":"https:\/\/wiejskieprzysmaki.estima.site\/en\/product\/kasza-kuskus-kukurydziany-bio-surowiec-25-kg\/","title":{"rendered":"KASZA KUSKUS KUKURYDZIANY BIO (SUROWIEC) (25 kg)"},"content":{"rendered":"<p>SK\u0141ADNIKI<br \/>ekologiczna m\u0105ka kukurydziana 100 %. <\/p>\n<p>SPOS\u00d3B PRZYGOTOWANIA<br \/>gotowa\u0107 w proporcji 1:1 przez oko\u0142o 5 min. Mo\u017cna r\u00f3wnie\u017c zala\u0107 wrz\u0105tkiem i pozostawi\u0107 do ca\u0142kowitego wch\u0142oni\u0119cia wody.\t\t\t<\/p>\n<p>WARTO\u015a\u0106 OD\u017bYWCZA W 100 g<br \/>Warto\u015b\u0107 energetyczna \t1506 kJ\/355 kcal<br \/>T\u0142uszcz \t1,4 g<br \/>w tym kwasy t\u0142uszczowe nasycone \t0,3 g<br \/>W\u0119glowodany \t77 g<br \/>w tym cukry \t0,8 g<br \/>B\u0142onnik \t3,5 g<br \/>Bia\u0142ko \t6,9 g<br \/>S\u00f3l \t0 g<\/p>\n<p>INFORMACJA ALERGENNA<br \/>Produkt mo\u017ce zawiera\u0107: ZBO\u017bA ZAWIERAJ\u0104CE GLUTEN, ORZESZKI ZIEMNE, ORZECHY, NASIONA SEZAMU, SOJ\u0118.<\/p>\n<p>ZALECANE WARUNKI PRZECHOWYWANIA<br \/>Przechowywa\u0107 w suchym i ch\u0142odnym miejscu.<\/p>","protected":false},"excerpt":{"rendered":"<p>SK\u0141ADNIKIekologiczna m\u0105ka kukurydziana 100 %. SPOS\u00d3B PRZYGOTOWANIAgotowa\u0107 w proporcji 1:1 przez oko\u0142o 5 min. Mo\u017cna r\u00f3wnie\u017c zala\u0107 wrz\u0105tkiem i pozostawi\u0107 do ca\u0142kowitego wch\u0142oni\u0119cia wody. WARTO\u015a\u0106 OD\u017bYWCZA W 100 gWarto\u015b\u0107 energetyczna 1506 kJ\/355 kcalT\u0142uszcz 1,4 gw tym kwasy t\u0142uszczowe nasycone 0,3 gW\u0119glowodany 77 gw tym cukry 0,8 gB\u0142onnik 3,5 gBia\u0142ko 6,9 gS\u00f3l 0 g INFORMACJA ALERGENNAProdukt [&hellip;]<\/p>","protected":false},"featured_media":2973,"comment_status":"closed","ping_status":"open","template":"","meta":{"_acf_changed":false},"product_brand":[],"product_cat":[313],"product_tag":[],"class_list":{"0":"post-2972","1":"product","2":"type-product","3":"status-publish","4":"has-post-thumbnail","6":"product_cat-ryze-i-kasze","7":"pa_ean-matka-2680","8":"pa_gwarancja-przydatnosci-320","9":"pa_ilosc-w-opakowaniu-310","10":"pa_jednostka-podstawowa-kg","11":"pa_kod-cn-1902-40-10","12":"pa_kraj-pochodzenia-skladnikow-wlochy","13":"pa_masa-netto-209","14":"pa_producent-horeca-bio-surowce","15":"pa_producent-nazwa-adres-bio-planet-s-a-wilkowa-wies-7-05-084-leszno","16":"pa_tagi-bez-cukru-w-skladnikach","17":"pa_tagi-bez-glutenu-w-skladnikach","18":"pa_tagi-certyfikat-bio","19":"pa_tagi-weganski","20":"pa_tagi-wegetarianski","22":"first","23":"instock","24":"taxable","25":"shipping-taxable","26":"purchasable","27":"product-type-simple"},"acf":[],"_links":{"self":[{"href":"https:\/\/wiejskieprzysmaki.estima.site\/en\/wp-json\/wp\/v2\/product\/2972","targetHints":{"allow":["GET"]}}],"collection":[{"href":"https:\/\/wiejskieprzysmaki.estima.site\/en\/wp-json\/wp\/v2\/product"}],"about":[{"href":"https:\/\/wiejskieprzysmaki.estima.site\/en\/wp-json\/wp\/v2\/types\/product"}],"replies":[{"embeddable":true,"href":"https:\/\/wiejskieprzysmaki.estima.site\/en\/wp-json\/wp\/v2\/comments?post=2972"}],"wp:featuredmedia":[{"embeddable":true,"href":"https:\/\/wiejskieprzysmaki.estima.site\/en\/wp-json\/wp\/v2\/media\/2973"}],"wp:attachment":[{"href":"https:\/\/wiejskieprzysmaki.estima.site\/en\/wp-json\/wp\/v2\/media?parent=2972"}],"wp:term":[{"taxonomy":"product_brand","embeddable":true,"href":"https:\/\/wiejskieprzysmaki.estima.site\/en\/wp-json\/wp\/v2\/product_brand?post=2972"},{"taxonomy":"product_cat","embeddable":true,"href":"https:\/\/wiejskieprzysmaki.estima.site\/en\/wp-json\/wp\/v2\/product_cat?post=2972"},{"taxonomy":"product_tag","embeddable":true,"href":"https:\/\/wiejskieprzysmaki.estima.site\/en\/wp-json\/wp\/v2\/product_tag?post=2972"}],"curies":[{"name":"wp","href":"https:\/\/api.w.org\/{rel}","templated":true}]}}