{"id":3017,"date":"2025-02-18T10:48:07","date_gmt":"2025-02-18T09:48:07","guid":{"rendered":"https:\/\/wiejskieprzysmaki.estima.site\/produkt\/krem-z-kasztanow-jadalnych-bio-380-g-danival\/"},"modified":"2025-02-18T10:48:10","modified_gmt":"2025-02-18T09:48:10","slug":"krem-z-kasztanow-jadalnych-bio-380-g-danival","status":"publish","type":"product","link":"https:\/\/wiejskieprzysmaki.estima.site\/en\/product\/krem-z-kasztanow-jadalnych-bio-380-g-danival\/","title":{"rendered":"KREM Z KASZTAN\u00d3W JADALNYCH BIO 380 g &#8211; DANIVAL"},"content":{"rendered":"<p>SK\u0141ADNIKI<br \/>kasztany jadalne* (46 %), woda, cukier trzcinowy*, wanilia* (*certyfikowany sk\u0142adnik ekologiczny)<\/p>\n<p>WARTO\u015a\u0106 OD\u017bYWCZA W 100 g<br \/>Warto\u015b\u0107 energetyczna &#8211; 705 kJ \/ 167 kcal  <br \/>T\u0142uszcz &#8211; 1,0 g  <br \/>w tym kwasy t\u0142uszczowe nasycone &#8211; 0,0 g  <br \/>W\u0119glowodany &#8211; 37 g  <br \/>w tym cukry &#8211; 24 g  <br \/>B\u0142onnik &#8211; 3,4 g  <br \/>Bia\u0142ko &#8211; 0,8 g  <br \/>S\u00f3l &#8211; 0,01 g<\/p>\n<p>ZALECANE WARUNKI PRZECHOWYWANIA  <br \/>Po otwarciu przechowywa\u0107 w lod\u00f3wce i spo\u017cy\u0107 w ci\u0105gu 3 dni.<\/p>","protected":false},"excerpt":{"rendered":"<p>SK\u0141ADNIKIkasztany jadalne* (46 %), woda, cukier trzcinowy*, wanilia* (*certyfikowany sk\u0142adnik ekologiczny) WARTO\u015a\u0106 OD\u017bYWCZA W 100 gWarto\u015b\u0107 energetyczna &#8211; 705 kJ \/ 167 kcal T\u0142uszcz &#8211; 1,0 g w tym kwasy t\u0142uszczowe nasycone &#8211; 0,0 g W\u0119glowodany &#8211; 37 g w tym cukry &#8211; 24 g B\u0142onnik &#8211; 3,4 g Bia\u0142ko &#8211; 0,8 g S\u00f3l &#8211; [&hellip;]<\/p>","protected":false},"featured_media":3018,"comment_status":"closed","ping_status":"open","template":"","meta":{"_acf_changed":false},"product_brand":[],"product_cat":[734],"product_tag":[],"class_list":{"0":"post-3017","1":"product","2":"type-product","3":"status-publish","4":"has-post-thumbnail","6":"product_cat-kremy-orzechowe-czekoladowe-tahini","7":"pa_ean-matka-2709","8":"pa_gwarancja-przydatnosci-301","9":"pa_ilosc-w-opakowaniu-298","10":"pa_jednostka-podstawowa-szt","11":"pa_kod-cn-2007-99-50","12":"pa_kraj-pochodzenia-skladnikow-turcja","13":"pa_masa-netto-2708","14":"pa_objetosc-brutto-2666","15":"pa_producent-danival-miso-kasztany-jadalne","16":"pa_producent-nazwa-adres-danival-le-moulin-dandiran-47170-andiran","17":"pa_tagi-bez-glutenu-w-skladnikach","18":"pa_tagi-certyfikat-bio","19":"pa_tagi-weganski","20":"pa_tagi-wegetarianski","22":"first","23":"instock","24":"taxable","25":"shipping-taxable","26":"purchasable","27":"product-type-simple"},"acf":[],"_links":{"self":[{"href":"https:\/\/wiejskieprzysmaki.estima.site\/en\/wp-json\/wp\/v2\/product\/3017","targetHints":{"allow":["GET"]}}],"collection":[{"href":"https:\/\/wiejskieprzysmaki.estima.site\/en\/wp-json\/wp\/v2\/product"}],"about":[{"href":"https:\/\/wiejskieprzysmaki.estima.site\/en\/wp-json\/wp\/v2\/types\/product"}],"replies":[{"embeddable":true,"href":"https:\/\/wiejskieprzysmaki.estima.site\/en\/wp-json\/wp\/v2\/comments?post=3017"}],"wp:featuredmedia":[{"embeddable":true,"href":"https:\/\/wiejskieprzysmaki.estima.site\/en\/wp-json\/wp\/v2\/media\/3018"}],"wp:attachment":[{"href":"https:\/\/wiejskieprzysmaki.estima.site\/en\/wp-json\/wp\/v2\/media?parent=3017"}],"wp:term":[{"taxonomy":"product_brand","embeddable":true,"href":"https:\/\/wiejskieprzysmaki.estima.site\/en\/wp-json\/wp\/v2\/product_brand?post=3017"},{"taxonomy":"product_cat","embeddable":true,"href":"https:\/\/wiejskieprzysmaki.estima.site\/en\/wp-json\/wp\/v2\/product_cat?post=3017"},{"taxonomy":"product_tag","embeddable":true,"href":"https:\/\/wiejskieprzysmaki.estima.site\/en\/wp-json\/wp\/v2\/product_tag?post=3017"}],"curies":[{"name":"wp","href":"https:\/\/api.w.org\/{rel}","templated":true}]}}