{"id":3019,"date":"2025-02-18T10:48:07","date_gmt":"2025-02-18T09:48:07","guid":{"rendered":"https:\/\/wiejskieprzysmaki.estima.site\/produkt\/wafle-domowe-z-otrebami-bez-dodatku-cukrow-bio-190-g-bio-ania\/"},"modified":"2025-02-18T10:48:11","modified_gmt":"2025-02-18T09:48:11","slug":"wafle-domowe-z-otrebami-bez-dodatku-cukrow-bio-190-g-bio-ania","status":"publish","type":"product","link":"https:\/\/wiejskieprzysmaki.estima.site\/en\/product\/wafle-domowe-z-otrebami-bez-dodatku-cukrow-bio-190-g-bio-ania\/","title":{"rendered":"WAFLE DOMOWE Z OTR\u0118BAMI BEZ DODATKU CUKR\u00d3W BIO 190 g &#8211; BIO ANIA"},"content":{"rendered":"<p>SK\u0141ADNIKI<br \/>m\u0105ka PSZENNA*, t\u0142uszcz kokosowy*, otr\u0119by PSZENNE* (5 %), s\u00f3l (*certyfikowany sk\u0142adnik ekologiczny)<\/p>\n<p>WARTO\u015a\u0106 OD\u017bYWCZA W 100 g<br \/>Warto\u015b\u0107 energetyczna &#8211; 1486 kJ\/355 kcal  <br \/>T\u0142uszcz &#8211; 1,8 g  <br \/>w tym kwasy nasycone &#8211; 0,5 g  <br \/>W\u0119glowodany &#8211; 75,8 g  <br \/>w tym cukry &#8211; 3,8 g  <br \/>Bia\u0142ko &#8211; 13 g  <br \/>S\u00f3l &#8211; 0,94 g<\/p>\n<p>INFORMACJA ALERGENNA<br \/>Produkt mo\u017ce zawiera\u0107 MLEKO, JAJA, SEZAM, ORZECHY, SOJ\u0118.<\/p>\n<p>ZALECANE WARUNKI PRZECHOWYWANIA<br \/>Przechowywa\u0107 w suchym i ch\u0142odnym miejscu.<\/p>","protected":false},"excerpt":{"rendered":"<p>SK\u0141ADNIKIm\u0105ka PSZENNA*, t\u0142uszcz kokosowy*, otr\u0119by PSZENNE* (5 %), s\u00f3l (*certyfikowany sk\u0142adnik ekologiczny) WARTO\u015a\u0106 OD\u017bYWCZA W 100 gWarto\u015b\u0107 energetyczna &#8211; 1486 kJ\/355 kcal T\u0142uszcz &#8211; 1,8 g w tym kwasy nasycone &#8211; 0,5 g W\u0119glowodany &#8211; 75,8 g w tym cukry &#8211; 3,8 g Bia\u0142ko &#8211; 13 g S\u00f3l &#8211; 0,94 g INFORMACJA ALERGENNAProdukt mo\u017ce zawiera\u0107 [&hellip;]<\/p>","protected":false},"featured_media":3020,"comment_status":"closed","ping_status":"open","template":"","meta":{"_acf_changed":false},"product_brand":[],"product_cat":[1434,139],"product_tag":[],"class_list":{"0":"post-3019","1":"product","2":"type-product","3":"status-publish","4":"has-post-thumbnail","6":"product_cat-ciastka","7":"product_cat-slodycze-i-przekaski","8":"pa_ean-matka-2710","9":"pa_gwarancja-przydatnosci-535","10":"pa_ilosc-w-opakowaniu-366","11":"pa_jednostka-podstawowa-szt","12":"pa_kod-cn-1905-32-99","13":"pa_kraj-pochodzenia-skladnikow-turcja","14":"pa_masa-netto-1057","15":"pa_objetosc-brutto-2320","16":"pa_producent-bio-ania-ciastka-muffiny-wafle","17":"pa_producent-nazwa-adres-ania-spolka-z-ograniczona-odpowiedzialnoscia-spolka-komandytowa-niepokalanej-panny-marii-103-31-589-krakow","18":"pa_tagi-bez-cukru-w-skladnikach","19":"pa_tagi-certyfikat-bio","20":"pa_tagi-weganski","21":"pa_tagi-wegetarianski","23":"first","24":"instock","25":"taxable","26":"shipping-taxable","27":"purchasable","28":"product-type-simple"},"acf":[],"_links":{"self":[{"href":"https:\/\/wiejskieprzysmaki.estima.site\/en\/wp-json\/wp\/v2\/product\/3019","targetHints":{"allow":["GET"]}}],"collection":[{"href":"https:\/\/wiejskieprzysmaki.estima.site\/en\/wp-json\/wp\/v2\/product"}],"about":[{"href":"https:\/\/wiejskieprzysmaki.estima.site\/en\/wp-json\/wp\/v2\/types\/product"}],"replies":[{"embeddable":true,"href":"https:\/\/wiejskieprzysmaki.estima.site\/en\/wp-json\/wp\/v2\/comments?post=3019"}],"wp:featuredmedia":[{"embeddable":true,"href":"https:\/\/wiejskieprzysmaki.estima.site\/en\/wp-json\/wp\/v2\/media\/3020"}],"wp:attachment":[{"href":"https:\/\/wiejskieprzysmaki.estima.site\/en\/wp-json\/wp\/v2\/media?parent=3019"}],"wp:term":[{"taxonomy":"product_brand","embeddable":true,"href":"https:\/\/wiejskieprzysmaki.estima.site\/en\/wp-json\/wp\/v2\/product_brand?post=3019"},{"taxonomy":"product_cat","embeddable":true,"href":"https:\/\/wiejskieprzysmaki.estima.site\/en\/wp-json\/wp\/v2\/product_cat?post=3019"},{"taxonomy":"product_tag","embeddable":true,"href":"https:\/\/wiejskieprzysmaki.estima.site\/en\/wp-json\/wp\/v2\/product_tag?post=3019"}],"curies":[{"name":"wp","href":"https:\/\/api.w.org\/{rel}","templated":true}]}}