{"id":3029,"date":"2025-02-18T10:48:07","date_gmt":"2025-02-18T09:48:07","guid":{"rendered":"https:\/\/wiejskieprzysmaki.estima.site\/produkt\/chleb-essenski-zytni-bio-400-g-terrasana\/"},"modified":"2025-02-18T10:48:15","modified_gmt":"2025-02-18T09:48:15","slug":"chleb-essenski-zytni-bio-400-g-terrasana","status":"publish","type":"product","link":"https:\/\/wiejskieprzysmaki.estima.site\/en\/product\/chleb-essenski-zytni-bio-400-g-terrasana\/","title":{"rendered":"CHLEB ESSE\u0143SKI \u017bYTNI BIO 400 g &#8211; TERRASANA"},"content":{"rendered":"<p>SK\u0141ADNIKI<br \/>skie\u0142kowane \u017bYTO* (* certyfikowany sk\u0142adnik ekologiczny)<\/p>\n<p>OPIS<br \/>Ekologiczny chleb esse\u0144ski \u017cytni, wyprodukowany wy\u0142\u0105cznie ze skie\u0142kowanego \u017cyta. 2-3 dniowe kie\u0142ki \u017bYTA s\u0105 mielone i pieczone w niskiej temperaturze (110\u00b0C &#8211; 130\u00b0C). Chleb nie zawiera dro\u017cd\u017cy ani zakwas\u00f3w.<\/p>\n<p>WARTO\u015a\u0106 OD\u017bYWCZA W 100 g  <br \/>Warto\u015b\u0107 energetyczna &#8211; 973 kJ \/ 230 kcal  <br \/>T\u0142uszcz &#8211; 2,6 g  <br \/>w tym kwasy t\u0142uszczowe nasycone &#8211; 0,4 g  <br \/>W\u0119glowodany &#8211; 44 g  <br \/>w tym cukry &#8211; 13 g  <br \/>B\u0142onnik &#8211; 7,7 g  <br \/>Bia\u0142ko &#8211; 6,8 g  <br \/>S\u00f3l &#8211; 0 g<\/p>\n<p>INFORMACJA ALERGENNA<br \/>mo\u017ce zawiera\u0107 SOJ\u0118, ORZECHY i SEZAM<\/p>\n<p>ZALECANE WARUNKI PRZECHOWYWANIA  <br \/>Po otwarciu przechowywa\u0107 w lod\u00f3wce i spo\u017cy\u0107 w ci\u0105gu 3 dni.  <\/p>","protected":false},"excerpt":{"rendered":"<p>SK\u0141ADNIKIskie\u0142kowane \u017bYTO* (* certyfikowany sk\u0142adnik ekologiczny) OPISEkologiczny chleb esse\u0144ski \u017cytni, wyprodukowany wy\u0142\u0105cznie ze skie\u0142kowanego \u017cyta. 2-3 dniowe kie\u0142ki \u017bYTA s\u0105 mielone i pieczone w niskiej temperaturze (110\u00b0C &#8211; 130\u00b0C). Chleb nie zawiera dro\u017cd\u017cy ani zakwas\u00f3w. WARTO\u015a\u0106 OD\u017bYWCZA W 100 g Warto\u015b\u0107 energetyczna &#8211; 973 kJ \/ 230 kcal T\u0142uszcz &#8211; 2,6 g w tym kwasy [&hellip;]<\/p>","protected":false},"featured_media":3030,"comment_status":"closed","ping_status":"open","template":"","meta":{"_acf_changed":false},"product_brand":[],"product_cat":[1437,64],"product_tag":[],"class_list":{"0":"post-3029","1":"product","2":"type-product","3":"status-publish","4":"has-post-thumbnail","6":"product_cat-chleby-bulki","7":"product_cat-pieczywo","8":"pa_ean-matka-2716","9":"pa_gwarancja-przydatnosci-324","10":"pa_ilosc-w-opakowaniu-331","11":"pa_jednostka-podstawowa-szt","12":"pa_kod-cn-1905-90-30","13":"pa_masa-netto-268","14":"pa_objetosc-brutto-1432","15":"pa_producent-terrasana-kremy-makarony-sosy-sojowe-inne","16":"pa_producent-nazwa-adres-terrasana-natuurvoeding-b-v-waaier-10-2451-leimuiden","17":"pa_tagi-bez-cukru-w-skladnikach","18":"pa_tagi-certyfikat-bio","19":"pa_tagi-weganski","20":"pa_tagi-wegetarianski","22":"first","23":"instock","24":"taxable","25":"shipping-taxable","26":"purchasable","27":"product-type-simple"},"acf":[],"_links":{"self":[{"href":"https:\/\/wiejskieprzysmaki.estima.site\/en\/wp-json\/wp\/v2\/product\/3029","targetHints":{"allow":["GET"]}}],"collection":[{"href":"https:\/\/wiejskieprzysmaki.estima.site\/en\/wp-json\/wp\/v2\/product"}],"about":[{"href":"https:\/\/wiejskieprzysmaki.estima.site\/en\/wp-json\/wp\/v2\/types\/product"}],"replies":[{"embeddable":true,"href":"https:\/\/wiejskieprzysmaki.estima.site\/en\/wp-json\/wp\/v2\/comments?post=3029"}],"wp:featuredmedia":[{"embeddable":true,"href":"https:\/\/wiejskieprzysmaki.estima.site\/en\/wp-json\/wp\/v2\/media\/3030"}],"wp:attachment":[{"href":"https:\/\/wiejskieprzysmaki.estima.site\/en\/wp-json\/wp\/v2\/media?parent=3029"}],"wp:term":[{"taxonomy":"product_brand","embeddable":true,"href":"https:\/\/wiejskieprzysmaki.estima.site\/en\/wp-json\/wp\/v2\/product_brand?post=3029"},{"taxonomy":"product_cat","embeddable":true,"href":"https:\/\/wiejskieprzysmaki.estima.site\/en\/wp-json\/wp\/v2\/product_cat?post=3029"},{"taxonomy":"product_tag","embeddable":true,"href":"https:\/\/wiejskieprzysmaki.estima.site\/en\/wp-json\/wp\/v2\/product_tag?post=3029"}],"curies":[{"name":"wp","href":"https:\/\/api.w.org\/{rel}","templated":true}]}}