{"id":3035,"date":"2025-02-18T10:48:07","date_gmt":"2025-02-18T09:48:07","guid":{"rendered":"https:\/\/wiejskieprzysmaki.estima.site\/produkt\/maka-pszenna-chlebowa-typ-750-bio-1-kg-bio-planet\/"},"modified":"2025-02-18T10:48:17","modified_gmt":"2025-02-18T09:48:17","slug":"maka-pszenna-chlebowa-typ-750-bio-1-kg-bio-planet","status":"publish","type":"product","link":"https:\/\/wiejskieprzysmaki.estima.site\/en\/product\/maka-pszenna-chlebowa-typ-750-bio-1-kg-bio-planet\/","title":{"rendered":"M\u0104KA PSZENNA CHLEBOWA TYP 750 BIO 1 kg &#8211; BIO PLANET"},"content":{"rendered":"<p>SK\u0141ADNIKI<br \/>ekologiczna m\u0105ka PSZENNA chlebowa typ 750<\/p>\n<p>OPIS<br \/>Ekologiczna m\u0105ka PSZENNA &#8220;chlebowa&#8221; otrzymywana jest przez rozdrobnienie oczyszczonych ziaren PSZENICY zwyczajnej. Jest podstawowym sk\u0142adnikiem wyrob\u00f3w piekarniczych, ale mo\u017ce s\u0142u\u017cy\u0107 r\u00f3wnie\u017c do wszelkiego rodzaju wypiek\u00f3w oraz wyrob\u00f3w m\u0105cznych.<\/p>\n<p>WARTO\u015a\u0106 OD\u017bYWCZA W 100 g<br \/>Warto\u015b\u0107 energetyczna &#8211; 1422 kJ \/ 335 kcal<br \/>T\u0142uszcz &#8211; 0,9 g<br \/>w tym kwasy t\u0142uszczowe nasycone &#8211; 0,2 g<br \/>W\u0119glowodany &#8211; 68 g<br \/>w tym cukry &#8211; 1,7 g<br \/>B\u0142onnik &#8211; 4,0 g<br \/>Bia\u0142ko &#8211; 12 g<br \/>S\u00f3l &#8211; 0,1 g<\/p>\n<p>INFORMACJA ALERGENNA<br \/>Produkt mo\u017ce zawiera\u0107 SOJ\u0118.<\/p>\n<p>ZALECANE WARUNKI PRZECHOWYWANIA<br \/>Przechowywa\u0107 w suchym i ch\u0142odnym miejscu.<\/p>","protected":false},"excerpt":{"rendered":"<p>SK\u0141ADNIKIekologiczna m\u0105ka PSZENNA chlebowa typ 750 OPISEkologiczna m\u0105ka PSZENNA &#8220;chlebowa&#8221; otrzymywana jest przez rozdrobnienie oczyszczonych ziaren PSZENICY zwyczajnej. Jest podstawowym sk\u0142adnikiem wyrob\u00f3w piekarniczych, ale mo\u017ce s\u0142u\u017cy\u0107 r\u00f3wnie\u017c do wszelkiego rodzaju wypiek\u00f3w oraz wyrob\u00f3w m\u0105cznych. WARTO\u015a\u0106 OD\u017bYWCZA W 100 gWarto\u015b\u0107 energetyczna &#8211; 1422 kJ \/ 335 kcalT\u0142uszcz &#8211; 0,9 gw tym kwasy t\u0142uszczowe nasycone &#8211; 0,2 [&hellip;]<\/p>","protected":false},"featured_media":3036,"comment_status":"closed","ping_status":"open","template":"","meta":{"_acf_changed":false},"product_brand":[],"product_cat":[99,106],"product_tag":[],"class_list":{"0":"post-3035","1":"product","2":"type-product","3":"status-publish","4":"has-post-thumbnail","6":"product_cat-maki-i-skrobie","7":"product_cat-maki-zbozowe-z-glutenem","8":"pa_ean-matka-2718","9":"pa_gwarancja-przydatnosci-522","10":"pa_ilosc-w-opakowaniu-366","11":"pa_jednostka-podstawowa-szt","12":"pa_kod-cn-1101-00-15","13":"pa_kraj-pochodzenia-skladnikow-austria","14":"pa_masa-netto-209","15":"pa_objetosc-brutto-876","16":"pa_producent-bio-planet-seria-maki-i-skrobie","17":"pa_producent-nazwa-adres-bio-planet-s-a-wilkowa-wies-7-05-084-leszno","18":"pa_tagi-bez-cukru-w-skladnikach","19":"pa_tagi-certyfikat-bio","20":"pa_tagi-weganski","21":"pa_tagi-wegetarianski","23":"first","24":"instock","25":"taxable","26":"shipping-taxable","27":"purchasable","28":"product-type-simple"},"acf":[],"_links":{"self":[{"href":"https:\/\/wiejskieprzysmaki.estima.site\/en\/wp-json\/wp\/v2\/product\/3035","targetHints":{"allow":["GET"]}}],"collection":[{"href":"https:\/\/wiejskieprzysmaki.estima.site\/en\/wp-json\/wp\/v2\/product"}],"about":[{"href":"https:\/\/wiejskieprzysmaki.estima.site\/en\/wp-json\/wp\/v2\/types\/product"}],"replies":[{"embeddable":true,"href":"https:\/\/wiejskieprzysmaki.estima.site\/en\/wp-json\/wp\/v2\/comments?post=3035"}],"wp:featuredmedia":[{"embeddable":true,"href":"https:\/\/wiejskieprzysmaki.estima.site\/en\/wp-json\/wp\/v2\/media\/3036"}],"wp:attachment":[{"href":"https:\/\/wiejskieprzysmaki.estima.site\/en\/wp-json\/wp\/v2\/media?parent=3035"}],"wp:term":[{"taxonomy":"product_brand","embeddable":true,"href":"https:\/\/wiejskieprzysmaki.estima.site\/en\/wp-json\/wp\/v2\/product_brand?post=3035"},{"taxonomy":"product_cat","embeddable":true,"href":"https:\/\/wiejskieprzysmaki.estima.site\/en\/wp-json\/wp\/v2\/product_cat?post=3035"},{"taxonomy":"product_tag","embeddable":true,"href":"https:\/\/wiejskieprzysmaki.estima.site\/en\/wp-json\/wp\/v2\/product_tag?post=3035"}],"curies":[{"name":"wp","href":"https:\/\/api.w.org\/{rel}","templated":true}]}}