{"id":3043,"date":"2025-02-18T10:48:07","date_gmt":"2025-02-18T09:48:07","guid":{"rendered":"https:\/\/wiejskieprzysmaki.estima.site\/produkt\/fasolka-mung-bio-1-kg-bio-planet\/"},"modified":"2025-02-18T10:48:21","modified_gmt":"2025-02-18T09:48:21","slug":"fasolka-mung-bio-1-kg-bio-planet","status":"publish","type":"product","link":"https:\/\/wiejskieprzysmaki.estima.site\/en\/product\/fasolka-mung-bio-1-kg-bio-planet\/","title":{"rendered":"FASOLKA MUNG BIO 1 kg &#8211; BIO PLANET"},"content":{"rendered":"<p>SK\u0141ADNIKI<br \/>ekologiczna fasolka mung 100 %.  <\/p>\n<p>OPIS<br \/>Ekologiczna fasola mung jest jedn\u0105 z najbardziej warto\u015bciowych gatunk\u00f3w fasoli. Niezwykle po\u017cywna, wy\u015bmienicie smakuje z warzywami i kaszami, a tak\u017ce jako dodatek do zup lub sa\u0142atek.<\/p>\n<p>SPOS\u00d3B PRZYGOTOWANIA<br \/>uprzednio namoczon\u0105 kilka godzin i przep\u0142ukan\u0105 fasol\u0119 nale\u017cy gotowa\u0107 w \u015bwie\u017cej, nieosolonej wodzie ok. 45 min. Fasol\u0119 solimy dopiero pod koniec gotowania.  <\/p>\n<p>WARTO\u015a\u0106 OD\u017bYWCZA W 100 g<br \/>Warto\u015b\u0107 energetyczna 1367 kJ\/324 kcal  <br \/>T\u0142uszcz 1,2 g  <br \/>w tym kwasy t\u0142uszczowe nasycone 0,4 g  <br \/>W\u0119glowodany 46 g  <br \/>w tym cukry 6,6 g  <br \/>B\u0142onnik 16 g  <br \/>Bia\u0142ko 24 g  <br \/>S\u00f3l 0,04 g<\/p>\n<p>ZALECANE WARUNKI PRZECHOWYWANIA<br \/>Przechowywa\u0107 w suchym i ch\u0142odnym miejscu.<\/p>\n<p><\/p>","protected":false},"excerpt":{"rendered":"<p>SK\u0141ADNIKIekologiczna fasolka mung 100 %. OPISEkologiczna fasola mung jest jedn\u0105 z najbardziej warto\u015bciowych gatunk\u00f3w fasoli. Niezwykle po\u017cywna, wy\u015bmienicie smakuje z warzywami i kaszami, a tak\u017ce jako dodatek do zup lub sa\u0142atek. SPOS\u00d3B PRZYGOTOWANIAuprzednio namoczon\u0105 kilka godzin i przep\u0142ukan\u0105 fasol\u0119 nale\u017cy gotowa\u0107 w \u015bwie\u017cej, nieosolonej wodzie ok. 45 min. Fasol\u0119 solimy dopiero pod koniec gotowania. WARTO\u015a\u0106 [&hellip;]<\/p>","protected":false},"featured_media":3044,"comment_status":"closed","ping_status":"open","template":"","meta":{"_acf_changed":false},"product_brand":[],"product_cat":[316,315],"product_tag":[],"class_list":{"0":"post-3043","1":"product","2":"type-product","3":"status-publish","4":"has-post-thumbnail","6":"product_cat-suszone","7":"product_cat-warzywa-straczkowe","8":"pa_ean-matka-943","9":"pa_ean-matka-2721","10":"pa_gwarancja-przydatnosci-311","11":"pa_ilosc-w-opakowaniu-366","12":"pa_jednostka-podstawowa-szt","13":"pa_kod-cn-0713-31-00","14":"pa_kraj-pochodzenia-skladnikow-indie","15":"pa_masa-netto-209","16":"pa_objetosc-brutto-210","17":"pa_producent-bio-planet-seria-zielona-straczkowe","18":"pa_producent-nazwa-adres-bio-planet-s-a-wilkowa-wies-7-05-084-leszno","19":"pa_tagi-bez-cukru-w-skladnikach","20":"pa_tagi-bez-glutenu-w-skladnikach","21":"pa_tagi-certyfikat-bio","22":"pa_tagi-weganski","23":"pa_tagi-wegetarianski","25":"first","26":"instock","27":"taxable","28":"shipping-taxable","29":"purchasable","30":"product-type-simple"},"acf":[],"_links":{"self":[{"href":"https:\/\/wiejskieprzysmaki.estima.site\/en\/wp-json\/wp\/v2\/product\/3043","targetHints":{"allow":["GET"]}}],"collection":[{"href":"https:\/\/wiejskieprzysmaki.estima.site\/en\/wp-json\/wp\/v2\/product"}],"about":[{"href":"https:\/\/wiejskieprzysmaki.estima.site\/en\/wp-json\/wp\/v2\/types\/product"}],"replies":[{"embeddable":true,"href":"https:\/\/wiejskieprzysmaki.estima.site\/en\/wp-json\/wp\/v2\/comments?post=3043"}],"wp:featuredmedia":[{"embeddable":true,"href":"https:\/\/wiejskieprzysmaki.estima.site\/en\/wp-json\/wp\/v2\/media\/3044"}],"wp:attachment":[{"href":"https:\/\/wiejskieprzysmaki.estima.site\/en\/wp-json\/wp\/v2\/media?parent=3043"}],"wp:term":[{"taxonomy":"product_brand","embeddable":true,"href":"https:\/\/wiejskieprzysmaki.estima.site\/en\/wp-json\/wp\/v2\/product_brand?post=3043"},{"taxonomy":"product_cat","embeddable":true,"href":"https:\/\/wiejskieprzysmaki.estima.site\/en\/wp-json\/wp\/v2\/product_cat?post=3043"},{"taxonomy":"product_tag","embeddable":true,"href":"https:\/\/wiejskieprzysmaki.estima.site\/en\/wp-json\/wp\/v2\/product_tag?post=3043"}],"curies":[{"name":"wp","href":"https:\/\/api.w.org\/{rel}","templated":true}]}}