{"id":3045,"date":"2025-02-18T10:48:07","date_gmt":"2025-02-18T09:48:07","guid":{"rendered":"https:\/\/wiejskieprzysmaki.estima.site\/produkt\/len-brazowy-siemie-lniane-bio-1-kg-bio-planet\/"},"modified":"2025-02-18T10:48:22","modified_gmt":"2025-02-18T09:48:22","slug":"len-brazowy-siemie-lniane-bio-1-kg-bio-planet","status":"publish","type":"product","link":"https:\/\/wiejskieprzysmaki.estima.site\/en\/product\/len-brazowy-siemie-lniane-bio-1-kg-bio-planet\/","title":{"rendered":"LEN BR\u0104ZOWY (SIEMI\u0118 LNIANE) BIO 1 kg &#8211; BIO PLANET"},"content":{"rendered":"<p>SK\u0141ADNIKI<br \/>ekologiczny len br\u0105zowy (siemi\u0119 lniane) 100 %.<\/p>\n<p>OPIS<br \/>Polecamy jako dodatek do zup, pieczywa, ciast i ciasteczek. \t\t\t<\/p>\n<p>Warto\u015b\u0107 od\u017cywcza \tw 100 g<br \/>Warto\u015b\u0107 energetyczna \t2103 kJ\/510 kcal<br \/>T\u0142uszcz \t42 g<br \/>w tym kwasy t\u0142uszczowe nasycone \t3,7 g<br \/>W\u0119glowodany \t1,6 g<br \/>w tym cukry \t1,6 g<br \/>B\u0142onnik \t27 g<br \/>Bia\u0142ko \t18 g<br \/>S\u00f3l \t0,08 g<\/p>\n<p>ZALECANE WARUNKI PRZECHOWYWANIA<br \/>Przechowywa\u0107 w suchym i ch\u0142odnym miejscu.<\/p>","protected":false},"excerpt":{"rendered":"<p>SK\u0141ADNIKIekologiczny len br\u0105zowy (siemi\u0119 lniane) 100 %. OPISPolecamy jako dodatek do zup, pieczywa, ciast i ciasteczek. Warto\u015b\u0107 od\u017cywcza w 100 gWarto\u015b\u0107 energetyczna 2103 kJ\/510 kcalT\u0142uszcz 42 gw tym kwasy t\u0142uszczowe nasycone 3,7 gW\u0119glowodany 1,6 gw tym cukry 1,6 gB\u0142onnik 27 gBia\u0142ko 18 gS\u00f3l 0,08 g ZALECANE WARUNKI PRZECHOWYWANIAPrzechowywa\u0107 w suchym i ch\u0142odnym miejscu.<\/p>","protected":false},"featured_media":613,"comment_status":"closed","ping_status":"open","template":"","meta":{"_acf_changed":false},"product_brand":[],"product_cat":[151],"product_tag":[],"class_list":{"0":"post-3045","1":"product","2":"type-product","3":"status-publish","4":"has-post-thumbnail","6":"product_cat-nasiona-i-ziarna","7":"pa_ean-matka-576","8":"pa_ean-matka-624","9":"pa_gwarancja-przydatnosci-320","10":"pa_ilosc-w-opakowaniu-298","11":"pa_jednostka-podstawowa-szt","12":"pa_kod-cn-1204-00-90","13":"pa_kraj-pochodzenia-skladnikow-kazachstan","14":"pa_masa-netto-209","15":"pa_objetosc-brutto-510","16":"pa_producent-bio-planet-seria-niebieska-ryze-kasze-ziarna","17":"pa_producent-nazwa-adres-bio-planet-s-a-wilkowa-wies-7-05-084-leszno","18":"pa_tagi-bez-cukru-w-skladnikach","19":"pa_tagi-bez-glutenu-w-skladnikach","20":"pa_tagi-certyfikat-bio","21":"pa_tagi-weganski","22":"pa_tagi-wegetarianski","24":"first","25":"instock","26":"taxable","27":"shipping-taxable","28":"purchasable","29":"product-type-simple"},"acf":[],"_links":{"self":[{"href":"https:\/\/wiejskieprzysmaki.estima.site\/en\/wp-json\/wp\/v2\/product\/3045","targetHints":{"allow":["GET"]}}],"collection":[{"href":"https:\/\/wiejskieprzysmaki.estima.site\/en\/wp-json\/wp\/v2\/product"}],"about":[{"href":"https:\/\/wiejskieprzysmaki.estima.site\/en\/wp-json\/wp\/v2\/types\/product"}],"replies":[{"embeddable":true,"href":"https:\/\/wiejskieprzysmaki.estima.site\/en\/wp-json\/wp\/v2\/comments?post=3045"}],"wp:featuredmedia":[{"embeddable":true,"href":"https:\/\/wiejskieprzysmaki.estima.site\/en\/wp-json\/wp\/v2\/media\/613"}],"wp:attachment":[{"href":"https:\/\/wiejskieprzysmaki.estima.site\/en\/wp-json\/wp\/v2\/media?parent=3045"}],"wp:term":[{"taxonomy":"product_brand","embeddable":true,"href":"https:\/\/wiejskieprzysmaki.estima.site\/en\/wp-json\/wp\/v2\/product_brand?post=3045"},{"taxonomy":"product_cat","embeddable":true,"href":"https:\/\/wiejskieprzysmaki.estima.site\/en\/wp-json\/wp\/v2\/product_cat?post=3045"},{"taxonomy":"product_tag","embeddable":true,"href":"https:\/\/wiejskieprzysmaki.estima.site\/en\/wp-json\/wp\/v2\/product_tag?post=3045"}],"curies":[{"name":"wp","href":"https:\/\/api.w.org\/{rel}","templated":true}]}}