{"id":3066,"date":"2025-02-18T10:48:23","date_gmt":"2025-02-18T09:48:23","guid":{"rendered":"https:\/\/wiejskieprzysmaki.estima.site\/produkt\/platki-drozdzowe-nieaktywne-bio-100-g-bio-planet\/"},"modified":"2025-02-18T10:48:31","modified_gmt":"2025-02-18T09:48:31","slug":"platki-drozdzowe-nieaktywne-bio-100-g-bio-planet","status":"publish","type":"product","link":"https:\/\/wiejskieprzysmaki.estima.site\/en\/product\/platki-drozdzowe-nieaktywne-bio-100-g-bio-planet\/","title":{"rendered":"P\u0141ATKI DRO\u017bD\u017bOWE NIEAKTYWNE BIO 100 g &#8211; BIO PLANET"},"content":{"rendered":"<p>SK\u0141ADNIKI<br \/>dro\u017cd\u017ce*, m\u0105ka PSZENNA*, s\u00f3l morska (*certyfikowany sk\u0142adnik ekologiczny)<\/p>\n<p>OPIS<br \/>Ekologiczne p\u0142atki dro\u017cd\u017cowe nieaktywne to niezast\u0105piony sk\u0142adnik wielu da\u0144 wegetaria\u0144skich i wega\u0144skich. Charakteryzuj\u0105 si\u0119 delikatnym smakiem i zapachem. Poprawiaj\u0105 walory smakowe i od\u017cywcze przygotowywanych posi\u0142k\u00f3w. Mog\u0105 stanowi\u0107 sk\u0142adnik sos\u00f3w, pasztet\u00f3w, past kanapkowych. Idealne jako dodatek do grillowanych i sma\u017conych warzyw. P\u0142atki nie s\u0105 przeznaczone do wypiek\u00f3w.   \t\t\t<\/p>\n<p>WARTO\u015a\u0106 OD\u017bYWCZA W 100 g<br \/>Warto\u015b\u0107 energetyczna \t1423 kJ\/338 kcal<br \/>T\u0142uszcz \t4,0 g<br \/>w tym kwasy t\u0142uszczowe nasycone \t1,0 g<br \/>W\u0119glowodany \t37 g<br \/>w tym cukry \t5,0 g<br \/>B\u0142onnik \t17 g<br \/>Bia\u0142ko \t30 g<br \/>S\u00f3l \t1,0 g<\/p>\n<p>INFORMACJA ALERGENNA<br \/>Produkt mo\u017ce zawiera\u0107: ORZESZKI ZIEMNE, ORZECHY, NASIONA SEZAMU, SOJ\u0118.<\/p>\n<p>ZALECANE WARUNKI PRZECHOWYWANIA<br \/>Przechowywa\u0107 w suchym i ch\u0142odnym miejscu.<\/p>","protected":false},"excerpt":{"rendered":"<p>SK\u0141ADNIKIdro\u017cd\u017ce*, m\u0105ka PSZENNA*, s\u00f3l morska (*certyfikowany sk\u0142adnik ekologiczny) OPISEkologiczne p\u0142atki dro\u017cd\u017cowe nieaktywne to niezast\u0105piony sk\u0142adnik wielu da\u0144 wegetaria\u0144skich i wega\u0144skich. Charakteryzuj\u0105 si\u0119 delikatnym smakiem i zapachem. Poprawiaj\u0105 walory smakowe i od\u017cywcze przygotowywanych posi\u0142k\u00f3w. Mog\u0105 stanowi\u0107 sk\u0142adnik sos\u00f3w, pasztet\u00f3w, past kanapkowych. Idealne jako dodatek do grillowanych i sma\u017conych warzyw. P\u0142atki nie s\u0105 przeznaczone do wypiek\u00f3w. WARTO\u015a\u0106 [&hellip;]<\/p>","protected":false},"featured_media":3067,"comment_status":"closed","ping_status":"open","template":"","meta":{"_acf_changed":false},"product_brand":[],"product_cat":[36],"product_tag":[],"class_list":{"0":"post-3066","1":"product","2":"type-product","3":"status-publish","4":"has-post-thumbnail","6":"product_cat-dodatki-do-wypiekow-i-deserow","7":"pa_ean-matka-2731","8":"pa_ean-matka-2732","9":"pa_gwarancja-przydatnosci-311","10":"pa_ilosc-w-opakowaniu-298","11":"pa_jednostka-podstawowa-szt","12":"pa_kod-cn-2102-20-11","13":"pa_kraj-pochodzenia-skladnikow-niemcy","14":"pa_masa-netto-242","15":"pa_objetosc-brutto-204","16":"pa_producent-bio-planet-seria-inne","17":"pa_producent-nazwa-adres-bio-planet-s-a-wilkowa-wies-7-05-084-leszno","18":"pa_tagi-bez-cukru-w-skladnikach","19":"pa_tagi-certyfikat-bio","20":"pa_tagi-weganski","21":"pa_tagi-wegetarianski","23":"first","24":"instock","25":"taxable","26":"shipping-taxable","27":"purchasable","28":"product-type-simple"},"acf":[],"_links":{"self":[{"href":"https:\/\/wiejskieprzysmaki.estima.site\/en\/wp-json\/wp\/v2\/product\/3066","targetHints":{"allow":["GET"]}}],"collection":[{"href":"https:\/\/wiejskieprzysmaki.estima.site\/en\/wp-json\/wp\/v2\/product"}],"about":[{"href":"https:\/\/wiejskieprzysmaki.estima.site\/en\/wp-json\/wp\/v2\/types\/product"}],"replies":[{"embeddable":true,"href":"https:\/\/wiejskieprzysmaki.estima.site\/en\/wp-json\/wp\/v2\/comments?post=3066"}],"wp:featuredmedia":[{"embeddable":true,"href":"https:\/\/wiejskieprzysmaki.estima.site\/en\/wp-json\/wp\/v2\/media\/3067"}],"wp:attachment":[{"href":"https:\/\/wiejskieprzysmaki.estima.site\/en\/wp-json\/wp\/v2\/media?parent=3066"}],"wp:term":[{"taxonomy":"product_brand","embeddable":true,"href":"https:\/\/wiejskieprzysmaki.estima.site\/en\/wp-json\/wp\/v2\/product_brand?post=3066"},{"taxonomy":"product_cat","embeddable":true,"href":"https:\/\/wiejskieprzysmaki.estima.site\/en\/wp-json\/wp\/v2\/product_cat?post=3066"},{"taxonomy":"product_tag","embeddable":true,"href":"https:\/\/wiejskieprzysmaki.estima.site\/en\/wp-json\/wp\/v2\/product_tag?post=3066"}],"curies":[{"name":"wp","href":"https:\/\/api.w.org\/{rel}","templated":true}]}}