{"id":3074,"date":"2025-02-18T10:48:23","date_gmt":"2025-02-18T09:48:23","guid":{"rendered":"https:\/\/wiejskieprzysmaki.estima.site\/produkt\/spirulina-sproszkowana-bio-200-g-bio-planet\/"},"modified":"2025-02-20T15:14:05","modified_gmt":"2025-02-20T14:14:05","slug":"spirulina-sproszkowana-bio-200-g-bio-planet","status":"publish","type":"product","link":"https:\/\/wiejskieprzysmaki.estima.site\/en\/product\/spirulina-sproszkowana-bio-200-g-bio-planet\/","title":{"rendered":"SPIRULINA SPROSZKOWANA BIO 200 g &#8211; BIO PLANET"},"content":{"rendered":"<p>SK\u0141ADNIKI<br \/>ekologiczna spirulina sproszkowana 100 %.<\/p>\n<p>OPIS<br \/>Ekologiczna spirulina to rodzaj zielononiebieskiej mikroalgi o kszta\u0142cie spirali. Ta s\u0142odkowodna alga dost\u0119pna w formie sproszkowanej pozyskiwana jest z najwy\u017cszej jako\u015bci glon\u00f3w z kontrolowanych upraw. Jej nazwa pochodzi od spiralnego kszta\u0142tu, jaki naturalnie przyjmuje. Jest \u017ar\u00f3d\u0142em b\u0142onnika pokarmowego oraz wyr\u00f3\u017cnia si\u0119 wysok\u0105 zawarto\u015bci\u0105 bia\u0142ka i \u017celaza. Zalecane spo\u017cycie: 6 g dziennie, tj. 2 miarki do\u0142\u0105czone do produktu. Polecamy jako dodatek do kefir\u00f3w, jogurt\u00f3w, sok\u00f3w. Zawarto\u015b\u0107 \u017celaza w zalecanej do spo\u017cycia dziennej porcji produktu wynosi 7,9 mg (56 %*). \u017belazo pomaga w prawid\u0142owym transporcie tlenu w organizmie, przyczynia si\u0119 do zmniejszenia uczucia zm\u0119czenia i znu\u017cenia. Nie nale\u017cy przekracza\u0107 zalecanej porcji do spo\u017cycia w ci\u0105gu dnia. Suplement diety nie mo\u017ce by\u0107 stosowany jako substytut zr\u00f3\u017cnicowanej diety. Przechowywa\u0107 w spos\u00f3b niedst\u0119pny dla ma\u0142ych dzieci.\t\t\t<\/p>\n<p>Warto\u015b\u0107 od\u017cywcza \tw 100 gWarto\u015b\u0107 energetyczna \t1595 kJ\/377 kcal<br \/>T\u0142uszcz \t5,4 g<br \/>w tym kwasy t\u0142uszczowe nasycone \t2,6 g<br \/>W\u0119glowodany \t16 g<br \/>w tym cukry \t<0,1 g<br \/>B\u0142onnik \t3,1 g<br \/>Bia\u0142ko \t65 g<br \/>S\u00f3l \t1,7 g<br \/>\u017belazo\t132 mg (943 %*)<br \/>*dzienna referencyjna warto\u015b\u0107 spo\u017cycia sk\u0142adnik\u00f3w mineralnych (dla osoby doros\u0142ej).\t<\/p>\n<p>ZALECANE WARUNKI PRZECHOWYWANIA<br \/>Przechowywa\u0107 w suchym i ch\u0142odnym miejscu.\t<\/p>","protected":false},"excerpt":{"rendered":"<p>SK\u0141ADNIKIekologiczna spirulina sproszkowana 100 %. OPISEkologiczna spirulina to rodzaj zielononiebieskiej mikroalgi o kszta\u0142cie spirali. Ta s\u0142odkowodna alga dost\u0119pna w formie sproszkowanej pozyskiwana jest z najwy\u017cszej jako\u015bci glon\u00f3w z kontrolowanych upraw. Jej nazwa pochodzi od spiralnego kszta\u0142tu, jaki naturalnie przyjmuje. Jest \u017ar\u00f3d\u0142em b\u0142onnika pokarmowego oraz wyr\u00f3\u017cnia si\u0119 wysok\u0105 zawarto\u015bci\u0105 bia\u0142ka i \u017celaza. Zalecane spo\u017cycie: 6 g [&hellip;]<\/p>","protected":false},"featured_media":3075,"comment_status":"closed","ping_status":"open","template":"","meta":{"_acf_changed":false},"product_brand":[],"product_cat":[290,9057],"product_tag":[],"class_list":{"0":"post-3074","1":"product","2":"type-product","3":"status-publish","4":"has-post-thumbnail","6":"product_cat-produkty-sproszkowane","7":"product_cat-suplementy-diety","8":"pa_ean-matka-2735","9":"pa_gwarancja-przydatnosci-301","10":"pa_ilosc-w-opakowaniu-298","11":"pa_jednostka-podstawowa-szt","12":"pa_kod-cn-2102-20-90","13":"pa_kraj-pochodzenia-skladnikow-chiny","14":"pa_masa-netto-354","15":"pa_objetosc-brutto-778","16":"pa_producent-bio-planet-seria-superfoods","17":"pa_producent-nazwa-adres-bio-planet-s-a-wilkowa-wies-7-05-084-leszno","18":"pa_tagi-bez-cukru-w-skladnikach","19":"pa_tagi-bez-glutenu-w-skladnikach","20":"pa_tagi-certyfikat-bio","21":"pa_tagi-weganski","22":"pa_tagi-wegetarianski","24":"first","25":"instock","26":"taxable","27":"shipping-taxable","28":"purchasable","29":"product-type-simple"},"acf":[],"_links":{"self":[{"href":"https:\/\/wiejskieprzysmaki.estima.site\/en\/wp-json\/wp\/v2\/product\/3074","targetHints":{"allow":["GET"]}}],"collection":[{"href":"https:\/\/wiejskieprzysmaki.estima.site\/en\/wp-json\/wp\/v2\/product"}],"about":[{"href":"https:\/\/wiejskieprzysmaki.estima.site\/en\/wp-json\/wp\/v2\/types\/product"}],"replies":[{"embeddable":true,"href":"https:\/\/wiejskieprzysmaki.estima.site\/en\/wp-json\/wp\/v2\/comments?post=3074"}],"wp:featuredmedia":[{"embeddable":true,"href":"https:\/\/wiejskieprzysmaki.estima.site\/en\/wp-json\/wp\/v2\/media\/3075"}],"wp:attachment":[{"href":"https:\/\/wiejskieprzysmaki.estima.site\/en\/wp-json\/wp\/v2\/media?parent=3074"}],"wp:term":[{"taxonomy":"product_brand","embeddable":true,"href":"https:\/\/wiejskieprzysmaki.estima.site\/en\/wp-json\/wp\/v2\/product_brand?post=3074"},{"taxonomy":"product_cat","embeddable":true,"href":"https:\/\/wiejskieprzysmaki.estima.site\/en\/wp-json\/wp\/v2\/product_cat?post=3074"},{"taxonomy":"product_tag","embeddable":true,"href":"https:\/\/wiejskieprzysmaki.estima.site\/en\/wp-json\/wp\/v2\/product_tag?post=3074"}],"curies":[{"name":"wp","href":"https:\/\/api.w.org\/{rel}","templated":true}]}}