{"id":3080,"date":"2025-02-18T10:48:23","date_gmt":"2025-02-18T09:48:23","guid":{"rendered":"https:\/\/wiejskieprzysmaki.estima.site\/produkt\/maca-sproszkowana-bio-150-g-bio-planet\/"},"modified":"2025-02-20T15:14:05","modified_gmt":"2025-02-20T14:14:05","slug":"maca-sproszkowana-bio-150-g-bio-planet","status":"publish","type":"product","link":"https:\/\/wiejskieprzysmaki.estima.site\/en\/product\/maca-sproszkowana-bio-150-g-bio-planet\/","title":{"rendered":"MACA SPROSZKOWANA BIO 150 g &#8211; BIO PLANET"},"content":{"rendered":"<p>SK\u0141ADNIKI<br \/>ekologiczna maca sproszkowana (korze\u0144) 100 %.<\/p>\n<p>OPIS:<br \/>Ekologiczny sproszkowany korze\u0144 maca od setek lat stanowi podstawowy element diety w krajach Ameryki Po\u0142udniowej. Swoje cenne w\u0142a\u015bciwo\u015bci zawdzi\u0119cza m.in. trudnym warunkom uprawy. Jest ro\u015blin\u0105 wyst\u0119puj\u0105c\u0105 na najwy\u017cszych partiach g\u00f3r. Ma delikatnie s\u0142odki, korzenny smak. Charakteryzuje si\u0119 wysok\u0105 zawarto\u015bci\u0105 b\u0142onnika. <\/p>\n<p>ZALECANE SPO\u017bYCIE<br \/>ok. 5 g (ma\u0142a \u0142y\u017ceczka) dziennie z wod\u0105 lub ulubionym napojem. Polecamy r\u00f3wnie\u017c do koktajli, sok\u00f3w, sa\u0142atek, sur\u00f3wek, jogurt\u00f3w, deser\u00f3w lub jako m\u0105k\u0119 do domowych wypiek\u00f3w. Maca pasuje tak\u017ce jako sk\u0142adnik nadzienia lub jako posypka.\t<\/p>\n<p>WARTO\u015a\u0106 OD\u017bYWCZA W 100 g<br \/>Warto\u015b\u0107 energetyczna \t1264 kJ\/300 kcal<br \/>T\u0142uszcz \t0 g<br \/>w tym kwasy t\u0142uszczowe nasycone \t0 g<br \/>W\u0119glowodany \t50 g<br \/>w tym cukry \t29 g<br \/>B\u0142onnik \t21 g<br \/>Bia\u0142ko \t14 g<br \/>S\u00f3l \t0,05 g<\/p>\n<p>ZALECANE WARUNKI PRZECHOWYWANIA<br \/>Przechowywa\u0107 w suchym i ch\u0142odnym miejscu.<\/p>","protected":false},"excerpt":{"rendered":"<p>SK\u0141ADNIKIekologiczna maca sproszkowana (korze\u0144) 100 %. OPIS:Ekologiczny sproszkowany korze\u0144 maca od setek lat stanowi podstawowy element diety w krajach Ameryki Po\u0142udniowej. Swoje cenne w\u0142a\u015bciwo\u015bci zawdzi\u0119cza m.in. trudnym warunkom uprawy. Jest ro\u015blin\u0105 wyst\u0119puj\u0105c\u0105 na najwy\u017cszych partiach g\u00f3r. Ma delikatnie s\u0142odki, korzenny smak. Charakteryzuje si\u0119 wysok\u0105 zawarto\u015bci\u0105 b\u0142onnika. ZALECANE SPO\u017bYCIEok. 5 g (ma\u0142a \u0142y\u017ceczka) dziennie z wod\u0105 [&hellip;]<\/p>","protected":false},"featured_media":3081,"comment_status":"closed","ping_status":"open","template":"","meta":{"_acf_changed":false},"product_brand":[],"product_cat":[290,9057],"product_tag":[],"class_list":{"0":"post-3080","1":"product","2":"type-product","3":"status-publish","4":"has-post-thumbnail","6":"product_cat-produkty-sproszkowane","7":"product_cat-suplementy-diety","8":"pa_ean-matka-2739","9":"pa_gwarancja-przydatnosci-301","10":"pa_ilosc-w-opakowaniu-298","11":"pa_jednostka-podstawowa-szt","12":"pa_kod-cn-1106-20-90","13":"pa_kraj-pochodzenia-skladnikow-peru","14":"pa_masa-netto-197","15":"pa_objetosc-brutto-778","16":"pa_producent-bio-planet-seria-superfoods","17":"pa_producent-nazwa-adres-bio-planet-s-a-wilkowa-wies-7-05-084-leszno","18":"pa_tagi-bez-cukru-w-skladnikach","19":"pa_tagi-bez-glutenu-w-skladnikach","20":"pa_tagi-certyfikat-bio","21":"pa_tagi-weganski","22":"pa_tagi-wegetarianski","24":"first","25":"instock","26":"taxable","27":"shipping-taxable","28":"purchasable","29":"product-type-simple"},"acf":[],"_links":{"self":[{"href":"https:\/\/wiejskieprzysmaki.estima.site\/en\/wp-json\/wp\/v2\/product\/3080","targetHints":{"allow":["GET"]}}],"collection":[{"href":"https:\/\/wiejskieprzysmaki.estima.site\/en\/wp-json\/wp\/v2\/product"}],"about":[{"href":"https:\/\/wiejskieprzysmaki.estima.site\/en\/wp-json\/wp\/v2\/types\/product"}],"replies":[{"embeddable":true,"href":"https:\/\/wiejskieprzysmaki.estima.site\/en\/wp-json\/wp\/v2\/comments?post=3080"}],"wp:featuredmedia":[{"embeddable":true,"href":"https:\/\/wiejskieprzysmaki.estima.site\/en\/wp-json\/wp\/v2\/media\/3081"}],"wp:attachment":[{"href":"https:\/\/wiejskieprzysmaki.estima.site\/en\/wp-json\/wp\/v2\/media?parent=3080"}],"wp:term":[{"taxonomy":"product_brand","embeddable":true,"href":"https:\/\/wiejskieprzysmaki.estima.site\/en\/wp-json\/wp\/v2\/product_brand?post=3080"},{"taxonomy":"product_cat","embeddable":true,"href":"https:\/\/wiejskieprzysmaki.estima.site\/en\/wp-json\/wp\/v2\/product_cat?post=3080"},{"taxonomy":"product_tag","embeddable":true,"href":"https:\/\/wiejskieprzysmaki.estima.site\/en\/wp-json\/wp\/v2\/product_tag?post=3080"}],"curies":[{"name":"wp","href":"https:\/\/api.w.org\/{rel}","templated":true}]}}