{"id":3107,"date":"2025-02-18T10:48:37","date_gmt":"2025-02-18T09:48:37","guid":{"rendered":"https:\/\/wiejskieprzysmaki.estima.site\/produkt\/dla-psa-multipack-pasztet-bio-6-x-150-g-900-g-yarrah\/"},"modified":"2025-02-20T15:09:06","modified_gmt":"2025-02-20T14:09:06","slug":"dla-psa-multipack-pasztet-bio-6-x-150-g-900-g-yarrah","status":"publish","type":"product","link":"https:\/\/wiejskieprzysmaki.estima.site\/en\/product\/dla-psa-multipack-pasztet-bio-6-x-150-g-900-g-yarrah\/","title":{"rendered":"(DLA PSA) MULTIPACK PASZTET BIO (6 x 150 g) 900 g &#8211; YARRAH"},"content":{"rendered":"<p>SK\u0141ADNIKI <br \/>***2 x Pasztet z kurczakiem i indykiem. <br \/>Sk\u0142adniki: mi\u0119so i produkty pochodzenia zwierz\u0119cego*: 30 % kurczak* (mi\u0119so*, tusza*, w\u0105troba*), wo\u0142owina* (p\u0142uca*, serce*, nerki*), indyk* 10 % (mi\u0119so*), produkty pochodzenia ro\u015blinnego* (0,0075 % suszony aloes*), substancje mineralne, oleje i t\u0142uszcze* (olej s\u0142onecznikowy*). (*certyfikowany sk\u0142adnik ekologiczny)<\/p>\n<p>SK\u0141ADNIKI ANALITYCZNE<br \/>bia\u0142ko surowe: 9,0 %<br \/>w\u0142\u00f3kno surowe: 0,4 %<br \/>zawarto\u015b\u0107 t\u0142uszczu: 7,5 %<br \/>popi\u00f3\u0142 surowy: 2,0 %<br \/>wilgotno\u015b\u0107: 81 %<\/p>\n<p>DODATKI DIETETYCZNE\/kg<br \/>cynk: 15 mg<br \/>mangan: 6 mg<br \/>mied\u017a: 1 mg<br \/>jod: 0,3 mg<br \/>witamina D3: 75 IU<br \/>witamina E: 30 mg<br \/>biotyna: 100 \u00b5g<\/p>\n<p>***2 x Pasztet z kurczakiem. <br \/>Sk\u0142adniki: mi\u0119so i produkty pochodzenia zwierz\u0119cego*: 40 % kurczak* (mi\u0119so*, tusza*, w\u0105troba*), wo\u0142owina* (p\u0142uca*, serce*, nerki*), glony* (algi suszone* 0,5 %), substancje mineralne, oleje i t\u0142uszcze* (olej s\u0142onecznikowy*). (*certyfikowany sk\u0142adnik ekologiczny)<\/p>\n<p>SK\u0141ADNIKI ANALITYCZNE<br \/>bia\u0142ko surowe: 8,5 %<br \/>w\u0142\u00f3kno surowe: 0,6 %<br \/>zawarto\u015b\u0107 t\u0142uszczu: 7,0 %<br \/>popi\u00f3\u0142 surowy: 2,0 %<br \/>wilgotno\u015b\u0107: 82 %<\/p>\n<p>DODATKI DIETETYCZNE\/kg<br \/>cynk: 15 mg<br \/>mangan: 6 mg<br \/>mied\u017a: 1 mg<br \/>jod: 0,3 mg<br \/>witamina D3: 75 IU<br \/>witamina E: 30 mg<br \/>biotyna: 100 \u00b5g<\/p>\n<p>***2 x Pasztet z wo\u0142owin\u0105 i kurczakiem. <br \/>Sk\u0142adniki: mi\u0119so i produkty pochodzenia zwierz\u0119cego*: 35 % wo\u0142owina* (p\u0142uca*, serce*, nerki*, w\u0105troba*), 20 % kurczak* (tusza*, mi\u0119so*), substancje mineralne, oleje i t\u0142uszcze* (olej s\u0142onecznikowy*), glony* ( suszona spirulina* 0,1 %). (*certyfikowany sk\u0142adnik ekologiczny)<\/p>\n<p>SK\u0141ADNIKI ANALITYCZNE<br \/>bia\u0142ko surowe: 8,5 %<br \/>w\u0142\u00f3kno surowe: 0,6 %<br \/>zawarto\u015b\u0107 t\u0142uszczu: 5,5 %<br \/>popi\u00f3\u0142 surowy: 2,0 %<br \/>wilgotno\u015b\u0107: 83 %<\/p>\n<p>DODATKI DIETETYCZNE\/kg<br \/>cynk: 15 mg<br \/>mangan: 6 mg<br \/>mied\u017a: 1 mg<br \/>jod: 0,3 mg<br \/>witamina D3: 75 IU<br \/>witamina E: 30 mg<br \/>biotyna: 100 \u00b5g<\/p>\n<p>OPIS<br \/>Karma dla psa pe\u0142noporcjowa. <br \/>Opakowanie zawiera: <br \/>2 x Pasztet z kurczakiem i indykiem.<br \/>2 x Pasztet z kurczakiem. <br \/>2 x Pasztet z wo\u0142owin\u0105 i kurczakiem.<\/p>\n<p>ZALECANE DZIENNE KARMIENIE<br \/>pies 3 kg: 300\/300\/375 g<br \/>pies 7 kg: 525\/600\/675 g<br \/>pies 12 kg: 825\/825\/975 g<br \/>pies 20 kg: 1200\/1200\/1425 g<br \/>( Pasztet z kurczakiem i indykiem\/Pasztet z kurczakiem\/ Pasztet z wo\u0142owin\u0105 i kurczakiem)<\/p>\n<p>UWAGA<br \/>Podawa\u0107 w temperaturze pokojowej. Nale\u017cy dostosowa\u0107 ilo\u015b\u0107 karmy do poziomu aktywno\u015bci i kondycji psa. Nale\u017cy zapewni\u0107 zwierz\u0119ciu sta\u0142y dost\u0119p do \u015bwie\u017cej wody. <\/p>\n<p>ZALECANE WARUNKI PRZECHOWYWANIA<br \/>Przechowywa\u0107 w ch\u0142odnym i suchym miejscu. Po otwarciu przechowywa\u0107 w lod\u00f3wce i spo\u017cy\u0107 w ci\u0105gu 2 dni.<\/p>","protected":false},"excerpt":{"rendered":"<p>SK\u0141ADNIKI ***2 x Pasztet z kurczakiem i indykiem. Sk\u0142adniki: mi\u0119so i produkty pochodzenia zwierz\u0119cego*: 30 % kurczak* (mi\u0119so*, tusza*, w\u0105troba*), wo\u0142owina* (p\u0142uca*, serce*, nerki*), indyk* 10 % (mi\u0119so*), produkty pochodzenia ro\u015blinnego* (0,0075 % suszony aloes*), substancje mineralne, oleje i t\u0142uszcze* (olej s\u0142onecznikowy*). (*certyfikowany sk\u0142adnik ekologiczny) SK\u0141ADNIKI ANALITYCZNEbia\u0142ko surowe: 9,0 %w\u0142\u00f3kno surowe: 0,4 %zawarto\u015b\u0107 t\u0142uszczu: 7,5 [&hellip;]<\/p>","protected":false},"featured_media":3108,"comment_status":"closed","ping_status":"open","template":"","meta":{"_acf_changed":false},"product_brand":[],"product_cat":[9054],"product_tag":[],"class_list":{"0":"post-3107","1":"product","2":"type-product","3":"status-publish","4":"has-post-thumbnail","6":"product_cat-karma-dla-zwierzat","7":"pa_ean-matka-2762","8":"pa_gwarancja-przydatnosci-311","9":"pa_ilosc-w-opakowaniu-543","10":"pa_jednostka-podstawowa-szt","11":"pa_kod-cn-2309-10-11","12":"pa_masa-netto-2760","13":"pa_objetosc-brutto-2761","14":"pa_producent-yarrah-karma-dla-kotow-i-psow","15":"pa_producent-nazwa-adres-premium-petfood-brands-b-v-putterweg-5-ermelo-postal-p-o-box-1214-nl-3840-be-harderwijk-the-netherlands","16":"pa_tagi-bez-cukru-w-skladnikach","17":"pa_tagi-bez-glutenu-w-skladnikach","18":"pa_tagi-certyfikat-bio","20":"first","21":"instock","22":"taxable","23":"shipping-taxable","24":"purchasable","25":"product-type-simple"},"acf":[],"_links":{"self":[{"href":"https:\/\/wiejskieprzysmaki.estima.site\/en\/wp-json\/wp\/v2\/product\/3107","targetHints":{"allow":["GET"]}}],"collection":[{"href":"https:\/\/wiejskieprzysmaki.estima.site\/en\/wp-json\/wp\/v2\/product"}],"about":[{"href":"https:\/\/wiejskieprzysmaki.estima.site\/en\/wp-json\/wp\/v2\/types\/product"}],"replies":[{"embeddable":true,"href":"https:\/\/wiejskieprzysmaki.estima.site\/en\/wp-json\/wp\/v2\/comments?post=3107"}],"wp:featuredmedia":[{"embeddable":true,"href":"https:\/\/wiejskieprzysmaki.estima.site\/en\/wp-json\/wp\/v2\/media\/3108"}],"wp:attachment":[{"href":"https:\/\/wiejskieprzysmaki.estima.site\/en\/wp-json\/wp\/v2\/media?parent=3107"}],"wp:term":[{"taxonomy":"product_brand","embeddable":true,"href":"https:\/\/wiejskieprzysmaki.estima.site\/en\/wp-json\/wp\/v2\/product_brand?post=3107"},{"taxonomy":"product_cat","embeddable":true,"href":"https:\/\/wiejskieprzysmaki.estima.site\/en\/wp-json\/wp\/v2\/product_cat?post=3107"},{"taxonomy":"product_tag","embeddable":true,"href":"https:\/\/wiejskieprzysmaki.estima.site\/en\/wp-json\/wp\/v2\/product_tag?post=3107"}],"curies":[{"name":"wp","href":"https:\/\/api.w.org\/{rel}","templated":true}]}}