{"id":3109,"date":"2025-02-18T10:48:37","date_gmt":"2025-02-18T09:48:37","guid":{"rendered":"https:\/\/wiejskieprzysmaki.estima.site\/produkt\/cukier-z-wanilia-bourbon-bezglutenowy-bio-4-x-8-g-32-g-biovegan\/"},"modified":"2025-02-18T10:48:49","modified_gmt":"2025-02-18T09:48:49","slug":"cukier-z-wanilia-bourbon-bezglutenowy-bio-4-x-8-g-32-g-biovegan","status":"publish","type":"product","link":"https:\/\/wiejskieprzysmaki.estima.site\/en\/product\/cukier-z-wanilia-bourbon-bezglutenowy-bio-4-x-8-g-32-g-biovegan\/","title":{"rendered":"CUKIER Z WANILI\u0104 BOURBON BEZGLUTENOWY BIO (4 x 8 g) 32 g &#8211; BIOVEGAN"},"content":{"rendered":"<p>SK\u0141ADNIKI<br \/>cukier trzcinowy*, wanilia Bourbon* (6,25 %) (*certyfikowany sk\u0142adnik ekologiczny)<\/p>\n<p>OPIS<br \/>Po\u0142\u0105czenie ekologicznego cukru trzcinowego z wanili\u0105 Bourbon. Nie zawiera \u015brodk\u00f3w aromatyzuj\u0105cych. Idealny dodatek do deser\u00f3w, ciast, krem\u00f3w oraz drink\u00f3w.<\/p>\n<p>SPOS\u00d3B U\u017bYCIA  <br \/>Zawarto\u015b\u0107 torebki wymiesza\u0107 z innymi sk\u0142adnikami. <br \/>Jedna torebka wystarczy na 500 g m\u0105ki, 500 ml deseru lub na 1 l cieczy.<\/p>\n<p>WARTO\u015a\u0106 OD\u017bYWCZA W 100 g<br \/>Warto\u015b\u0107 energetyczna: 1669 kJ\/393 kcal  <br \/>T\u0142uszcz: <0,5 g  <br \/>w tym kwasy t\u0142uszczowe nasycone: <0,1 g  <br \/>W\u0119glowodany: 97 g  <br \/>w tym cukry: 97 g  <br \/>B\u0142onnik: 1,8 g  <br \/>Bia\u0142ko: <0,5 g  <br \/>S\u00f3l: <0,01 g\n\nINFORMACJA ALERGENNA  <br \/>Mo\u017ce zawiera\u0107 MIGDA\u0141Y, GORCZYC\u0118, SOJ\u0118.<\/p>\n<p>ZALECANE WARUNKI PRZECHOWYWANIA<br \/>Przechowywa\u0107 w suchym i ch\u0142odnym miejscu<\/p>","protected":false},"excerpt":{"rendered":"<p>SK\u0141ADNIKIcukier trzcinowy*, wanilia Bourbon* (6,25 %) (*certyfikowany sk\u0142adnik ekologiczny) OPISPo\u0142\u0105czenie ekologicznego cukru trzcinowego z wanili\u0105 Bourbon. Nie zawiera \u015brodk\u00f3w aromatyzuj\u0105cych. Idealny dodatek do deser\u00f3w, ciast, krem\u00f3w oraz drink\u00f3w. SPOS\u00d3B U\u017bYCIA Zawarto\u015b\u0107 torebki wymiesza\u0107 z innymi sk\u0142adnikami. Jedna torebka wystarczy na 500 g m\u0105ki, 500 ml deseru lub na 1 l cieczy. WARTO\u015a\u0106 OD\u017bYWCZA W 100 [&hellip;]<\/p>","protected":false},"featured_media":3110,"comment_status":"closed","ping_status":"open","template":"","meta":{"_acf_changed":false},"product_brand":[],"product_cat":[36],"product_tag":[],"class_list":{"0":"post-3109","1":"product","2":"type-product","3":"status-publish","4":"has-post-thumbnail","6":"product_cat-dodatki-do-wypiekow-i-deserow","7":"pa_ean-matka-2764","8":"pa_gwarancja-przydatnosci-522","9":"pa_ilosc-w-opakowaniu-374","10":"pa_jednostka-podstawowa-szt","11":"pa_kod-cn-1701-91-00","12":"pa_kraj-pochodzenia-skladnikow-turcja","13":"pa_masa-netto-2302","14":"pa_objetosc-brutto-2763","15":"pa_producent-biovegan-dodatki-do-wypiekow-drozdze","16":"pa_producent-nazwa-adres-biovegan-gmbh-biovegan-allee-1-56579-bonefeld","17":"pa_tagi-bez-glutenu-deklaracja","18":"pa_tagi-bez-glutenu-w-skladnikach","19":"pa_tagi-certyfikat-bio","20":"pa_tagi-weganski","21":"pa_tagi-wegetarianski","23":"first","24":"instock","25":"taxable","26":"shipping-taxable","27":"purchasable","28":"product-type-simple"},"acf":[],"_links":{"self":[{"href":"https:\/\/wiejskieprzysmaki.estima.site\/en\/wp-json\/wp\/v2\/product\/3109","targetHints":{"allow":["GET"]}}],"collection":[{"href":"https:\/\/wiejskieprzysmaki.estima.site\/en\/wp-json\/wp\/v2\/product"}],"about":[{"href":"https:\/\/wiejskieprzysmaki.estima.site\/en\/wp-json\/wp\/v2\/types\/product"}],"replies":[{"embeddable":true,"href":"https:\/\/wiejskieprzysmaki.estima.site\/en\/wp-json\/wp\/v2\/comments?post=3109"}],"wp:featuredmedia":[{"embeddable":true,"href":"https:\/\/wiejskieprzysmaki.estima.site\/en\/wp-json\/wp\/v2\/media\/3110"}],"wp:attachment":[{"href":"https:\/\/wiejskieprzysmaki.estima.site\/en\/wp-json\/wp\/v2\/media?parent=3109"}],"wp:term":[{"taxonomy":"product_brand","embeddable":true,"href":"https:\/\/wiejskieprzysmaki.estima.site\/en\/wp-json\/wp\/v2\/product_brand?post=3109"},{"taxonomy":"product_cat","embeddable":true,"href":"https:\/\/wiejskieprzysmaki.estima.site\/en\/wp-json\/wp\/v2\/product_cat?post=3109"},{"taxonomy":"product_tag","embeddable":true,"href":"https:\/\/wiejskieprzysmaki.estima.site\/en\/wp-json\/wp\/v2\/product_tag?post=3109"}],"curies":[{"name":"wp","href":"https:\/\/api.w.org\/{rel}","templated":true}]}}