{"id":3121,"date":"2025-02-18T10:48:54","date_gmt":"2025-02-18T09:48:54","guid":{"rendered":"https:\/\/wiejskieprzysmaki.estima.site\/produkt\/maka-kasztanowa-bio-surowiec-20-kg\/"},"modified":"2025-02-18T10:48:54","modified_gmt":"2025-02-18T09:48:54","slug":"maka-kasztanowa-bio-surowiec-20-kg","status":"publish","type":"product","link":"https:\/\/wiejskieprzysmaki.estima.site\/en\/product\/maka-kasztanowa-bio-surowiec-20-kg\/","title":{"rendered":"M\u0104KA KASZTANOWA BIO (SUROWIEC) (20 kg)"},"content":{"rendered":"<p>SK\u0141ADNIKI<br \/>ekologiczna m\u0105ka kasztanowa 100 %.<\/p>\n<p>OPIS<br \/>Polecamy do wypieku chleba, ciast, nale\u015bnik\u00f3w, makaron\u00f3w. Bardzo dobrze miesza si\u0119 z innymi m\u0105kami, nadaje potrawom wyj\u0105tkowy smak<\/p>\n<p>WARTO\u015a\u0106 OD\u017bYWCZA W 100 g<br \/>Warto\u015b\u0107 energetyczna &#8211;  1540 kJ \/ 365 kcal<br \/>T\u0142uszcz &#8211; 3,7 g<br \/>w tym kwasy t\u0142uszczowe nasycone &#8211; 0,6 g<br \/>W\u0119glowodany &#8211; 72 g<br \/>w tym cukry &#8211; 22 g<br \/>Bia\u0142ko &#8211; 5,8 g<br \/>S\u00f3l &#8211; 0,03 g<\/p>\n<p>ZALECANE WARUNKI PRZECHOWYWANIA<br \/>Przechowywa\u0107 w suchym i ch\u0142odnym miejscu.<\/p>","protected":false},"excerpt":{"rendered":"<p>SK\u0141ADNIKIekologiczna m\u0105ka kasztanowa 100 %. OPISPolecamy do wypieku chleba, ciast, nale\u015bnik\u00f3w, makaron\u00f3w. Bardzo dobrze miesza si\u0119 z innymi m\u0105kami, nadaje potrawom wyj\u0105tkowy smak WARTO\u015a\u0106 OD\u017bYWCZA W 100 gWarto\u015b\u0107 energetyczna &#8211; 1540 kJ \/ 365 kcalT\u0142uszcz &#8211; 3,7 gw tym kwasy t\u0142uszczowe nasycone &#8211; 0,6 gW\u0119glowodany &#8211; 72 gw tym cukry &#8211; 22 gBia\u0142ko &#8211; 5,8 [&hellip;]<\/p>","protected":false},"featured_media":3122,"comment_status":"closed","ping_status":"open","template":"","meta":{"_acf_changed":false},"product_brand":[],"product_cat":[99,100],"product_tag":[],"class_list":{"0":"post-3121","1":"product","2":"type-product","3":"status-publish","4":"has-post-thumbnail","6":"product_cat-maki-i-skrobie","7":"product_cat-maki-naturalnie-bezglutenowe","8":"pa_ean-matka-2771","9":"pa_gwarancja-przydatnosci-324","10":"pa_ilosc-w-opakowaniu-327","11":"pa_jednostka-podstawowa-kg","12":"pa_kod-cn-1106-30-90","13":"pa_kraj-pochodzenia-skladnikow-wlochy","14":"pa_masa-netto-209","15":"pa_producent-horeca-bio-surowce","16":"pa_producent-nazwa-adres-bio-planet-s-a-wilkowa-wies-7-05-084-leszno","17":"pa_tagi-bez-cukru-w-skladnikach","18":"pa_tagi-bez-glutenu-w-skladnikach","19":"pa_tagi-certyfikat-bio","20":"pa_tagi-weganski","21":"pa_tagi-wegetarianski","23":"first","24":"instock","25":"taxable","26":"shipping-taxable","27":"purchasable","28":"product-type-simple"},"acf":[],"_links":{"self":[{"href":"https:\/\/wiejskieprzysmaki.estima.site\/en\/wp-json\/wp\/v2\/product\/3121","targetHints":{"allow":["GET"]}}],"collection":[{"href":"https:\/\/wiejskieprzysmaki.estima.site\/en\/wp-json\/wp\/v2\/product"}],"about":[{"href":"https:\/\/wiejskieprzysmaki.estima.site\/en\/wp-json\/wp\/v2\/types\/product"}],"replies":[{"embeddable":true,"href":"https:\/\/wiejskieprzysmaki.estima.site\/en\/wp-json\/wp\/v2\/comments?post=3121"}],"wp:featuredmedia":[{"embeddable":true,"href":"https:\/\/wiejskieprzysmaki.estima.site\/en\/wp-json\/wp\/v2\/media\/3122"}],"wp:attachment":[{"href":"https:\/\/wiejskieprzysmaki.estima.site\/en\/wp-json\/wp\/v2\/media?parent=3121"}],"wp:term":[{"taxonomy":"product_brand","embeddable":true,"href":"https:\/\/wiejskieprzysmaki.estima.site\/en\/wp-json\/wp\/v2\/product_brand?post=3121"},{"taxonomy":"product_cat","embeddable":true,"href":"https:\/\/wiejskieprzysmaki.estima.site\/en\/wp-json\/wp\/v2\/product_cat?post=3121"},{"taxonomy":"product_tag","embeddable":true,"href":"https:\/\/wiejskieprzysmaki.estima.site\/en\/wp-json\/wp\/v2\/product_tag?post=3121"}],"curies":[{"name":"wp","href":"https:\/\/api.w.org\/{rel}","templated":true}]}}