{"id":3133,"date":"2025-02-18T10:48:54","date_gmt":"2025-02-18T09:48:54","guid":{"rendered":"https:\/\/wiejskieprzysmaki.estima.site\/produkt\/tahini-pasta-sezamowa-bio-500-g-terrasana\/"},"modified":"2025-02-18T10:48:58","modified_gmt":"2025-02-18T09:48:58","slug":"tahini-pasta-sezamowa-bio-500-g-terrasana","status":"publish","type":"product","link":"https:\/\/wiejskieprzysmaki.estima.site\/en\/product\/tahini-pasta-sezamowa-bio-500-g-terrasana\/","title":{"rendered":"TAHINI (PASTA SEZAMOWA) BIO 500 g &#8211; TERRASANA"},"content":{"rendered":"<p>SK\u0141ADNIKI<br \/>pra\u017cone NASIONA SEZAMU* (*certyfikowany sk\u0142adnik ekologiczny)<\/p>\n<p>WARTO\u015a\u0106 OD\u017bYWCZA W 100 g <br \/>Warto\u015b\u0107 energetyczna &#8211; 2721 kJ\/658 kcal<br \/>T\u0142uszcz &#8211; 58 g<br \/>w tym kwasy t\u0142uszczowe nasycone &#8211; 8,4 g<br \/>W\u0119glowodany &#8211; 4,1 g<br \/>w tym cukry &#8211; 0,7 g<br \/>B\u0142onnik &#8211; 7,9 g<br \/>Bia\u0142ko &#8211; 26 g<br \/>S\u00f3l &#8211; 0 g<\/p>\n<p>INFORMACJA ALERGENNA<br \/>Mo\u017ce zawiera\u0107 ORZESZKI ZIEMNE i inne ORZECHY<\/p>\n<p>UWAGA<br \/>Warstwa oleju na wierzchu nie \u015bwiadczy o z\u0142ej jako\u015bci produktu. Krem nale\u017cy dobrze wymiesza\u0107.<\/p>\n<p>ZALECANE WARUNKI PRZECHOWYWANIA<br \/>Przechowywa\u0107 w suchym i ch\u0142odnym miejscu.<\/p>","protected":false},"excerpt":{"rendered":"<p>SK\u0141ADNIKIpra\u017cone NASIONA SEZAMU* (*certyfikowany sk\u0142adnik ekologiczny) WARTO\u015a\u0106 OD\u017bYWCZA W 100 g Warto\u015b\u0107 energetyczna &#8211; 2721 kJ\/658 kcalT\u0142uszcz &#8211; 58 gw tym kwasy t\u0142uszczowe nasycone &#8211; 8,4 gW\u0119glowodany &#8211; 4,1 gw tym cukry &#8211; 0,7 gB\u0142onnik &#8211; 7,9 gBia\u0142ko &#8211; 26 gS\u00f3l &#8211; 0 g INFORMACJA ALERGENNAMo\u017ce zawiera\u0107 ORZESZKI ZIEMNE i inne ORZECHY UWAGAWarstwa oleju na [&hellip;]<\/p>","protected":false},"featured_media":3134,"comment_status":"closed","ping_status":"open","template":"","meta":{"_acf_changed":false},"product_brand":[],"product_cat":[734],"product_tag":[],"class_list":{"0":"post-3133","1":"product","2":"type-product","3":"status-publish","4":"has-post-thumbnail","6":"product_cat-kremy-orzechowe-czekoladowe-tahini","7":"pa_ean-matka-2778","8":"pa_gwarancja-przydatnosci-522","9":"pa_ilosc-w-opakowaniu-298","10":"pa_jednostka-podstawowa-szt","11":"pa_kod-cn-2008-19-99","12":"pa_kraj-pochodzenia-skladnikow-turcja","13":"pa_masa-netto-347","14":"pa_objetosc-brutto-1679","15":"pa_producent-terrasana-kremy-makarony-sosy-sojowe-inne","16":"pa_producent-nazwa-adres-terrasana-natuurvoeding-b-v-waaier-10-2451-leimuiden","17":"pa_tagi-bez-cukru-w-skladnikach","18":"pa_tagi-bez-glutenu-w-skladnikach","19":"pa_tagi-certyfikat-bio","20":"pa_tagi-weganski","21":"pa_tagi-wegetarianski","23":"first","24":"instock","25":"taxable","26":"shipping-taxable","27":"purchasable","28":"product-type-simple"},"acf":[],"_links":{"self":[{"href":"https:\/\/wiejskieprzysmaki.estima.site\/en\/wp-json\/wp\/v2\/product\/3133","targetHints":{"allow":["GET"]}}],"collection":[{"href":"https:\/\/wiejskieprzysmaki.estima.site\/en\/wp-json\/wp\/v2\/product"}],"about":[{"href":"https:\/\/wiejskieprzysmaki.estima.site\/en\/wp-json\/wp\/v2\/types\/product"}],"replies":[{"embeddable":true,"href":"https:\/\/wiejskieprzysmaki.estima.site\/en\/wp-json\/wp\/v2\/comments?post=3133"}],"wp:featuredmedia":[{"embeddable":true,"href":"https:\/\/wiejskieprzysmaki.estima.site\/en\/wp-json\/wp\/v2\/media\/3134"}],"wp:attachment":[{"href":"https:\/\/wiejskieprzysmaki.estima.site\/en\/wp-json\/wp\/v2\/media?parent=3133"}],"wp:term":[{"taxonomy":"product_brand","embeddable":true,"href":"https:\/\/wiejskieprzysmaki.estima.site\/en\/wp-json\/wp\/v2\/product_brand?post=3133"},{"taxonomy":"product_cat","embeddable":true,"href":"https:\/\/wiejskieprzysmaki.estima.site\/en\/wp-json\/wp\/v2\/product_cat?post=3133"},{"taxonomy":"product_tag","embeddable":true,"href":"https:\/\/wiejskieprzysmaki.estima.site\/en\/wp-json\/wp\/v2\/product_tag?post=3133"}],"curies":[{"name":"wp","href":"https:\/\/api.w.org\/{rel}","templated":true}]}}