{"id":3135,"date":"2025-02-18T10:48:54","date_gmt":"2025-02-18T09:48:54","guid":{"rendered":"https:\/\/wiejskieprzysmaki.estima.site\/produkt\/spirulina-bio-150-tabletek-medicura\/"},"modified":"2025-02-20T15:14:04","modified_gmt":"2025-02-20T14:14:04","slug":"spirulina-bio-150-tabletek-medicura","status":"publish","type":"product","link":"https:\/\/wiejskieprzysmaki.estima.site\/en\/product\/spirulina-bio-150-tabletek-medicura\/","title":{"rendered":"SPIRULINA BIO 150 TABLETEK &#8211; MEDICURA"},"content":{"rendered":"<p>SK\u0141ADNIKI<br \/>ekologiczne algi spirulina platensis w proszku, substancja przeciwzbrylaj\u0105ca: dwutlenek krzemu.  <\/p>\n<p>OPIS<br \/>Suplement diety.<\/p>\n<p>ZALECANE SPO\u017bYCIE I INNE UWAGI<br \/>5 tabletek 3 razy dziennie popijaj\u0105c du\u017c\u0105 ilo\u015bci\u0105 wody.<br \/>Nie przekracza\u0107 zalecanej porcji do spo\u017cycia w ci\u0105gu dnia.<br \/>Suplementy diety nie mog\u0105 by\u0107 stosowane jako substytut (zamiennik) zr\u00f3\u017cnicowanej diety  <\/p>\n<p>ZALECANE WARUNKI PRZECHOWYWANIA  <br \/>Przechowywa\u0107 w suchym miejscu, w spos\u00f3b niedost\u0119pny dla ma\u0142ych dzieci. Chroni\u0107 przed \u015bwiat\u0142em oraz temperatur\u0105 powy\u017cej 25\u00b0C.<\/p>","protected":false},"excerpt":{"rendered":"<p>SK\u0141ADNIKIekologiczne algi spirulina platensis w proszku, substancja przeciwzbrylaj\u0105ca: dwutlenek krzemu. OPISSuplement diety. ZALECANE SPO\u017bYCIE I INNE UWAGI5 tabletek 3 razy dziennie popijaj\u0105c du\u017c\u0105 ilo\u015bci\u0105 wody.Nie przekracza\u0107 zalecanej porcji do spo\u017cycia w ci\u0105gu dnia.Suplementy diety nie mog\u0105 by\u0107 stosowane jako substytut (zamiennik) zr\u00f3\u017cnicowanej diety ZALECANE WARUNKI PRZECHOWYWANIA Przechowywa\u0107 w suchym miejscu, w spos\u00f3b niedost\u0119pny dla ma\u0142ych [&hellip;]<\/p>","protected":false},"featured_media":3136,"comment_status":"closed","ping_status":"open","template":"","meta":{"_acf_changed":false},"product_brand":[],"product_cat":[1497,9057],"product_tag":[],"class_list":{"0":"post-3135","1":"product","2":"type-product","3":"status-publish","4":"has-post-thumbnail","6":"product_cat-kapsulki-tabletki","7":"product_cat-suplementy-diety","8":"pa_ean-matka-2781","9":"pa_gwarancja-przydatnosci-522","10":"pa_ilosc-w-opakowaniu-2779","11":"pa_jednostka-podstawowa-szt","12":"pa_kod-cn-2102-20-90","13":"pa_kraj-pochodzenia-skladnikow-chiny","14":"pa_masa-netto-284","15":"pa_objetosc-brutto-2780","16":"pa_producent-medicura-soki-aloe-noni-goji-inne-superfood","17":"pa_producent-nazwa-adres-medicura-naturprodukte-ag-tulpenweg-6-97724-burglauer","18":"pa_tagi-bez-cukru-w-skladnikach","19":"pa_tagi-bez-glutenu-w-skladnikach","20":"pa_tagi-certyfikat-bio","21":"pa_tagi-weganski","22":"pa_tagi-wegetarianski","24":"first","25":"instock","26":"taxable","27":"shipping-taxable","28":"purchasable","29":"product-type-simple"},"acf":[],"_links":{"self":[{"href":"https:\/\/wiejskieprzysmaki.estima.site\/en\/wp-json\/wp\/v2\/product\/3135","targetHints":{"allow":["GET"]}}],"collection":[{"href":"https:\/\/wiejskieprzysmaki.estima.site\/en\/wp-json\/wp\/v2\/product"}],"about":[{"href":"https:\/\/wiejskieprzysmaki.estima.site\/en\/wp-json\/wp\/v2\/types\/product"}],"replies":[{"embeddable":true,"href":"https:\/\/wiejskieprzysmaki.estima.site\/en\/wp-json\/wp\/v2\/comments?post=3135"}],"wp:featuredmedia":[{"embeddable":true,"href":"https:\/\/wiejskieprzysmaki.estima.site\/en\/wp-json\/wp\/v2\/media\/3136"}],"wp:attachment":[{"href":"https:\/\/wiejskieprzysmaki.estima.site\/en\/wp-json\/wp\/v2\/media?parent=3135"}],"wp:term":[{"taxonomy":"product_brand","embeddable":true,"href":"https:\/\/wiejskieprzysmaki.estima.site\/en\/wp-json\/wp\/v2\/product_brand?post=3135"},{"taxonomy":"product_cat","embeddable":true,"href":"https:\/\/wiejskieprzysmaki.estima.site\/en\/wp-json\/wp\/v2\/product_cat?post=3135"},{"taxonomy":"product_tag","embeddable":true,"href":"https:\/\/wiejskieprzysmaki.estima.site\/en\/wp-json\/wp\/v2\/product_tag?post=3135"}],"curies":[{"name":"wp","href":"https:\/\/api.w.org\/{rel}","templated":true}]}}