{"id":3143,"date":"2025-02-18T10:48:54","date_gmt":"2025-02-18T09:48:54","guid":{"rendered":"https:\/\/wiejskieprzysmaki.estima.site\/produkt\/cukier-cytrynowy-bio-20-g-amylon\/"},"modified":"2025-02-18T10:49:02","modified_gmt":"2025-02-18T09:49:02","slug":"cukier-cytrynowy-bio-20-g-amylon","status":"publish","type":"product","link":"https:\/\/wiejskieprzysmaki.estima.site\/en\/product\/cukier-cytrynowy-bio-20-g-amylon\/","title":{"rendered":"CUKIER CYTRYNOWY BIO 20 g &#8211; AMYLON"},"content":{"rendered":"<p>SK\u0141ADNIKI<br \/>cukier trzcinowy*, mielona sk\u00f3rka cytrynowa* (2,5 %), aromat cytrynowy (*certyfikowany sk\u0142adnik ekologiczny)<\/p>\n<p>WARTO\u015a\u0106 OD\u017bYWCZA W 100 g<br \/>Waro\u015b\u0107 energetyczna: 1673 kJ \/ 394 kcal <br \/>T\u0142uszcz: 0,1 g <br \/>w tym kwasy t\u0142uszczowe nasycone: 0,1 g <br \/>W\u0119glowodany: 98,2 g <br \/>w tym cukry: 96,2 g <br \/>Bia\u0142ko: 0,2 g <br \/>S\u00f3l: 0,1 g<\/p>\n<p>INFORMACJA ALERGENNA<br \/>Mo\u017ce zawiera\u0107 GLUTEN, MLEKO (\u0142\u0105cznie z LAKTOZ\u0104) oraz JAJA.<\/p>\n<p>ZALECANE WARUNKI PRZECHOWYWANIA <br \/>Przechowywa\u0107 w suchym i ch\u0142odnym miejscu. <\/p>","protected":false},"excerpt":{"rendered":"<p>SK\u0141ADNIKIcukier trzcinowy*, mielona sk\u00f3rka cytrynowa* (2,5 %), aromat cytrynowy (*certyfikowany sk\u0142adnik ekologiczny) WARTO\u015a\u0106 OD\u017bYWCZA W 100 gWaro\u015b\u0107 energetyczna: 1673 kJ \/ 394 kcal T\u0142uszcz: 0,1 g w tym kwasy t\u0142uszczowe nasycone: 0,1 g W\u0119glowodany: 98,2 g w tym cukry: 96,2 g Bia\u0142ko: 0,2 g S\u00f3l: 0,1 g INFORMACJA ALERGENNAMo\u017ce zawiera\u0107 GLUTEN, MLEKO (\u0142\u0105cznie z LAKTOZ\u0104) [&hellip;]<\/p>","protected":false},"featured_media":3144,"comment_status":"closed","ping_status":"open","template":"","meta":{"_acf_changed":false},"product_brand":[],"product_cat":[36],"product_tag":[],"class_list":{"0":"post-3143","1":"product","2":"type-product","3":"status-publish","4":"has-post-thumbnail","6":"product_cat-dodatki-do-wypiekow-i-deserow","7":"pa_ean-matka-2789","8":"pa_gwarancja-przydatnosci-522","9":"pa_ilosc-w-opakowaniu-1287","10":"pa_jednostka-podstawowa-szt","11":"pa_kod-cn-1701-91-00","12":"pa_masa-netto-737","13":"pa_objetosc-brutto-1280","14":"pa_producent-amylon-budynie-galaretkikisielecukry-skrobie","15":"pa_producent-nazwa-adres-amylon-a-s-svermova-117-580-36-havlickuv-brod","16":"pa_tagi-bez-glutenu-w-skladnikach","17":"pa_tagi-certyfikat-bio","18":"pa_tagi-weganski","19":"pa_tagi-wegetarianski","21":"first","22":"instock","23":"taxable","24":"shipping-taxable","25":"purchasable","26":"product-type-simple"},"acf":[],"_links":{"self":[{"href":"https:\/\/wiejskieprzysmaki.estima.site\/en\/wp-json\/wp\/v2\/product\/3143","targetHints":{"allow":["GET"]}}],"collection":[{"href":"https:\/\/wiejskieprzysmaki.estima.site\/en\/wp-json\/wp\/v2\/product"}],"about":[{"href":"https:\/\/wiejskieprzysmaki.estima.site\/en\/wp-json\/wp\/v2\/types\/product"}],"replies":[{"embeddable":true,"href":"https:\/\/wiejskieprzysmaki.estima.site\/en\/wp-json\/wp\/v2\/comments?post=3143"}],"wp:featuredmedia":[{"embeddable":true,"href":"https:\/\/wiejskieprzysmaki.estima.site\/en\/wp-json\/wp\/v2\/media\/3144"}],"wp:attachment":[{"href":"https:\/\/wiejskieprzysmaki.estima.site\/en\/wp-json\/wp\/v2\/media?parent=3143"}],"wp:term":[{"taxonomy":"product_brand","embeddable":true,"href":"https:\/\/wiejskieprzysmaki.estima.site\/en\/wp-json\/wp\/v2\/product_brand?post=3143"},{"taxonomy":"product_cat","embeddable":true,"href":"https:\/\/wiejskieprzysmaki.estima.site\/en\/wp-json\/wp\/v2\/product_cat?post=3143"},{"taxonomy":"product_tag","embeddable":true,"href":"https:\/\/wiejskieprzysmaki.estima.site\/en\/wp-json\/wp\/v2\/product_tag?post=3143"}],"curies":[{"name":"wp","href":"https:\/\/api.w.org\/{rel}","templated":true}]}}