{"id":3145,"date":"2025-02-18T10:48:54","date_gmt":"2025-02-18T09:48:54","guid":{"rendered":"https:\/\/wiejskieprzysmaki.estima.site\/produkt\/witamina-c-1000-mg-500-g-batom\/"},"modified":"2025-02-20T15:14:04","modified_gmt":"2025-02-20T14:14:04","slug":"witamina-c-1000-mg-500-g-batom","status":"publish","type":"product","link":"https:\/\/wiejskieprzysmaki.estima.site\/en\/product\/witamina-c-1000-mg-500-g-batom\/","title":{"rendered":"WITAMINA C (1000 mg) 500 g &#8211; BATOM"},"content":{"rendered":"<p>SK\u0141ADNIKI<br \/>Witamina C (kwas L-askorbinowy)<\/p>\n<p>OPIS<br \/>Suplementy diety. Witamina C wspomaga funkcjonowanie uk\u0142adu nerwowego i odporno\u015bciowego, przyczynia si\u0119 do zmniejszenia uczucia zm\u0119czenia i znu\u017cenia. Witamina C BATOM jest produktem naturalnego pochodzenia, pozyskiwana jest ze skrobi kukurydzianej w wyniku dwustopniowej fermentacji. Ta metoda produkcji witaminy C zosta\u0142a opracowana w latach 60-tych dwudziestego wieku w Chinach i jest tam powszechnie stosowana. <\/p>\n<p>ZALECANE SPO\u017bYCIE I INNE UWAGI<br \/>Wymiesza\u0107 1 g produktu (1 ml wed\u0142ug za\u0142\u0105czonej miarki = 1 g) z 250 ml wody. Sk\u0142adniki aktywne w 1 g: witamina C 1000 mg (1250% Dziennej Referencyjnej Warto\u015bci Spo\u017cycia)<br \/>Nie przekracza\u0107 zalecanej porcji do spo\u017cycia w ci\u0105gu dnia. Suplement diety nie mo\u017ce by\u0107 stosowany jako substytut zr\u00f3\u017cnicowanej diety. Produkt nie jest przeznaczony dla os\u00f3b ze sk\u0142onno\u015bciami do kamicy nerkowej, uczulonych na witamin\u0119 C.<\/p>\n<p>INFORMACJA ALERGENNA<br \/>Produkt mo\u017ce zawiera\u0107 ZBO\u017bA ZAWIERAJ\u0104CE GLUTEN, ORZECHY, SOJ\u0118, SELER i SEZAM.<\/p>\n<p>ZALECANE WARUNKI PRZECHOWYWANIA<br \/>Przechowywa\u0107 w suchym i ch\u0142odnym miejscu, w spos\u00f3b niedost\u0119pny dla ma\u0142ych dzieci. <\/p>","protected":false},"excerpt":{"rendered":"<p>SK\u0141ADNIKIWitamina C (kwas L-askorbinowy) OPISSuplementy diety. Witamina C wspomaga funkcjonowanie uk\u0142adu nerwowego i odporno\u015bciowego, przyczynia si\u0119 do zmniejszenia uczucia zm\u0119czenia i znu\u017cenia. Witamina C BATOM jest produktem naturalnego pochodzenia, pozyskiwana jest ze skrobi kukurydzianej w wyniku dwustopniowej fermentacji. Ta metoda produkcji witaminy C zosta\u0142a opracowana w latach 60-tych dwudziestego wieku w Chinach i jest tam [&hellip;]<\/p>","protected":false},"featured_media":3146,"comment_status":"closed","ping_status":"open","template":"","meta":{"_acf_changed":false},"product_brand":[],"product_cat":[290,9057],"product_tag":[],"class_list":{"0":"post-3145","1":"product","2":"type-product","3":"status-publish","4":"has-post-thumbnail","6":"product_cat-produkty-sproszkowane","7":"product_cat-suplementy-diety","8":"pa_ean-matka-2792","9":"pa_gwarancja-przydatnosci-311","10":"pa_ilosc-w-opakowaniu-374","11":"pa_jednostka-podstawowa-szt","12":"pa_kod-cn-2936-27-00","13":"pa_kraj-pochodzenia-skladnikow-chiny","14":"pa_masa-netto-347","15":"pa_objetosc-brutto-2791","16":"pa_producent-batom-oleje-soki-sole-kapielowe","17":"pa_producent-nazwa-adres-batom-pl-jozef-lesniak-hurtownia-zdrowej-zywnosci-generala-augusta-fieldorfa-nila-17-31-209-krakow","18":"pa_tagi-bez-cukru-w-skladnikach","19":"pa_tagi-bez-glutenu-w-skladnikach","20":"pa_tagi-weganski","21":"pa_tagi-wegetarianski","23":"first","24":"instock","25":"taxable","26":"shipping-taxable","27":"purchasable","28":"product-type-simple"},"acf":[],"_links":{"self":[{"href":"https:\/\/wiejskieprzysmaki.estima.site\/en\/wp-json\/wp\/v2\/product\/3145","targetHints":{"allow":["GET"]}}],"collection":[{"href":"https:\/\/wiejskieprzysmaki.estima.site\/en\/wp-json\/wp\/v2\/product"}],"about":[{"href":"https:\/\/wiejskieprzysmaki.estima.site\/en\/wp-json\/wp\/v2\/types\/product"}],"replies":[{"embeddable":true,"href":"https:\/\/wiejskieprzysmaki.estima.site\/en\/wp-json\/wp\/v2\/comments?post=3145"}],"wp:featuredmedia":[{"embeddable":true,"href":"https:\/\/wiejskieprzysmaki.estima.site\/en\/wp-json\/wp\/v2\/media\/3146"}],"wp:attachment":[{"href":"https:\/\/wiejskieprzysmaki.estima.site\/en\/wp-json\/wp\/v2\/media?parent=3145"}],"wp:term":[{"taxonomy":"product_brand","embeddable":true,"href":"https:\/\/wiejskieprzysmaki.estima.site\/en\/wp-json\/wp\/v2\/product_brand?post=3145"},{"taxonomy":"product_cat","embeddable":true,"href":"https:\/\/wiejskieprzysmaki.estima.site\/en\/wp-json\/wp\/v2\/product_cat?post=3145"},{"taxonomy":"product_tag","embeddable":true,"href":"https:\/\/wiejskieprzysmaki.estima.site\/en\/wp-json\/wp\/v2\/product_tag?post=3145"}],"curies":[{"name":"wp","href":"https:\/\/api.w.org\/{rel}","templated":true}]}}