{"id":3151,"date":"2025-02-18T10:48:54","date_gmt":"2025-02-18T09:48:54","guid":{"rendered":"https:\/\/wiejskieprzysmaki.estima.site\/produkt\/sok-z-rokitnika-nfc-bio-330-ml-medicura\/"},"modified":"2025-02-18T10:49:05","modified_gmt":"2025-02-18T09:49:05","slug":"sok-z-rokitnika-nfc-bio-330-ml-medicura","status":"publish","type":"product","link":"https:\/\/wiejskieprzysmaki.estima.site\/en\/product\/sok-z-rokitnika-nfc-bio-330-ml-medicura\/","title":{"rendered":"SOK Z ROKITNIKA NFC BIO 330 ml &#8211; MEDICURA"},"content":{"rendered":"<p>SK\u0141ADNIKI<br \/>bezpo\u015bredni sok z rokitnika* 100 %.<br \/>(*certyfikowany sk\u0142adnik ekologiczny)<\/p>\n<p>OPIS<br \/>Sok bezpo\u015brednio t\u0142oczony NFC (nie z koncentratu) z owoc\u00f3w ekologicznego rokitnika.<br \/>Produkt pasteryzowany.<\/p>\n<p>WARTO\u015a\u0106 OD\u017bYWCZA w 100 ml<br \/>Warto\u015b\u0107 energetyczna &#8211; 121 kJ\/29 kcal <br \/>T\u0142uszcz &#8211; 1 g <br \/>w tym kwasy t\u0142uszczowe nasycone &#8211; 0,2 g <br \/>W\u0119glowodany &#8211; 4,0 g <br \/>w tym cukry &#8211; 4,0 g <br \/>B\u0142onnik &#8211; &lt;0,5 g <br \/>Bia\u0142ko &#8211; 0,8 g <br \/>S\u00f3l &#8211; &lt;0,05 g <\/p>\n<p>ZALECANE WARUNKI PRZECHOWYWANIA <br \/>Po otwarciu przechowywa\u0107 w lod\u00f3wce. <\/p>","protected":false},"excerpt":{"rendered":"<p>SK\u0141ADNIKIbezpo\u015bredni sok z rokitnika* 100 %.(*certyfikowany sk\u0142adnik ekologiczny) OPISSok bezpo\u015brednio t\u0142oczony NFC (nie z koncentratu) z owoc\u00f3w ekologicznego rokitnika.Produkt pasteryzowany. WARTO\u015a\u0106 OD\u017bYWCZA w 100 mlWarto\u015b\u0107 energetyczna &#8211; 121 kJ\/29 kcal T\u0142uszcz &#8211; 1 g w tym kwasy t\u0142uszczowe nasycone &#8211; 0,2 g W\u0119glowodany &#8211; 4,0 g w tym cukry &#8211; 4,0 g B\u0142onnik &#8211; &lt;0,5 [&hellip;]<\/p>","protected":false},"featured_media":3152,"comment_status":"closed","ping_status":"open","template":"","meta":{"_acf_changed":false},"product_brand":[],"product_cat":[134,410],"product_tag":[],"class_list":{"0":"post-3151","1":"product","2":"type-product","3":"status-publish","4":"has-post-thumbnail","6":"product_cat-napoje","7":"product_cat-soki-owocowe-soki-owocowe-z-dodatkami","8":"pa_ean-matka-2795","9":"pa_gwarancja-przydatnosci-522","10":"pa_ilosc-w-opakowaniu-327","11":"pa_jednostka-podstawowa-szt","12":"pa_kod-cn-2009-89-99","13":"pa_kraj-pochodzenia-skladnikow-niemcy","14":"pa_objetosc-brutto-2603","15":"pa_objetosc-netto-1012","16":"pa_producent-medicura-soki-aloe-noni-goji-inne-superfood","17":"pa_producent-nazwa-adres-medicura-naturprodukte-ag-tulpenweg-6-97724-burglauer","18":"pa_tagi-bez-cukru-w-skladnikach","19":"pa_tagi-bez-glutenu-w-skladnikach","20":"pa_tagi-certyfikat-bio","21":"pa_tagi-weganski","22":"pa_tagi-wegetarianski","24":"first","25":"instock","26":"taxable","27":"shipping-taxable","28":"purchasable","29":"product-type-simple"},"acf":[],"_links":{"self":[{"href":"https:\/\/wiejskieprzysmaki.estima.site\/en\/wp-json\/wp\/v2\/product\/3151","targetHints":{"allow":["GET"]}}],"collection":[{"href":"https:\/\/wiejskieprzysmaki.estima.site\/en\/wp-json\/wp\/v2\/product"}],"about":[{"href":"https:\/\/wiejskieprzysmaki.estima.site\/en\/wp-json\/wp\/v2\/types\/product"}],"replies":[{"embeddable":true,"href":"https:\/\/wiejskieprzysmaki.estima.site\/en\/wp-json\/wp\/v2\/comments?post=3151"}],"wp:featuredmedia":[{"embeddable":true,"href":"https:\/\/wiejskieprzysmaki.estima.site\/en\/wp-json\/wp\/v2\/media\/3152"}],"wp:attachment":[{"href":"https:\/\/wiejskieprzysmaki.estima.site\/en\/wp-json\/wp\/v2\/media?parent=3151"}],"wp:term":[{"taxonomy":"product_brand","embeddable":true,"href":"https:\/\/wiejskieprzysmaki.estima.site\/en\/wp-json\/wp\/v2\/product_brand?post=3151"},{"taxonomy":"product_cat","embeddable":true,"href":"https:\/\/wiejskieprzysmaki.estima.site\/en\/wp-json\/wp\/v2\/product_cat?post=3151"},{"taxonomy":"product_tag","embeddable":true,"href":"https:\/\/wiejskieprzysmaki.estima.site\/en\/wp-json\/wp\/v2\/product_tag?post=3151"}],"curies":[{"name":"wp","href":"https:\/\/api.w.org\/{rel}","templated":true}]}}