{"id":3159,"date":"2025-02-18T10:48:54","date_gmt":"2025-02-18T09:48:54","guid":{"rendered":"https:\/\/wiejskieprzysmaki.estima.site\/produkt\/chlorella-bio-400-mg-150-tabletek-medicura\/"},"modified":"2025-02-20T15:14:04","modified_gmt":"2025-02-20T14:14:04","slug":"chlorella-bio-400-mg-150-tabletek-medicura","status":"publish","type":"product","link":"https:\/\/wiejskieprzysmaki.estima.site\/en\/product\/chlorella-bio-400-mg-150-tabletek-medicura\/","title":{"rendered":"CHLORELLA BIO (400 mg) 150 TABLETEK &#8211; MEDICURA"},"content":{"rendered":"<p>SK\u0141ADNIKI  <br \/>sproszkowane algi chlorella vulgaris* (*certyfikowany sk\u0142adnik ekologiczny)  <\/p>\n<p>OPIS  <br \/>Suplement diety.<\/p>\n<p>WARTO\u015a\u0106 OD\u017bYWCZA W 100 g<br \/>Warto\u015b\u0107 energetyczna: 1448 kJ\/346 kcal  <br \/>T\u0142uszcz: 11,5 g  <br \/>w tym kwasy nasycone: 0,2 g  <br \/>W\u0119glowodany: 16,7 g  <br \/>w tym cukry 0 g  <br \/>Bia\u0142ko: 60,2 g  <br \/>S\u00f3l: 0,1 g  <\/p>\n<p>ZALECANE SPO\u017bYCIE I INNE UWAGI<br \/>5 pastylek 3 razy dziennie popijaj\u0105c du\u017c\u0105 ilo\u015bci\u0105 wody<br \/>Nie nale\u017cy przekracza\u0107 zalecanej porcji do spo\u017cycia w ci\u0105gu dnia. <br \/>Suplement diety nie mo\u017ce by\u0107 stosowany jako substytut (zamiennik) zro\u017cnicowanej diety.<\/p>\n<p>ZALECANE WARUNKI PRZECHOWYWANIA  <br \/>Przechowywa\u0107 w suchym miejscu, chroni\u0107 przed \u015bwiat\u0142em oraz temperatur\u0105 powy\u017cej 25\u00b0C. <br \/>Przechowywa\u0107 w spos\u00f3b niedost\u0119pny dla ma\u0142ych dzieci.<\/p>","protected":false},"excerpt":{"rendered":"<p>SK\u0141ADNIKI sproszkowane algi chlorella vulgaris* (*certyfikowany sk\u0142adnik ekologiczny) OPIS Suplement diety. WARTO\u015a\u0106 OD\u017bYWCZA W 100 gWarto\u015b\u0107 energetyczna: 1448 kJ\/346 kcal T\u0142uszcz: 11,5 g w tym kwasy nasycone: 0,2 g W\u0119glowodany: 16,7 g w tym cukry 0 g Bia\u0142ko: 60,2 g S\u00f3l: 0,1 g ZALECANE SPO\u017bYCIE I INNE UWAGI5 pastylek 3 razy dziennie popijaj\u0105c du\u017c\u0105 ilo\u015bci\u0105 [&hellip;]<\/p>","protected":false},"featured_media":3160,"comment_status":"closed","ping_status":"open","template":"","meta":{"_acf_changed":false},"product_brand":[],"product_cat":[1497,9057],"product_tag":[],"class_list":{"0":"post-3159","1":"product","2":"type-product","3":"status-publish","4":"has-post-thumbnail","6":"product_cat-kapsulki-tabletki","7":"product_cat-suplementy-diety","8":"pa_ean-matka-2802","9":"pa_gwarancja-przydatnosci-522","10":"pa_ilosc-w-opakowaniu-2779","11":"pa_jednostka-podstawowa-szt","12":"pa_kod-cn-2102-20-90","13":"pa_kraj-pochodzenia-skladnikow-chiny","14":"pa_masa-netto-284","15":"pa_objetosc-brutto-2780","16":"pa_producent-medicura-soki-aloe-noni-goji-inne-superfood","17":"pa_producent-nazwa-adres-medicura-naturprodukte-ag-tulpenweg-6-97724-burglauer","18":"pa_tagi-bez-cukru-w-skladnikach","19":"pa_tagi-bez-glutenu-w-skladnikach","20":"pa_tagi-certyfikat-bio","21":"pa_tagi-weganski","22":"pa_tagi-wegetarianski","24":"first","25":"instock","26":"taxable","27":"shipping-taxable","28":"purchasable","29":"product-type-simple"},"acf":[],"_links":{"self":[{"href":"https:\/\/wiejskieprzysmaki.estima.site\/en\/wp-json\/wp\/v2\/product\/3159","targetHints":{"allow":["GET"]}}],"collection":[{"href":"https:\/\/wiejskieprzysmaki.estima.site\/en\/wp-json\/wp\/v2\/product"}],"about":[{"href":"https:\/\/wiejskieprzysmaki.estima.site\/en\/wp-json\/wp\/v2\/types\/product"}],"replies":[{"embeddable":true,"href":"https:\/\/wiejskieprzysmaki.estima.site\/en\/wp-json\/wp\/v2\/comments?post=3159"}],"wp:featuredmedia":[{"embeddable":true,"href":"https:\/\/wiejskieprzysmaki.estima.site\/en\/wp-json\/wp\/v2\/media\/3160"}],"wp:attachment":[{"href":"https:\/\/wiejskieprzysmaki.estima.site\/en\/wp-json\/wp\/v2\/media?parent=3159"}],"wp:term":[{"taxonomy":"product_brand","embeddable":true,"href":"https:\/\/wiejskieprzysmaki.estima.site\/en\/wp-json\/wp\/v2\/product_brand?post=3159"},{"taxonomy":"product_cat","embeddable":true,"href":"https:\/\/wiejskieprzysmaki.estima.site\/en\/wp-json\/wp\/v2\/product_cat?post=3159"},{"taxonomy":"product_tag","embeddable":true,"href":"https:\/\/wiejskieprzysmaki.estima.site\/en\/wp-json\/wp\/v2\/product_tag?post=3159"}],"curies":[{"name":"wp","href":"https:\/\/api.w.org\/{rel}","templated":true}]}}