{"id":3163,"date":"2025-02-18T10:49:09","date_gmt":"2025-02-18T09:49:09","guid":{"rendered":"https:\/\/wiejskieprzysmaki.estima.site\/produkt\/pasta-kremowa-z-mango-i-curry-bezglutenowa-bio-140-g-allos\/"},"modified":"2025-02-20T15:17:43","modified_gmt":"2025-02-20T14:17:43","slug":"pasta-kremowa-z-mango-i-curry-bezglutenowa-bio-140-g-allos","status":"publish","type":"product","link":"https:\/\/wiejskieprzysmaki.estima.site\/en\/product\/pasta-kremowa-z-mango-i-curry-bezglutenowa-bio-140-g-allos\/","title":{"rendered":"PASTA KREMOWA Z MANGO I CURRY BEZGLUTENOWA BIO 140 g &#8211; ALLOS"},"content":{"rendered":"<p>SK\u0141ADNIKI<br \/>olej s\u0142onecznikowy*, puree z mango* (25 %), sok pomara\u0144czowy z koncentratu*, nasiona s\u0142onecznika*, woda, sok cytrynowy z koncentratu*, syrop z agawy*, nap\u00f3j kokosowy* (mi\u0105\u017csz z kokosa*, woda), curry* (1 %)(kolendra*, kurkuma*, koper w\u0142oski*, kozieradka*, kminek*, imbir*, cebula*, papryka*, czosnek*, cynamon*, chili*), s\u00f3l morska, ocet owocowy*, bia\u0142ko ro\u015blinne* (z nasion s\u0142onecznika*), skrobia z tapioki*, bia\u0142y pieprz*, chili w proszku*. (*certyfikowany sk\u0142adnik ekologiczny)<\/p>\n<p>OPIS<br \/>Najlepiej sprawdza si\u0119 do kanapek i r\u00f3\u017cnego rodzaju przek\u0105sek. Zastosowanie zale\u017cy od w\u0142asnego pomys\u0142u. Bogaty smak produktu zosta\u0142 osi\u0105gni\u0119ty dzi\u0119ki najlepszym sk\u0142adnikom.<br \/>Idealna do \u015bniadania, kolacji, czy nawet jako dodatek do obiadu.<\/p>\n<p>WARTO\u015a\u0106 OD\u017bYWCZA W 100 g<br \/>Warto\u015b\u0107 energetyczna &#8211; 1330 kJ\/321 kcal <br \/>T\u0142uszcz &#8211; 28 g <br \/>w tym kwasy t\u0142uszczowe nasycone &#8211; 2,6 g <br \/>W\u0119glowodany &#8211; 13 g <br \/>w tym cukry &#8211; 9,3 g <br \/>B\u0142onnik &#8211; 1,9 g <br \/>Bia\u0142ko &#8211; 3,4 g <br \/>S\u00f3l &#8211; 1,3 g<\/p>\n<p>ZALECANE WARUNKI PRZECHOWYWANIA<br \/>Po otwarciu przechowywa\u0107 w lod\u00f3wce i spo\u017cy\u0107 w ci\u0105gu kilku dni. <\/p>","protected":false},"excerpt":{"rendered":"<p>SK\u0141ADNIKIolej s\u0142onecznikowy*, puree z mango* (25 %), sok pomara\u0144czowy z koncentratu*, nasiona s\u0142onecznika*, woda, sok cytrynowy z koncentratu*, syrop z agawy*, nap\u00f3j kokosowy* (mi\u0105\u017csz z kokosa*, woda), curry* (1 %)(kolendra*, kurkuma*, koper w\u0142oski*, kozieradka*, kminek*, imbir*, cebula*, papryka*, czosnek*, cynamon*, chili*), s\u00f3l morska, ocet owocowy*, bia\u0142ko ro\u015blinne* (z nasion s\u0142onecznika*), skrobia z tapioki*, bia\u0142y pieprz*, [&hellip;]<\/p>","protected":false},"featured_media":3164,"comment_status":"closed","ping_status":"open","template":"","meta":{"_acf_changed":false},"product_brand":[],"product_cat":[434,998],"product_tag":[],"class_list":{"0":"post-3163","1":"product","2":"type-product","3":"status-publish","4":"has-post-thumbnail","6":"product_cat-pasty-i-przetwory-wege-nie-chlodnia","7":"product_cat-przetwory-warzywne-i-owocowe","8":"pa_ean-matka-2804","9":"pa_gwarancja-przydatnosci-1635","10":"pa_ilosc-w-opakowaniu-298","11":"pa_jednostka-podstawowa-szt","12":"pa_kod-cn-2106-90-98","13":"pa_masa-netto-1330","14":"pa_objetosc-brutto-1249","15":"pa_producent-allos-musy-musli-chalwa-syrop-z-agawy","16":"pa_producent-nazwa-adres-allos-hof-manufaktur-gmbh-hoerneckestrasse-39-28217-bremen","17":"pa_tagi-bez-glutenu-deklaracja","18":"pa_tagi-bez-glutenu-w-skladnikach","19":"pa_tagi-certyfikat-bio","20":"pa_tagi-weganski","21":"pa_tagi-wegetarianski","23":"first","24":"instock","25":"taxable","26":"shipping-taxable","27":"purchasable","28":"product-type-simple"},"acf":[],"_links":{"self":[{"href":"https:\/\/wiejskieprzysmaki.estima.site\/en\/wp-json\/wp\/v2\/product\/3163","targetHints":{"allow":["GET"]}}],"collection":[{"href":"https:\/\/wiejskieprzysmaki.estima.site\/en\/wp-json\/wp\/v2\/product"}],"about":[{"href":"https:\/\/wiejskieprzysmaki.estima.site\/en\/wp-json\/wp\/v2\/types\/product"}],"replies":[{"embeddable":true,"href":"https:\/\/wiejskieprzysmaki.estima.site\/en\/wp-json\/wp\/v2\/comments?post=3163"}],"wp:featuredmedia":[{"embeddable":true,"href":"https:\/\/wiejskieprzysmaki.estima.site\/en\/wp-json\/wp\/v2\/media\/3164"}],"wp:attachment":[{"href":"https:\/\/wiejskieprzysmaki.estima.site\/en\/wp-json\/wp\/v2\/media?parent=3163"}],"wp:term":[{"taxonomy":"product_brand","embeddable":true,"href":"https:\/\/wiejskieprzysmaki.estima.site\/en\/wp-json\/wp\/v2\/product_brand?post=3163"},{"taxonomy":"product_cat","embeddable":true,"href":"https:\/\/wiejskieprzysmaki.estima.site\/en\/wp-json\/wp\/v2\/product_cat?post=3163"},{"taxonomy":"product_tag","embeddable":true,"href":"https:\/\/wiejskieprzysmaki.estima.site\/en\/wp-json\/wp\/v2\/product_tag?post=3163"}],"curies":[{"name":"wp","href":"https:\/\/api.w.org\/{rel}","templated":true}]}}