{"id":3177,"date":"2025-02-18T10:49:09","date_gmt":"2025-02-18T09:49:09","guid":{"rendered":"https:\/\/wiejskieprzysmaki.estima.site\/produkt\/wafle-kukurydziane-bezglutenowe-bio-120-g-fiorentini\/"},"modified":"2025-02-18T10:49:17","modified_gmt":"2025-02-18T09:49:17","slug":"wafle-kukurydziane-bezglutenowe-bio-120-g-fiorentini","status":"publish","type":"product","link":"https:\/\/wiejskieprzysmaki.estima.site\/en\/product\/wafle-kukurydziane-bezglutenowe-bio-120-g-fiorentini\/","title":{"rendered":"WAFLE KUKURYDZIANE BEZGLUTENOWE BIO 120 g &#8211; FIORENTINI"},"content":{"rendered":"<p>SK\u0141ADNIKI  <br \/>kukurydza* (99 %), olej kukurydziany*, s\u00f3l morska (*certyfikowany sk\u0142adnik ekologiczny)<\/p>\n<p>WARTO\u015a\u0106 OD\u017bYWCZA W 100 g<br \/>Warto\u015b\u0107 energetyczna 1627 kJ\/383 kcal  <br \/>T\u0142uszcz: 1,2 g<br \/>w tym kwasy nasycone: 0,2 g<br \/>W\u0119glowodany: 85 g<br \/>w tym cukry: 0,4 g<br \/>B\u0142onnik: 1,9 g<br \/>Bia\u0142ko: 7,4 g<br \/>S\u00f3l: 0,5 g  <\/p>\n<p>ZALECANE WARUNKI PRZECHOWYWANIA<br \/>Przechowywa\u0107 w suchym i ch\u0142odnym miejscu  <\/p>","protected":false},"excerpt":{"rendered":"<p>SK\u0141ADNIKI kukurydza* (99 %), olej kukurydziany*, s\u00f3l morska (*certyfikowany sk\u0142adnik ekologiczny) WARTO\u015a\u0106 OD\u017bYWCZA W 100 gWarto\u015b\u0107 energetyczna 1627 kJ\/383 kcal T\u0142uszcz: 1,2 gw tym kwasy nasycone: 0,2 gW\u0119glowodany: 85 gw tym cukry: 0,4 gB\u0142onnik: 1,9 gBia\u0142ko: 7,4 gS\u00f3l: 0,5 g ZALECANE WARUNKI PRZECHOWYWANIAPrzechowywa\u0107 w suchym i ch\u0142odnym miejscu<\/p>","protected":false},"featured_media":3178,"comment_status":"closed","ping_status":"open","template":"","meta":{"_acf_changed":false},"product_brand":[],"product_cat":[64,1079],"product_tag":[],"class_list":{"0":"post-3177","1":"product","2":"type-product","3":"status-publish","4":"has-post-thumbnail","6":"product_cat-pieczywo","7":"product_cat-pieczywo-chrupkie","8":"pa_ean-matka-2817","9":"pa_gwarancja-przydatnosci-324","10":"pa_ilosc-w-opakowaniu-374","11":"pa_jednostka-podstawowa-szt","12":"pa_kod-cn-1904-10-10","13":"pa_kraj-pochodzenia-skladnikow-turcja","14":"pa_masa-netto-411","15":"pa_objetosc-brutto-2816","16":"pa_producent-fiorentini-przekaski-bezglutenowe","17":"pa_producent-nazwa-adres-fiorentini-alimentari-spa-strada-del-francese-156-10156-torino","18":"pa_tagi-bez-cukru-w-skladnikach","19":"pa_tagi-bez-glutenu-deklaracja","20":"pa_tagi-bez-glutenu-w-skladnikach","21":"pa_tagi-certyfikat-bio","22":"pa_tagi-weganski","23":"pa_tagi-wegetarianski","25":"first","26":"instock","27":"taxable","28":"shipping-taxable","29":"purchasable","30":"product-type-simple"},"acf":[],"_links":{"self":[{"href":"https:\/\/wiejskieprzysmaki.estima.site\/en\/wp-json\/wp\/v2\/product\/3177","targetHints":{"allow":["GET"]}}],"collection":[{"href":"https:\/\/wiejskieprzysmaki.estima.site\/en\/wp-json\/wp\/v2\/product"}],"about":[{"href":"https:\/\/wiejskieprzysmaki.estima.site\/en\/wp-json\/wp\/v2\/types\/product"}],"replies":[{"embeddable":true,"href":"https:\/\/wiejskieprzysmaki.estima.site\/en\/wp-json\/wp\/v2\/comments?post=3177"}],"wp:featuredmedia":[{"embeddable":true,"href":"https:\/\/wiejskieprzysmaki.estima.site\/en\/wp-json\/wp\/v2\/media\/3178"}],"wp:attachment":[{"href":"https:\/\/wiejskieprzysmaki.estima.site\/en\/wp-json\/wp\/v2\/media?parent=3177"}],"wp:term":[{"taxonomy":"product_brand","embeddable":true,"href":"https:\/\/wiejskieprzysmaki.estima.site\/en\/wp-json\/wp\/v2\/product_brand?post=3177"},{"taxonomy":"product_cat","embeddable":true,"href":"https:\/\/wiejskieprzysmaki.estima.site\/en\/wp-json\/wp\/v2\/product_cat?post=3177"},{"taxonomy":"product_tag","embeddable":true,"href":"https:\/\/wiejskieprzysmaki.estima.site\/en\/wp-json\/wp\/v2\/product_tag?post=3177"}],"curies":[{"name":"wp","href":"https:\/\/api.w.org\/{rel}","templated":true}]}}