{"id":3187,"date":"2025-02-18T10:49:09","date_gmt":"2025-02-18T09:49:09","guid":{"rendered":"https:\/\/wiejskieprzysmaki.estima.site\/produkt\/tofu-naturalne-bio-300-g-solida-food\/"},"modified":"2025-02-18T10:49:20","modified_gmt":"2025-02-18T09:49:20","slug":"tofu-naturalne-bio-300-g-solida-food","status":"publish","type":"product","link":"https:\/\/wiejskieprzysmaki.estima.site\/en\/product\/tofu-naturalne-bio-300-g-solida-food\/","title":{"rendered":"TOFU NATURALNE BIO 300 g &#8211; SOLIDA FOOD"},"content":{"rendered":"<p>SK\u0141ADNIKI<br \/>SOJA*, woda, substancja wi\u0105\u017c\u0105ca: chlorek wapnia, chlorek magnezu. (*certyfikowany sk\u0142adnik ekologiczny)<\/p>\n<p>WARTO\u015a\u0106 OD\u017bYWCZA W 100 g<br \/>Warto\u015b\u0107 energetyczna: 507 kJ\/122 kcal  <br \/>T\u0142uszcz: 7,9  g  <br \/>w tym kwasy t\u0142uszczowe nasycone: 1,8 g  <br \/>W\u0119glowodany: 1,9 g  <br \/>w tym cukry: 0 g<br \/>Bia\u0142ko: 10,8 g  <br \/>S\u00f3l: 0 g<\/p>\n<p>ZALECANE WARUNKI PRZECHOWYWANIA<br \/>Przechowywa\u0107 w temperaturze od +2 do +8\u00b0C. Po otwarciu przechowywa\u0107 w \u015bwie\u017cej, zimnej wodzie i spo\u017cy\u0107 w ci\u0105gu kilku dni.<\/p>","protected":false},"excerpt":{"rendered":"<p>SK\u0141ADNIKISOJA*, woda, substancja wi\u0105\u017c\u0105ca: chlorek wapnia, chlorek magnezu. (*certyfikowany sk\u0142adnik ekologiczny) WARTO\u015a\u0106 OD\u017bYWCZA W 100 gWarto\u015b\u0107 energetyczna: 507 kJ\/122 kcal T\u0142uszcz: 7,9 g w tym kwasy t\u0142uszczowe nasycone: 1,8 g W\u0119glowodany: 1,9 g w tym cukry: 0 gBia\u0142ko: 10,8 g S\u00f3l: 0 g ZALECANE WARUNKI PRZECHOWYWANIAPrzechowywa\u0107 w temperaturze od +2 do +8\u00b0C. Po otwarciu przechowywa\u0107 [&hellip;]<\/p>","protected":false},"featured_media":3188,"comment_status":"closed","ping_status":"open","template":"","meta":{"_acf_changed":false},"product_brand":[],"product_cat":[274,484],"product_tag":[],"class_list":{"0":"post-3187","1":"product","2":"type-product","3":"status-publish","4":"has-post-thumbnail","6":"product_cat-lodowka-inne","7":"product_cat-roslinne-alternatywy-sera-miesa","8":"pa_ean-matka-2827","9":"pa_gwarancja-przydatnosci-481","10":"pa_ilosc-w-opakowaniu-1287","11":"pa_jednostka-podstawowa-szt","12":"pa_kod-cn-2106-90-92","13":"pa_kraj-pochodzenia-skladnikow-chiny","14":"pa_masa-netto-207","15":"pa_objetosc-brutto-1317","16":"pa_producent-solida-food-tofu-sojowe","17":"pa_producent-nazwa-adres-solida-food-sp-z-o-o-kuropatwy-23a-05-500-mysiadlo","18":"pa_tagi-bez-cukru-w-skladnikach","19":"pa_tagi-bez-glutenu-w-skladnikach","20":"pa_tagi-certyfikat-bio","21":"pa_tagi-weganski","22":"pa_tagi-wegetarianski","24":"first","25":"instock","26":"taxable","27":"shipping-taxable","28":"purchasable","29":"product-type-simple"},"acf":[],"_links":{"self":[{"href":"https:\/\/wiejskieprzysmaki.estima.site\/en\/wp-json\/wp\/v2\/product\/3187","targetHints":{"allow":["GET"]}}],"collection":[{"href":"https:\/\/wiejskieprzysmaki.estima.site\/en\/wp-json\/wp\/v2\/product"}],"about":[{"href":"https:\/\/wiejskieprzysmaki.estima.site\/en\/wp-json\/wp\/v2\/types\/product"}],"replies":[{"embeddable":true,"href":"https:\/\/wiejskieprzysmaki.estima.site\/en\/wp-json\/wp\/v2\/comments?post=3187"}],"wp:featuredmedia":[{"embeddable":true,"href":"https:\/\/wiejskieprzysmaki.estima.site\/en\/wp-json\/wp\/v2\/media\/3188"}],"wp:attachment":[{"href":"https:\/\/wiejskieprzysmaki.estima.site\/en\/wp-json\/wp\/v2\/media?parent=3187"}],"wp:term":[{"taxonomy":"product_brand","embeddable":true,"href":"https:\/\/wiejskieprzysmaki.estima.site\/en\/wp-json\/wp\/v2\/product_brand?post=3187"},{"taxonomy":"product_cat","embeddable":true,"href":"https:\/\/wiejskieprzysmaki.estima.site\/en\/wp-json\/wp\/v2\/product_cat?post=3187"},{"taxonomy":"product_tag","embeddable":true,"href":"https:\/\/wiejskieprzysmaki.estima.site\/en\/wp-json\/wp\/v2\/product_tag?post=3187"}],"curies":[{"name":"wp","href":"https:\/\/api.w.org\/{rel}","templated":true}]}}