{"id":3211,"date":"2025-02-18T10:49:24","date_gmt":"2025-02-18T09:49:24","guid":{"rendered":"https:\/\/wiejskieprzysmaki.estima.site\/produkt\/herbatka-hibiskus-bio-50-g-dary-natury\/"},"modified":"2025-02-18T10:49:28","modified_gmt":"2025-02-18T09:49:28","slug":"herbatka-hibiskus-bio-50-g-dary-natury","status":"publish","type":"product","link":"https:\/\/wiejskieprzysmaki.estima.site\/en\/product\/herbatka-hibiskus-bio-50-g-dary-natury\/","title":{"rendered":"HERBATKA HIBISKUS BIO 50 g &#8211; DARY NATURY"},"content":{"rendered":"<p>SK\u0141ADNIKI <br \/>kwiat hibiskusa* 100 % (*certyfikowany sk\u0142adnik ekologiczny)<\/p>\n<p>OPIS <br \/>Kwiaty hibiskusa nadaj\u0105 napojom pi\u0119knej, rubinowej barwy oraz orze\u017awiaj\u0105cego, kwaskowego smaku.<br \/>Wp\u0142ywaj\u0105 korzystnie na stan naczy\u0144 krwiono\u015bnych oraz dzia\u0142aj\u0105 energetyzuj\u0105co na organizm.<br \/>Zr\u00f3wnowa\u017cony spos\u00f3b \u017cywienia i zdrowy tryb \u017cycia s\u0105 podstaw\u0105 zapewnienia prawid\u0142owego funkcjonowania organizmu.<\/p>\n<p>SPOS\u00d3B PRZYGOTOWANIA<br \/>1 \u0142y\u017ceczk\u0119 herbatki zala\u0107 szklank\u0105 wrz\u0105tku i pozostawi\u0107 pod przykryciem do zaparzenia na oko\u0142o 10-15 minut. Pi\u0107 1-2 razy dziennie.<\/p>\n<p>ZALECANE WARUNKI PRZECHOWYWANIA<br \/>Przechowywa\u0107 w suchym miejscu.<\/p>","protected":false},"excerpt":{"rendered":"<p>SK\u0141ADNIKI kwiat hibiskusa* 100 % (*certyfikowany sk\u0142adnik ekologiczny) OPIS Kwiaty hibiskusa nadaj\u0105 napojom pi\u0119knej, rubinowej barwy oraz orze\u017awiaj\u0105cego, kwaskowego smaku.Wp\u0142ywaj\u0105 korzystnie na stan naczy\u0144 krwiono\u015bnych oraz dzia\u0142aj\u0105 energetyzuj\u0105co na organizm.Zr\u00f3wnowa\u017cony spos\u00f3b \u017cywienia i zdrowy tryb \u017cycia s\u0105 podstaw\u0105 zapewnienia prawid\u0142owego funkcjonowania organizmu. SPOS\u00d3B PRZYGOTOWANIA1 \u0142y\u017ceczk\u0119 herbatki zala\u0107 szklank\u0105 wrz\u0105tku i pozostawi\u0107 pod przykryciem do zaparzenia [&hellip;]<\/p>","protected":false},"featured_media":3212,"comment_status":"closed","ping_status":"open","template":"","meta":{"_acf_changed":false},"product_brand":[],"product_cat":[282,283],"product_tag":[],"class_list":{"0":"post-3211","1":"product","2":"type-product","3":"status-publish","4":"has-post-thumbnail","6":"product_cat-herbaty-i-ziola","7":"product_cat-ziolowe-owocowe-jednorodne","8":"pa_ean-matka-2843","9":"pa_gwarancja-przydatnosci-320","10":"pa_ilosc-w-opakowaniu-327","11":"pa_jednostka-podstawowa-szt","12":"pa_kod-cn-2106-90-92","13":"pa_kraj-pochodzenia-skladnikow-egipt","14":"pa_masa-netto-461","15":"pa_objetosc-brutto-2839","16":"pa_producent-dary-natury-herbatki","17":"pa_producent-nazwa-adres-miroslaw-angielczyk-dary-natury-koryciny-73-17-315-grodzisk","18":"pa_tagi-bez-cukru-w-skladnikach","19":"pa_tagi-bez-glutenu-w-skladnikach","20":"pa_tagi-certyfikat-bio","21":"pa_tagi-weganski","22":"pa_tagi-wegetarianski","24":"first","25":"instock","26":"taxable","27":"shipping-taxable","28":"purchasable","29":"product-type-simple"},"acf":[],"_links":{"self":[{"href":"https:\/\/wiejskieprzysmaki.estima.site\/en\/wp-json\/wp\/v2\/product\/3211","targetHints":{"allow":["GET"]}}],"collection":[{"href":"https:\/\/wiejskieprzysmaki.estima.site\/en\/wp-json\/wp\/v2\/product"}],"about":[{"href":"https:\/\/wiejskieprzysmaki.estima.site\/en\/wp-json\/wp\/v2\/types\/product"}],"replies":[{"embeddable":true,"href":"https:\/\/wiejskieprzysmaki.estima.site\/en\/wp-json\/wp\/v2\/comments?post=3211"}],"wp:featuredmedia":[{"embeddable":true,"href":"https:\/\/wiejskieprzysmaki.estima.site\/en\/wp-json\/wp\/v2\/media\/3212"}],"wp:attachment":[{"href":"https:\/\/wiejskieprzysmaki.estima.site\/en\/wp-json\/wp\/v2\/media?parent=3211"}],"wp:term":[{"taxonomy":"product_brand","embeddable":true,"href":"https:\/\/wiejskieprzysmaki.estima.site\/en\/wp-json\/wp\/v2\/product_brand?post=3211"},{"taxonomy":"product_cat","embeddable":true,"href":"https:\/\/wiejskieprzysmaki.estima.site\/en\/wp-json\/wp\/v2\/product_cat?post=3211"},{"taxonomy":"product_tag","embeddable":true,"href":"https:\/\/wiejskieprzysmaki.estima.site\/en\/wp-json\/wp\/v2\/product_tag?post=3211"}],"curies":[{"name":"wp","href":"https:\/\/api.w.org\/{rel}","templated":true}]}}