{"id":3219,"date":"2025-02-18T10:49:24","date_gmt":"2025-02-18T09:49:24","guid":{"rendered":"https:\/\/wiejskieprzysmaki.estima.site\/produkt\/herbatka-rozana-bio-100-g-dary-natury\/"},"modified":"2025-02-18T10:49:31","modified_gmt":"2025-02-18T09:49:31","slug":"herbatka-rozana-bio-100-g-dary-natury","status":"publish","type":"product","link":"https:\/\/wiejskieprzysmaki.estima.site\/en\/product\/herbatka-rozana-bio-100-g-dary-natury\/","title":{"rendered":"HERBATKA R\u00d3\u017bANA BIO 100 g &#8211; DARY NATURY"},"content":{"rendered":"<p>SK\u0141ADNIKI <br \/>owoc r\u00f3\u017cy* 92 %, kwiat hibiskusa* 5 %, p\u0142atki r\u00f3\u017cy* 3 % (*certyfikowany sk\u0142adnik ekologiczny)<\/p>\n<p>OPIS<br \/>\u015awie\u017cy, smaczny napar o pi\u0119knym, rubinowym kolorze, doskonale orze\u017awia i pobudza organizm do dzia\u0142ania. Z powodzeniem mo\u017cna nim zast\u0105pi\u0107 inne codzienne napoje. \u015awietnie smakuje zar\u00f3wno na zimno jak i na gor\u0105co, pozwalaj\u0105c delektowa\u0107 si\u0119 naturalnym bogactwem owocu r\u00f3\u017cy.<\/p>\n<p>SPOS\u00d3B PRZYGOTOWANIA <br \/>Jedn\u0105 \u0142y\u017ceczk\u0119 owoc\u00f3w r\u00f3\u017cy zala\u0107 szklanka wrz\u0105tku i pozostawi\u0107 pod przykryciem do zaparzenia na oko\u0142o 10-15 minut.<\/p>\n<p>ZALECANE WARUNKI PRZECHOWYWANIA <br \/>Przechowywa\u0107 w suchym miejscu.<\/p>","protected":false},"excerpt":{"rendered":"<p>SK\u0141ADNIKI owoc r\u00f3\u017cy* 92 %, kwiat hibiskusa* 5 %, p\u0142atki r\u00f3\u017cy* 3 % (*certyfikowany sk\u0142adnik ekologiczny) OPIS\u015awie\u017cy, smaczny napar o pi\u0119knym, rubinowym kolorze, doskonale orze\u017awia i pobudza organizm do dzia\u0142ania. Z powodzeniem mo\u017cna nim zast\u0105pi\u0107 inne codzienne napoje. \u015awietnie smakuje zar\u00f3wno na zimno jak i na gor\u0105co, pozwalaj\u0105c delektowa\u0107 si\u0119 naturalnym bogactwem owocu r\u00f3\u017cy. SPOS\u00d3B [&hellip;]<\/p>","protected":false},"featured_media":3220,"comment_status":"closed","ping_status":"open","template":"","meta":{"_acf_changed":false},"product_brand":[],"product_cat":[282,478],"product_tag":[],"class_list":{"0":"post-3219","1":"product","2":"type-product","3":"status-publish","4":"has-post-thumbnail","6":"product_cat-herbaty-i-ziola","7":"product_cat-ziolowe-owocowe-mieszanki","8":"pa_ean-matka-2847","9":"pa_gwarancja-przydatnosci-522","10":"pa_ilosc-w-opakowaniu-327","11":"pa_jednostka-podstawowa-szt","12":"pa_kod-cn-2106-90-92","13":"pa_masa-netto-242","14":"pa_objetosc-brutto-2839","15":"pa_producent-dary-natury-herbatki","16":"pa_producent-nazwa-adres-miroslaw-angielczyk-dary-natury-koryciny-73-17-315-grodzisk","17":"pa_tagi-bez-cukru-w-skladnikach","18":"pa_tagi-bez-glutenu-w-skladnikach","19":"pa_tagi-certyfikat-bio","20":"pa_tagi-weganski","21":"pa_tagi-wegetarianski","23":"first","24":"instock","25":"taxable","26":"shipping-taxable","27":"purchasable","28":"product-type-simple"},"acf":[],"_links":{"self":[{"href":"https:\/\/wiejskieprzysmaki.estima.site\/en\/wp-json\/wp\/v2\/product\/3219","targetHints":{"allow":["GET"]}}],"collection":[{"href":"https:\/\/wiejskieprzysmaki.estima.site\/en\/wp-json\/wp\/v2\/product"}],"about":[{"href":"https:\/\/wiejskieprzysmaki.estima.site\/en\/wp-json\/wp\/v2\/types\/product"}],"replies":[{"embeddable":true,"href":"https:\/\/wiejskieprzysmaki.estima.site\/en\/wp-json\/wp\/v2\/comments?post=3219"}],"wp:featuredmedia":[{"embeddable":true,"href":"https:\/\/wiejskieprzysmaki.estima.site\/en\/wp-json\/wp\/v2\/media\/3220"}],"wp:attachment":[{"href":"https:\/\/wiejskieprzysmaki.estima.site\/en\/wp-json\/wp\/v2\/media?parent=3219"}],"wp:term":[{"taxonomy":"product_brand","embeddable":true,"href":"https:\/\/wiejskieprzysmaki.estima.site\/en\/wp-json\/wp\/v2\/product_brand?post=3219"},{"taxonomy":"product_cat","embeddable":true,"href":"https:\/\/wiejskieprzysmaki.estima.site\/en\/wp-json\/wp\/v2\/product_cat?post=3219"},{"taxonomy":"product_tag","embeddable":true,"href":"https:\/\/wiejskieprzysmaki.estima.site\/en\/wp-json\/wp\/v2\/product_tag?post=3219"}],"curies":[{"name":"wp","href":"https:\/\/api.w.org\/{rel}","templated":true}]}}