{"id":3233,"date":"2025-02-18T10:49:24","date_gmt":"2025-02-18T09:49:24","guid":{"rendered":"https:\/\/wiejskieprzysmaki.estima.site\/produkt\/herbatka-z-szyszek-chmielu-bio-20-g-dary-natury\/"},"modified":"2025-02-18T10:49:36","modified_gmt":"2025-02-18T09:49:36","slug":"herbatka-z-szyszek-chmielu-bio-20-g-dary-natury","status":"publish","type":"product","link":"https:\/\/wiejskieprzysmaki.estima.site\/en\/product\/herbatka-z-szyszek-chmielu-bio-20-g-dary-natury\/","title":{"rendered":"HERBATKA Z SZYSZEK CHMIELU BIO 20 g &#8211; DARY NATURY"},"content":{"rendered":"<p>SK\u0141ADNIKI  <br \/>chmiel* 100 %. (*certyfikowany sk\u0142adnik ekologiczny)<\/p>\n<p>OPIS  <br \/>Ekologiczna herbatka z szyszek chmielu. Mo\u017cn\u0105 ni\u0105 zast\u0105pi\u0107 inne codzienne napoje. <\/p>\n<p>SPOS\u00d3B PRZYGOTOWANIA  <br \/>Jedn\u0105 \u0142y\u017ceczk\u0119 zala\u0107 szklank\u0105 wrz\u0105tku i pozostawi\u0107 pod przykryciem do zaparzenia na oko\u0142o 10-15 minut. Pi\u0107 1-2 razy dziennie.<\/p>\n<p>ZALECANE WARUNKI PRZECHOWYWANIA  <br \/>Przechowywa\u0107 w suchym miejscu.<\/p>","protected":false},"excerpt":{"rendered":"<p>SK\u0141ADNIKI chmiel* 100 %. (*certyfikowany sk\u0142adnik ekologiczny) OPIS Ekologiczna herbatka z szyszek chmielu. Mo\u017cn\u0105 ni\u0105 zast\u0105pi\u0107 inne codzienne napoje. SPOS\u00d3B PRZYGOTOWANIA Jedn\u0105 \u0142y\u017ceczk\u0119 zala\u0107 szklank\u0105 wrz\u0105tku i pozostawi\u0107 pod przykryciem do zaparzenia na oko\u0142o 10-15 minut. Pi\u0107 1-2 razy dziennie. ZALECANE WARUNKI PRZECHOWYWANIA Przechowywa\u0107 w suchym miejscu.<\/p>","protected":false},"featured_media":3234,"comment_status":"closed","ping_status":"open","template":"","meta":{"_acf_changed":false},"product_brand":[],"product_cat":[282,283],"product_tag":[],"class_list":{"0":"post-3233","1":"product","2":"type-product","3":"status-publish","4":"has-post-thumbnail","6":"product_cat-herbaty-i-ziola","7":"product_cat-ziolowe-owocowe-jednorodne","8":"pa_ean-matka-2855","9":"pa_gwarancja-przydatnosci-522","10":"pa_ilosc-w-opakowaniu-1287","11":"pa_jednostka-podstawowa-szt","12":"pa_kod-cn-1210-10-00","13":"pa_masa-netto-737","14":"pa_objetosc-brutto-2067","15":"pa_producent-dary-natury-herbatki","16":"pa_producent-nazwa-adres-miroslaw-angielczyk-dary-natury-koryciny-73-17-315-grodzisk","17":"pa_tagi-bez-cukru-w-skladnikach","18":"pa_tagi-bez-glutenu-w-skladnikach","19":"pa_tagi-certyfikat-bio","20":"pa_tagi-weganski","21":"pa_tagi-wegetarianski","23":"first","24":"instock","25":"taxable","26":"shipping-taxable","27":"purchasable","28":"product-type-simple"},"acf":[],"_links":{"self":[{"href":"https:\/\/wiejskieprzysmaki.estima.site\/en\/wp-json\/wp\/v2\/product\/3233","targetHints":{"allow":["GET"]}}],"collection":[{"href":"https:\/\/wiejskieprzysmaki.estima.site\/en\/wp-json\/wp\/v2\/product"}],"about":[{"href":"https:\/\/wiejskieprzysmaki.estima.site\/en\/wp-json\/wp\/v2\/types\/product"}],"replies":[{"embeddable":true,"href":"https:\/\/wiejskieprzysmaki.estima.site\/en\/wp-json\/wp\/v2\/comments?post=3233"}],"wp:featuredmedia":[{"embeddable":true,"href":"https:\/\/wiejskieprzysmaki.estima.site\/en\/wp-json\/wp\/v2\/media\/3234"}],"wp:attachment":[{"href":"https:\/\/wiejskieprzysmaki.estima.site\/en\/wp-json\/wp\/v2\/media?parent=3233"}],"wp:term":[{"taxonomy":"product_brand","embeddable":true,"href":"https:\/\/wiejskieprzysmaki.estima.site\/en\/wp-json\/wp\/v2\/product_brand?post=3233"},{"taxonomy":"product_cat","embeddable":true,"href":"https:\/\/wiejskieprzysmaki.estima.site\/en\/wp-json\/wp\/v2\/product_cat?post=3233"},{"taxonomy":"product_tag","embeddable":true,"href":"https:\/\/wiejskieprzysmaki.estima.site\/en\/wp-json\/wp\/v2\/product_tag?post=3233"}],"curies":[{"name":"wp","href":"https:\/\/api.w.org\/{rel}","templated":true}]}}